{"id":118307,"date":"2025-10-21T00:00:00","date_gmt":"2025-10-21T05:00:00","guid":{"rendered":"https:\/\/gpl-love.com\/es\/?post_type=product&#038;p=118307"},"modified":"2026-03-09T07:46:27","modified_gmt":"2026-03-09T12:46:27","slug":"learnpress-collections","status":"publish","type":"product","link":"https:\/\/gpl-love.com\/es\/producto\/learnpress-collections\/","title":{"rendered":"LearnPress Collections 4.0.4"},"content":{"rendered":"<h3>LearnPress Collections Caracteristicas<\/h3>\n<p>LearnPress Collections, un sistema de gesti\u00f3n de aprendizaje innovador y de vanguardia, se ha desarrollado espec\u00edficamente para proporcionar a los maestros y estudiantes una interfaz altamente din\u00e1mica y f\u00e1cil de usar. Este producto excepcional no solo capacita a los maestros, sino que tambi\u00e9n les permite crear y administrar efectivamente colecciones personalizadas de cursos, cuestionarios y tareas, lo que facilita el proceso de adaptar su enfoque de ense\u00f1anza a las necesidades e intereses \u00fanicos e individuales de sus estudiantes. Adem\u00e1s, los estudiantes tambi\u00e9n est\u00e1n muy ventajados por este notable producto, ya que les otorga acceso a una amplia gama de recursos educativos de primer nivel que se han personalizado meticulosamente para adaptarse a sus propias preferencias y estilos de aprendizaje. Adem\u00e1s, LearnPress Collections est\u00e1 equipado con una variedad de herramientas de an\u00e1lisis poderosas y sofisticadas, lo que permite a los maestros rastrear sin esfuerzo el progreso de sus estudiantes e identificar con precisi\u00f3n \u00e1reas espec\u00edficas donde se puede requerir m\u00e1s apoyo y orientaci\u00f3n. En general, es evidente que LearnPress Collections representa una herramienta absolutamente indispensable y vital para cada educador dedicado que est\u00e9 decidido a mejorar significativamente la experiencia general de aprendizaje y, en \u00faltima instancia, mejorar los resultados educativos de sus estudiantes.<\/p>\n<ul>\n<li>Permite a los usuarios organizar cursos en colecciones para el acceso simplificado<\/li>\n<li>Personaliza f\u00e1cilmente la visualizaci\u00f3n de colecciones con plantillas y jerarqu\u00edas<\/li>\n<li>Se integra a la perfecci\u00f3n con LearnPress LMS para una f\u00e1cil configuraci\u00f3n y uso<\/li>\n<li>Ofrece una variedad de tipos de colecci\u00f3n, que incluyen sujeto, basado en temas y creado<\/li>\n<li>Proporciona una interfaz simple de arrastrar y soltar para administrar y reorganizar cursos dentro de las colecciones<\/li>\n<li>Permite a los usuarios compartir colecciones con otros, incluidos estudiantes, instructores o colegas<\/li>\n<li>Ofrece control granular sobre el acceso a las colecciones en el nivel de usuario, grupo y curso<\/li>\n<li>Permite a los usuarios mostrar prominentemente colecciones destacadas en la p\u00e1gina de inicio de su LMS<\/li>\n<li>Proporciona an\u00e1lisis detallados sobre la participaci\u00f3n de los estudiantes con colecciones, incluidas vistas, inscripciones y terminaciones<\/li>\n<li>Admite una amplia gama de contenido multimedia y interactivo, incluidos videos, cuestionarios, tareas y m\u00e1s.<\/li>\n<\/ul>\n","protected":false},"excerpt":{"rendered":"<p>LearnPress Collections, un sistema de gesti\u00f3n de aprendizaje incre\u00edblemente robusto, ha sido meticulosamente elaborado para facilitar la organizaci\u00f3n y la administraci\u00f3n de los materiales de su curso en l\u00ednea. Este complemento excepcional otorga a los usuarios la capacidad de modelar colecciones hechas a medida que consisten en lecciones, cuestionarios y una gran cantidad de otro contenido educativo, simplificando as\u00ed el proceso de monitorear el avance de los estudiantes y fomentar un entorno propicio para un aprendizaje efectivo. La interfaz notablemente f\u00e1cil de usar, junto con las innumerables caracter\u00edsticas personalizables ofrecidas, garantiza un medio perfecto y altamente eficiente para administrar el contenido de su curso mientras cautivan activamente a los alumnos. Los instructores que utilizan las colecciones LearnPress generar\u00e1n, organizar\u00e1n y difundir\u00e1n los materiales del curso cautivador a sus ansiosos estudiantes.<\/p>\n","protected":false},"featured_media":166594,"comment_status":"open","ping_status":"open","template":"","meta":[],"product_brand":[2486],"product_cat":[1214,1206,1211],"product_tag":[2137],"class_list":{"0":"post-118307","1":"product","2":"type-product","3":"status-publish","4":"has-post-thumbnail","6":"product_brand-learnpress","7":"product_cat-personalizacion","8":"product_cat-plugins","9":"product_cat-wordpress-plugins","10":"product_tag-learnpress","11":"member-discount","12":"discount-restricted","14":"first","15":"instock","16":"sale","17":"downloadable","18":"virtual","19":"sold-individually","20":"purchasable","21":"product-type-simple"},"_links":{"self":[{"href":"https:\/\/gpl-love.com\/es\/wp-json\/wp\/v2\/product\/118307","targetHints":{"allow":["GET"]}}],"collection":[{"href":"https:\/\/gpl-love.com\/es\/wp-json\/wp\/v2\/product"}],"about":[{"href":"https:\/\/gpl-love.com\/es\/wp-json\/wp\/v2\/types\/product"}],"replies":[{"embeddable":true,"href":"https:\/\/gpl-love.com\/es\/wp-json\/wp\/v2\/comments?post=118307"}],"wp:featuredmedia":[{"embeddable":true,"href":"https:\/\/gpl-love.com\/es\/wp-json\/wp\/v2\/media\/166594"}],"wp:attachment":[{"href":"https:\/\/gpl-love.com\/es\/wp-json\/wp\/v2\/media?parent=118307"}],"wp:term":[{"taxonomy":"product_brand","embeddable":true,"href":"https:\/\/gpl-love.com\/es\/wp-json\/wp\/v2\/product_brand?post=118307"},{"taxonomy":"product_cat","embeddable":true,"href":"https:\/\/gpl-love.com\/es\/wp-json\/wp\/v2\/product_cat?post=118307"},{"taxonomy":"product_tag","embeddable":true,"href":"https:\/\/gpl-love.com\/es\/wp-json\/wp\/v2\/product_tag?post=118307"}],"curies":[{"name":"wp","href":"https:\/\/api.w.org\/{rel}","templated":true}]}}