{"id":118305,"date":"2025-12-25T00:00:00","date_gmt":"2025-12-25T05:00:00","guid":{"rendered":"https:\/\/gpl-love.com\/es\/?post_type=product&#038;p=118305"},"modified":"2026-03-09T07:46:25","modified_gmt":"2026-03-09T12:46:25","slug":"learnpress-co-instructors","status":"publish","type":"product","link":"https:\/\/gpl-love.com\/es\/producto\/learnpress-co-instructors\/","title":{"rendered":"LearnPress Co Instructors 4.0.9"},"content":{"rendered":"<h3>LearnPress Co Instructors Caracteristicas<\/h3>\n<p>Los instructores de LearnPress Co se enorgullecen de ser un sistema de gesti\u00f3n de aprendizaje incre\u00edblemente eficiente e integral, ofreciendo a los instructores la capacidad de crear y administrar sin esfuerzo sus cursos en l\u00ednea con facilidad. Esta plataforma robusta faculta a los instructores para incorporar a la perfecci\u00f3n multimedia, cuestionarios y varios otros elementos interactivos en sus cursos, mejorando a\u00fan m\u00e1s la experiencia general de aprendizaje. La interfaz intuitiva simplifica enormemente el proceso de organizaci\u00f3n y monitoreo del progreso de los estudiantes, asegurando que los instructores siempre est\u00e9n al tanto. Adem\u00e1s, las poderosas herramientas de informes proporcionan ideas y an\u00e1lisis invaluables sobre el rendimiento de cada curso, lo que permite a los instructores tomar decisiones basadas en datos y optimizar sus estrategias de ense\u00f1anza. Adem\u00e1s, los instructores de LearnPress Co van m\u00e1s all\u00e1 al ofrecer una amplia gama de opciones personalizables, lo que permite a los instructores adaptar sus cursos para alinearse perfectamente con las necesidades y preferencias \u00fanicas de sus alumnos. En conclusi\u00f3n, LearnPress Co instructores es una herramienta indispensable para los educadores que buscan crear cursos en l\u00ednea verdaderamente atractivos e impactantes.<\/p>\n<ul>\n<li>Acceso a instructores experimentados y experimentados<\/li>\n<li>Metodolog\u00eda de ense\u00f1anza integral y pr\u00e1ctica<\/li>\n<li>Programas de capacitaci\u00f3n personalizadas para satisfacer las necesidades individuales<\/li>\n<li>Evaluaciones regulares y sesiones de retroalimentaci\u00f3n para rastrear el progreso<\/li>\n<li>Sesiones en l\u00ednea interactivas para colaboraci\u00f3n y apoyo en vivo<\/li>\n<li>Certificaciones profesionales al finalizar el curso<\/li>\n<li>Acceso a una comunidad vibrante de alumnos y mentores<\/li>\n<li>Aprendizaje continuo y oportunidades de mejora de habilidades.<\/li>\n<\/ul>\n","protected":false},"excerpt":{"rendered":"<p>LearnPress Co Instructores es una plataforma de aprendizaje electr\u00f3nico extremadamente integral y altamente avanzada que ha sido dise\u00f1ada y adaptada espec\u00edficamente para satisfacer las necesidades y requisitos de los educadores que aspiran a crear y controlar y controlar sus propios cursos sin esfuerzo y efectivo. Esta herramienta innovadora y de vanguardia le permite generar cursos en l\u00ednea sin esfuerzo, incorporando una variedad de archivos multimedia, cuestionarios y tareas, para difundir e impartir conocimientos efectivos a sus estimados estudiantes. Adem\u00e1s, esta plataforma excepcional facilita la configuraci\u00f3n y el establecimiento de foros de discusi\u00f3n, lo que permite una comunicaci\u00f3n perfecta y din\u00e1mica entre sus alumnos. Adem\u00e1s, le proporciona la invaluable capacidad para monitorear y analizar de cerca el progreso y el desarrollo de sus alumnos, al tiempo que gestiona simult\u00e1neamente el contenido de sus cursos con facilidad y delicadeza. En consecuencia, es innegablemente evidente que esta plataforma f\u00e1cil de usar e intuitiva, LearnPress Co, instructores, sirve como el ep\u00edtome de la excelencia y la perfecci\u00f3n, particularmente tanto para los educadores en l\u00ednea novatos como experimentados, ya que mejora significativamente y eleva la calidad y la eficacia de su Metodolog\u00edas y pr\u00e1cticas de ense\u00f1anza.<\/p>\n","protected":false},"featured_media":166593,"comment_status":"open","ping_status":"open","template":"","meta":[],"product_brand":[2486],"product_cat":[1214,1206,1211],"product_tag":[2137],"class_list":{"0":"post-118305","1":"product","2":"type-product","3":"status-publish","4":"has-post-thumbnail","6":"product_brand-learnpress","7":"product_cat-personalizacion","8":"product_cat-plugins","9":"product_cat-wordpress-plugins","10":"product_tag-learnpress","11":"member-discount","12":"discount-restricted","14":"first","15":"instock","16":"sale","17":"downloadable","18":"virtual","19":"sold-individually","20":"purchasable","21":"product-type-simple"},"_links":{"self":[{"href":"https:\/\/gpl-love.com\/es\/wp-json\/wp\/v2\/product\/118305","targetHints":{"allow":["GET"]}}],"collection":[{"href":"https:\/\/gpl-love.com\/es\/wp-json\/wp\/v2\/product"}],"about":[{"href":"https:\/\/gpl-love.com\/es\/wp-json\/wp\/v2\/types\/product"}],"replies":[{"embeddable":true,"href":"https:\/\/gpl-love.com\/es\/wp-json\/wp\/v2\/comments?post=118305"}],"wp:featuredmedia":[{"embeddable":true,"href":"https:\/\/gpl-love.com\/es\/wp-json\/wp\/v2\/media\/166593"}],"wp:attachment":[{"href":"https:\/\/gpl-love.com\/es\/wp-json\/wp\/v2\/media?parent=118305"}],"wp:term":[{"taxonomy":"product_brand","embeddable":true,"href":"https:\/\/gpl-love.com\/es\/wp-json\/wp\/v2\/product_brand?post=118305"},{"taxonomy":"product_cat","embeddable":true,"href":"https:\/\/gpl-love.com\/es\/wp-json\/wp\/v2\/product_cat?post=118305"},{"taxonomy":"product_tag","embeddable":true,"href":"https:\/\/gpl-love.com\/es\/wp-json\/wp\/v2\/product_tag?post=118305"}],"curies":[{"name":"wp","href":"https:\/\/api.w.org\/{rel}","templated":true}]}}