{"id":118303,"date":"2026-04-10T00:00:00","date_gmt":"2026-04-10T05:00:00","guid":{"rendered":"https:\/\/gpl-love.com\/es\/?post_type=product&#038;p=118303"},"modified":"2026-04-10T11:15:56","modified_gmt":"2026-04-10T16:15:56","slug":"learnpress-certificates","status":"publish","type":"product","link":"https:\/\/gpl-love.com\/es\/producto\/learnpress-certificates\/","title":{"rendered":"LearnPress Certificates 4.2.1"},"content":{"rendered":"<h3>LearnPress Certificates Caracteristicas<\/h3>\n<p>LearnPress Certificate es una plataforma de aprendizaje en l\u00ednea innovadora y de vanguardia que sirve como un centro integral para las personas que buscan adquirir certificaciones valiosas. Ofreciendo una amplia gama de cursos y m\u00f3dulos diversos adaptados a las necesidades e intereses \u00fanicos de los alumnos, LearnPress Certificados asegura que cada individuo pueda encontrar el programa educativo perfecto para adaptarse a sus objetivos personales. Con un enfoque en proporcionar una experiencia perfecta y f\u00e1cil de usar, la plataforma ha sido meticulosamente dise\u00f1ada para permitir a los alumnos navegar sin esfuerzo a trav\u00e9s de sus cursos elegidos y obtener con \u00e9xito sus certificaciones deseadas.<\/p>\n<p>Lo que establece los certificados LearnPress adem\u00e1s de otras plataformas de aprendizaje en l\u00ednea es su dedicaci\u00f3n inquebrantable para ofrecer contenido y capacitaci\u00f3n de calidad excepcional. La plataforma est\u00e1 fortificada por un equipo de expertos estimados que poseen un amplio conocimiento y experiencia en sus respectivos campos. Estos profesionales est\u00e1n totalmente comprometidos a capacitar a los alumnos de todos los \u00e1mbitos de la vida al equiparlos con las herramientas y recursos necesarios para sobresalir en sus campos elegidos. Ya sea que sea un estudiante que anhele ampliar sus conocimientos y habilidades o un profesional experimentado ansioso por ampliar sus perspectivas profesionales, LearnPress Certificados garantiza una gran cantidad de oportunidades para el crecimiento personal y profesional.<\/p>\n<p>Uno de los aspectos m\u00e1s notables de los certificados LearnPress es su flexibilidad y asequibilidad. Reconociendo las diversas limitaciones financieras y de tiempo que enfrentan los alumnos, la plataforma ofrece una amplia gama de opciones de precios para atender a diferentes presupuestos. Adem\u00e1s, los alumnos tienen la libertad de seleccionar cursos y m\u00f3dulos que se alineen con sus horarios, asegurando una experiencia de aprendizaje conveniente y accesible. Independientemente de sus circunstancias, LearnPress Certificate es la plataforma ideal para que las personas que aspiran a adquirir nuevas habilidades y conocimientos sin comprometer sus limitaciones financieras o de tiempo.<\/p>\n<ul>\n<li>Certificados profesionales para los cursos de LearnPress<\/li>\n<li>Dise\u00f1o de certificado personalizable<\/li>\n<li>Opci\u00f3n para agregar la firma del instructor de curso<\/li>\n<li>Generaci\u00f3n autom\u00e1tica de certificados al finalizar el curso<\/li>\n<li>Capacidad para descargar e imprimir certificados<\/li>\n<li>Mejora de la motivaci\u00f3n y el reconocimiento del alumno<\/li>\n<li>Ideal para plataformas de aprendizaje electr\u00f3nico o programas de capacitaci\u00f3n corporativa<\/li>\n<li>Configuraci\u00f3n e integraci\u00f3n f\u00e1cil con el complemento LearnPress.<\/li>\n<\/ul>\n","protected":false},"excerpt":{"rendered":"<p>El complemento de Certificados LearnPress sirve como una herramienta extremadamente valiosa, dise\u00f1ada espec\u00edficamente para otorgar la certificaci\u00f3n a los estudiantes al completar exitosamente un curso. Otorga a los usuarios la capacidad de generar certificados dentro de los l\u00edmites de sus cursos en l\u00ednea, asegurando que dichos certificados posean un toque personal al incorporar elementos personalizados como el nombre del alumno, la fecha de finalizaci\u00f3n y los detalles pertinentes adicionales. Al ofrecer esta caracter\u00edstica, los estudiantes pueden poseer pruebas concretas de sus logros, que posteriormente sirven como una fuerza impulsora para que los instructores alienten a sus estudiantes a concluir con \u00e9xito el curso. En consecuencia, con la integraci\u00f3n de los certificados LearnPress, los instructores tienen la capacidad de dejar una impresi\u00f3n indeleble a sus estudiantes, aumentando as\u00ed su comercializaci\u00f3n al proporcionarles evidencia autorizada de sus esfuerzos educativos.<\/p>\n","protected":false},"featured_media":166592,"comment_status":"open","ping_status":"open","template":"","meta":[],"product_brand":[2486],"product_cat":[1214,1206,1211],"product_tag":[2137],"class_list":{"0":"post-118303","1":"product","2":"type-product","3":"status-publish","4":"has-post-thumbnail","6":"product_brand-learnpress","7":"product_cat-personalizacion","8":"product_cat-plugins","9":"product_cat-wordpress-plugins","10":"product_tag-learnpress","11":"member-discount","12":"discount-restricted","14":"first","15":"instock","16":"sale","17":"downloadable","18":"virtual","19":"sold-individually","20":"purchasable","21":"product-type-simple"},"_links":{"self":[{"href":"https:\/\/gpl-love.com\/es\/wp-json\/wp\/v2\/product\/118303","targetHints":{"allow":["GET"]}}],"collection":[{"href":"https:\/\/gpl-love.com\/es\/wp-json\/wp\/v2\/product"}],"about":[{"href":"https:\/\/gpl-love.com\/es\/wp-json\/wp\/v2\/types\/product"}],"replies":[{"embeddable":true,"href":"https:\/\/gpl-love.com\/es\/wp-json\/wp\/v2\/comments?post=118303"}],"wp:featuredmedia":[{"embeddable":true,"href":"https:\/\/gpl-love.com\/es\/wp-json\/wp\/v2\/media\/166592"}],"wp:attachment":[{"href":"https:\/\/gpl-love.com\/es\/wp-json\/wp\/v2\/media?parent=118303"}],"wp:term":[{"taxonomy":"product_brand","embeddable":true,"href":"https:\/\/gpl-love.com\/es\/wp-json\/wp\/v2\/product_brand?post=118303"},{"taxonomy":"product_cat","embeddable":true,"href":"https:\/\/gpl-love.com\/es\/wp-json\/wp\/v2\/product_cat?post=118303"},{"taxonomy":"product_tag","embeddable":true,"href":"https:\/\/gpl-love.com\/es\/wp-json\/wp\/v2\/product_tag?post=118303"}],"curies":[{"name":"wp","href":"https:\/\/api.w.org\/{rel}","templated":true}]}}