{"id":118301,"date":"2024-03-04T00:00:00","date_gmt":"2024-03-04T05:00:00","guid":{"rendered":"https:\/\/gpl-love.com\/es\/?post_type=product&#038;p=118301"},"modified":"2026-03-09T07:46:23","modified_gmt":"2026-03-09T12:46:23","slug":"learnpress-authorizenet-payment-addon","status":"publish","type":"product","link":"https:\/\/gpl-love.com\/es\/producto\/learnpress-authorizenet-payment-addon\/","title":{"rendered":"LearnPress Authorize.Net Payment Addon 4.0.1"},"content":{"rendered":"<h3>LearnPress Authorize.Net Payment Addon Caracteristicas<\/h3>\n<p>LearnPress Authorize.net Pague Addon es una herramienta extremadamente robusta y altamente eficiente que ha sido dise\u00f1ada estrat\u00e9gicamente para optimizar y optimizar los procesos de pago en l\u00ednea de varias empresas y organizaciones. Al integrar a la perfecci\u00f3n la pasarela de pago de Authorize.net, inmensamente popular con sus cursos de LearnPress, los usuarios est\u00e1n facultados con una experiencia de procesamiento de pagos segura y sin problemas. Ya sea que est\u00e9 buscando aceptar pagos sin esfuerzo por su amplia gama de cursos de aprendizaje electr\u00f3nico, clases en l\u00ednea o cualquier otro producto digital, este complemento excepcional simplifica y expedita significativamente todo el procedimiento. Adem\u00e1s, con una amplia gama de configuraciones personalizables y caracter\u00edsticas excepcionalmente f\u00e1ciles de usar, el complemento de pago de AutherPress Authorize.net emerge indudablemente como una herramienta absolutamente indispensable para cada organizaci\u00f3n exigente que aspira a revolucionar y mejorar sus capacidades de pago en l\u00ednea a alturas sin recolecci\u00f3n.<\/p>\n<ul>\n<li>Integra LearnPress con la popular pasarela de pago, autorize.net<\/li>\n<li>Permite a los usuarios realizar f\u00e1cilmente pagos para cursos en l\u00ednea en LearnPress<\/li>\n<li>Procesamiento de pago seguro y confiable<\/li>\n<li>Admite m\u00faltiples monedas para transacciones internacionales<\/li>\n<li>Interfaz f\u00e1cil de usar para un proceso de pago sin problemas<\/li>\n<li>Opci\u00f3n para ahorrar informaci\u00f3n de pago para futuras transacciones<\/li>\n<li>Compatible con varios m\u00e9todos de pago que incluyen tarjetas de cr\u00e9dito y verificaciones electr\u00f3nicas<\/li>\n<li>Autorizaci\u00f3n de pago en tiempo real para el acceso al curso inmediato<\/li>\n<li>Automatizar confirmaciones y recibos de pago, reduciendo el trabajo administrativo<\/li>\n<li>Proceso de instalaci\u00f3n r\u00e1pido y f\u00e1cil<\/li>\n<\/ul>\n","protected":false},"excerpt":{"rendered":"<p>El complemento de pago Autorize.net de LearnPress, que es una herramienta indispensable para proveedores de cursos en l\u00ednea que desean incorporar a la perfecci\u00f3n alternativas de pago seguras, presenta a los usuarios la oportunidad de establecer y personalizar los formularios de pago a trav\u00e9s de la utilizaci\u00f3n de la puerta de enlace Autorize.net, facilitando as\u00ed la seguridad segura. y transacciones sin esfuerzo para estudiantes. Con una gran cantidad de funcionalidades avanzadas, como pagos recurrentes, m\u00e9todos de pago ahorrados y la capacidad de detectar actividades fraudulentas, el complemento de pago Autorize.net garantiza un proceso de pago sin complicaciones. Sin lugar a dudas, este complemento es la opci\u00f3n ideal para las personas que buscan monetizar sin esfuerzo su contenido de aprendizaje electr\u00f3nico.<\/p>\n","protected":false},"featured_media":166591,"comment_status":"open","ping_status":"open","template":"","meta":[],"product_brand":[2486],"product_cat":[1278,1206,1211],"product_tag":[2137],"class_list":{"0":"post-118301","1":"product","2":"type-product","3":"status-publish","4":"has-post-thumbnail","6":"product_brand-learnpress","7":"product_cat-pago","8":"product_cat-plugins","9":"product_cat-wordpress-plugins","10":"product_tag-learnpress","11":"member-discount","12":"discount-restricted","14":"first","15":"instock","16":"sale","17":"downloadable","18":"virtual","19":"sold-individually","20":"purchasable","21":"product-type-simple"},"_links":{"self":[{"href":"https:\/\/gpl-love.com\/es\/wp-json\/wp\/v2\/product\/118301","targetHints":{"allow":["GET"]}}],"collection":[{"href":"https:\/\/gpl-love.com\/es\/wp-json\/wp\/v2\/product"}],"about":[{"href":"https:\/\/gpl-love.com\/es\/wp-json\/wp\/v2\/types\/product"}],"replies":[{"embeddable":true,"href":"https:\/\/gpl-love.com\/es\/wp-json\/wp\/v2\/comments?post=118301"}],"wp:featuredmedia":[{"embeddable":true,"href":"https:\/\/gpl-love.com\/es\/wp-json\/wp\/v2\/media\/166591"}],"wp:attachment":[{"href":"https:\/\/gpl-love.com\/es\/wp-json\/wp\/v2\/media?parent=118301"}],"wp:term":[{"taxonomy":"product_brand","embeddable":true,"href":"https:\/\/gpl-love.com\/es\/wp-json\/wp\/v2\/product_brand?post=118301"},{"taxonomy":"product_cat","embeddable":true,"href":"https:\/\/gpl-love.com\/es\/wp-json\/wp\/v2\/product_cat?post=118301"},{"taxonomy":"product_tag","embeddable":true,"href":"https:\/\/gpl-love.com\/es\/wp-json\/wp\/v2\/product_tag?post=118301"}],"curies":[{"name":"wp","href":"https:\/\/api.w.org\/{rel}","templated":true}]}}