{"id":118221,"date":"2026-02-26T00:00:00","date_gmt":"2026-02-26T05:00:00","guid":{"rendered":"https:\/\/gpl-love.com\/es\/?post_type=product&#038;p=118221"},"modified":"2026-04-02T05:15:41","modified_gmt":"2026-04-02T10:15:41","slug":"kadence-woocommerce-extras","status":"publish","type":"product","link":"https:\/\/gpl-love.com\/es\/producto\/kadence-woocommerce-extras\/","title":{"rendered":"Kadence WooCommerce Extras 2.4.15.1"},"content":{"rendered":"<h3>Kadence WooCommerce Extras Caracteristicas<\/h3>\n<p>Kadence WooCommerce Extras, un complemento integral desarrollado espec\u00edficamente para WooCommerce, tiene como objetivo aumentar las capacidades operativas de su tienda en l\u00ednea. Ha sido intrincadamente dise\u00f1ado para facilitar la personalizaci\u00f3n de la tienda sin esfuerzo y mejorar la experiencia del usuario, asegurando la mayor comodidad para sus valiosos clientes. Con la utilizaci\u00f3n de los extras de Kadence WooCommerce, est\u00e1 facultado para incorporar campos personalizados y exclusivos a sus productos, construir paquetes de productos innovadores e incluso aprovechar las alternativas de precios din\u00e1micos. Adem\u00e1s, posee la capacidad de construir plantillas de productos hechas a medida, curar p\u00e1ginas de pago que exuden la singularidad y optimizar su tienda en l\u00ednea para satisfacer las necesidades de los usuarios de dispositivos m\u00f3viles. Este complemento sirve como una soluci\u00f3n \u00f3ptima para las personas que anhelan elevar el estado de su tienda WooCommerce, al tiempo que ofrece a sus clientes una experiencia de compra impecablemente perfecta.<\/p>\n<ul>\n<li>Mejora la funcionalidad de WooCommerce con caracter\u00edsticas y opciones adicionales<\/li>\n<li>Incluye opciones de productos avanzadas como muestras de color y galer\u00eda de im\u00e1genes.<\/li>\n<li>Habilita pesta\u00f1as de productos personalizadas para mostrar informaci\u00f3n \u00fanica del producto<\/li>\n<li>Permite que los campos de pago personalizados recopilen informaci\u00f3n adicional al cliente<\/li>\n<li>Proporciona plantillas de correo electr\u00f3nico personalizables para la confirmaci\u00f3n del pedido y otras notificaciones<\/li>\n<li>Se integra con las pasarelas de pago populares y los m\u00e9todos de env\u00edo<\/li>\n<li>Incluye un generador de formularios de arrastrar y soltar para crear formularios personalizados<\/li>\n<li>Ofrece soporte multi-monedas para transacciones globales<\/li>\n<li>Incluye una funci\u00f3n de paquete de productos para ofrecer descuentos en m\u00faltiples art\u00edculos<\/li>\n<li>Proporciona informes detallados y an\u00e1lisis para rastrear las ventas y el comportamiento del cliente.<\/li>\n<\/ul>\n","protected":false},"excerpt":{"rendered":"<p>Kadence WooCommerce Extras, un complemento incre\u00edblemente robusto para el aclamado complemento de WooCommerce, cuenta con una amplia gama de caracter\u00edsticas destinadas a elevar y amplificar la funcionalidad general de su estimada tienda en l\u00ednea. Este complemento fenomenal le otorga la capacidad incomparable de adaptar meticulosamente su p\u00e1gina de pago incorporando campos suplementarios, brind\u00e1ndole la oportunidad de agregar sin esfuerzo opciones de productos personalizados o incluso intrincados paquetes. Adem\u00e1s, le permite la capacidad de activar la funcionalidad de comparaci\u00f3n de productos y una gran cantidad de otros atributos impresionantes. Desatando el verdadero potencial de su negocio en l\u00ednea, Kadence WooCommerce Extras le permite personalizar impecablemente su escaparate digital, atendiendo as\u00ed sus requisitos \u00fanicos y espec\u00edficos, que finalmente culmin\u00f3 en la creaci\u00f3n de una experiencia de compra incomparable que se cautivar\u00e1 y cautivar\u00e1 indubejando y se cautivar\u00e1 a su clerele estimado.<\/p>\n","protected":false},"featured_media":166543,"comment_status":"open","ping_status":"open","template":"","meta":[],"product_brand":[2364],"product_cat":[1207,1248,1206],"product_tag":[1804],"class_list":{"0":"post-118221","1":"product","2":"type-product","3":"status-publish","4":"has-post-thumbnail","6":"product_brand-kadence-wp","7":"product_cat-comercio-electronico-plugins","8":"product_cat-personalizacion-comercio-electronico-plugins","9":"product_cat-plugins","10":"product_tag-kadence-wp","11":"member-discount","12":"discount-restricted","14":"first","15":"instock","16":"sale","17":"downloadable","18":"virtual","19":"sold-individually","20":"purchasable","21":"product-type-simple"},"_links":{"self":[{"href":"https:\/\/gpl-love.com\/es\/wp-json\/wp\/v2\/product\/118221","targetHints":{"allow":["GET"]}}],"collection":[{"href":"https:\/\/gpl-love.com\/es\/wp-json\/wp\/v2\/product"}],"about":[{"href":"https:\/\/gpl-love.com\/es\/wp-json\/wp\/v2\/types\/product"}],"replies":[{"embeddable":true,"href":"https:\/\/gpl-love.com\/es\/wp-json\/wp\/v2\/comments?post=118221"}],"wp:featuredmedia":[{"embeddable":true,"href":"https:\/\/gpl-love.com\/es\/wp-json\/wp\/v2\/media\/166543"}],"wp:attachment":[{"href":"https:\/\/gpl-love.com\/es\/wp-json\/wp\/v2\/media?parent=118221"}],"wp:term":[{"taxonomy":"product_brand","embeddable":true,"href":"https:\/\/gpl-love.com\/es\/wp-json\/wp\/v2\/product_brand?post=118221"},{"taxonomy":"product_cat","embeddable":true,"href":"https:\/\/gpl-love.com\/es\/wp-json\/wp\/v2\/product_cat?post=118221"},{"taxonomy":"product_tag","embeddable":true,"href":"https:\/\/gpl-love.com\/es\/wp-json\/wp\/v2\/product_tag?post=118221"}],"curies":[{"name":"wp","href":"https:\/\/api.w.org\/{rel}","templated":true}]}}