{"id":118219,"date":"2026-01-10T00:00:00","date_gmt":"2026-01-10T05:00:00","guid":{"rendered":"https:\/\/gpl-love.com\/es\/?post_type=product&#038;p=118219"},"modified":"2026-04-10T11:29:47","modified_gmt":"2026-04-10T16:29:47","slug":"user-dashboard-para-mec","status":"publish","type":"product","link":"https:\/\/gpl-love.com\/es\/producto\/user-dashboard-para-mec\/","title":{"rendered":"Modern Events Calendar User Dashboard 1.6.5"},"content":{"rendered":"<h3>Modern Events Calendar User Dashboard Caracteristicas<\/h3>\n<p>El control de usuarios del calendario de eventos modernos es una plataforma integral que ha sido meticulosamente dise\u00f1ada para satisfacer las necesidades de los organizadores de eventos, lo que les permite navegar sin esfuerzo las complejidades de la gesti\u00f3n de eventos. A trav\u00e9s de su interfaz f\u00e1cil de usar, los usuarios pueden crear, modificar y supervisar sin problemas eventos con la m\u00e1xima simplicidad. El dise\u00f1o intuitivo del tablero sirve como un centro central, lo que brinda a los planificadores de eventos un f\u00e1cil acceso a toda la informaci\u00f3n vital relacionada con los eventos, que abarca elementos cruciales como la venta de entradas, los detalles de los asistentes y los detalles de los eventos. Adem\u00e1s, este tablero innovador tambi\u00e9n presenta a los usuarios la oportunidad de personalizar sus eventos, otorg\u00e1ndoles la libertad de elegir entre una gran cantidad de plantillas, temas y dise\u00f1os. Adem\u00e1s, se integra perfectamente con otras plataformas y herramientas que juegan un papel fundamental en la organizaci\u00f3n de eventos, incluidas las plataformas de redes sociales, los servicios de marketing por correo electr\u00f3nico y las pasarelas de pago seguras. En esencia, el tablero de usuarios del calendario de eventos modernos ejemplifica un enfoque hol\u00edstico para la gesti\u00f3n de eventos, asegurando una experiencia incomparable y sin estr\u00e9s tanto para los organizadores de eventos como para los asistentes.<\/p>\n<ul>\n<li>Interfaz f\u00e1cil de usar dise\u00f1ada para una f\u00e1cil navegaci\u00f3n<\/li>\n<li>Acceso a todos los pr\u00f3ximos eventos y eventos pasados \u200b\u200basistidos<\/li>\n<li>Capacidad para confirmar su asistencia a eventos y ver el estado de RSVP<\/li>\n<li>Opci\u00f3n para crear y administrar eventos personales<\/li>\n<li>Recomendaciones de eventos personalizadas basadas en el historial de asistencia y preferencias anteriores<\/li>\n<li>Notificaciones y recordatorios de eventos personalizables<\/li>\n<li>Integraci\u00f3n con aplicaciones de calendario populares para una programaci\u00f3n y planificaci\u00f3n perfecta<\/li>\n<li>Actualizaciones y cambios en tiempo real a la informaci\u00f3n del evento<\/li>\n<li>Mapas interactivos e instrucciones a las ubicaciones de los eventos<\/li>\n<li>Funci\u00f3n de chat en la aplicaci\u00f3n para comunicaci\u00f3n con organizadores del evento y otros asistentes.<\/li>\n<\/ul>\n","protected":false},"excerpt":{"rendered":"<p>El control del usuario del usuario del calendario de eventos modernos presenta a los organizadores de eventos con una soluci\u00f3n ideal para supervisar sus eventos de manera efectiva y eficiente. Ofreciendo una interfaz intuitiva y f\u00e1cil de usar, este tablero otorga a los usuarios la capacidad de agregar, modificar y supervisar los eventos sin esfuerzo, todo dentro de una pantalla singular. Adem\u00e1s, se puede acceder sin esfuerzo a estad\u00edsticas de eventos como la venta de entradas, la asistencia, los ingresos y varios otros. Adem\u00e1s, este tablero ofrece opciones de personalizaci\u00f3n completas, lo que permite a los usuarios personalizar la apariencia y el ambiente para alinearse con precisi\u00f3n con su marca. Adem\u00e1s, se integra perfectamente con el complemento de calendario de eventos modernos, facilitando as\u00ed un proceso de gesti\u00f3n de eventos sin problemas que abarca desde el inicio hasta la finalizaci\u00f3n.<\/p>\n","protected":false},"featured_media":167910,"comment_status":"open","ping_status":"open","template":"","meta":[],"product_brand":[2408],"product_cat":[1214,1206,1211],"product_tag":[1419],"class_list":{"0":"post-118219","1":"product","2":"type-product","3":"status-publish","4":"has-post-thumbnail","6":"product_brand-webnus","7":"product_cat-personalizacion","8":"product_cat-plugins","9":"product_cat-wordpress-plugins","10":"product_tag-webnus","11":"member-discount","12":"discount-restricted","14":"first","15":"instock","16":"sale","17":"downloadable","18":"virtual","19":"sold-individually","20":"purchasable","21":"product-type-simple"},"_links":{"self":[{"href":"https:\/\/gpl-love.com\/es\/wp-json\/wp\/v2\/product\/118219","targetHints":{"allow":["GET"]}}],"collection":[{"href":"https:\/\/gpl-love.com\/es\/wp-json\/wp\/v2\/product"}],"about":[{"href":"https:\/\/gpl-love.com\/es\/wp-json\/wp\/v2\/types\/product"}],"replies":[{"embeddable":true,"href":"https:\/\/gpl-love.com\/es\/wp-json\/wp\/v2\/comments?post=118219"}],"wp:featuredmedia":[{"embeddable":true,"href":"https:\/\/gpl-love.com\/es\/wp-json\/wp\/v2\/media\/167910"}],"wp:attachment":[{"href":"https:\/\/gpl-love.com\/es\/wp-json\/wp\/v2\/media?parent=118219"}],"wp:term":[{"taxonomy":"product_brand","embeddable":true,"href":"https:\/\/gpl-love.com\/es\/wp-json\/wp\/v2\/product_brand?post=118219"},{"taxonomy":"product_cat","embeddable":true,"href":"https:\/\/gpl-love.com\/es\/wp-json\/wp\/v2\/product_cat?post=118219"},{"taxonomy":"product_tag","embeddable":true,"href":"https:\/\/gpl-love.com\/es\/wp-json\/wp\/v2\/product_tag?post=118219"}],"curies":[{"name":"wp","href":"https:\/\/api.w.org\/{rel}","templated":true}]}}