{"id":118216,"date":"2025-08-07T00:00:00","date_gmt":"2025-08-07T05:00:00","guid":{"rendered":"https:\/\/gpl-love.com\/es\/?post_type=product&#038;p=118216"},"modified":"2026-03-09T08:27:47","modified_gmt":"2026-03-09T13:27:47","slug":"wp-all-export-user-add-on-pro","status":"publish","type":"product","link":"https:\/\/gpl-love.com\/es\/producto\/wp-all-export-user-add-on-pro\/","title":{"rendered":"WP All Export User Addon 1.0.11"},"content":{"rendered":"<h3>WP All Export User Addon Caracteristicas<\/h3>\n<p>El complemento de usuarios de exportaci\u00f3n WP de WP demuestra ser un complemento de WordPress excepcionalmente formidable que brinda a los usuarios la oportunidad de eliminar efectivamente los datos de su sitio web en una variedad de diversos formatos. M\u00e1s espec\u00edficamente, este complemento se ha creado meticulosamente para facilitar la extracci\u00f3n perfecta de los datos del usuario, abarcar meta datos del usuario, campos personalizados e incluso roles de usuario. Como resultado de las capacidades notables de este complemento, los propietarios de sitios web est\u00e1n facultados para generar sin esfuerzo exportaciones de datos de usuarios que asumen la forma de formatos de archivo CSV o XML, simplificando as\u00ed todo el proceso de administrar y analizar los datos del usuario. Adem\u00e1s, el complemento de usuarios de exportaci\u00f3n de WP All exporta se acompa\u00f1a de una gran cantidad de filtros y condiciones, que sirven para capacitar a los usuarios con la capacidad de exportar selectivamente segmentos de datos de usuarios particulares. Lo que distingue a\u00fan m\u00e1s este complemento es su facilidad de uso incomparable, el proceso de instalaci\u00f3n directo y la compatibilidad con otros complementos de exportaci\u00f3n WP. En consecuencia, es indiscutiblemente una herramienta indispensable, que sirve como un activo invaluable para el prop\u00f3sito de la gesti\u00f3n de datos del usuario, as\u00ed como un medio para economizar el tiempo cuando se enfrenta a la desalentadora tarea de exportar cantidades sustanciales de datos.<\/p>\n<ul>\n<li>Exportar datos de usuarios de sitios de WordPress<\/li>\n<li>Exportar datos de perfil de usuario como nombre de usuario, correo electr\u00f3nico, nombre y m\u00e1s<\/li>\n<li>Personalice f\u00e1cilmente el formato de archivo de exportaci\u00f3n para satisfacer sus necesidades espec\u00edficas<\/li>\n<li>Exportar datos de usuario en formato CSV, Excel, XML o JSON<\/li>\n<li>Programar exportaciones autom\u00e1ticas para ejecutarse diariamente, semanalmente o mensualmente<\/li>\n<li>Exportar datos de usuarios de roles espec\u00edficos de usuarios o grupos de usuarios<\/li>\n<li>Las potentes opciones de filtrado le permiten exportar selectivamente los datos del usuario que necesita<\/li>\n<li>Configuraci\u00f3n avanzada para exportar meta campos de usuario personalizados<\/li>\n<li>Compatible con WP, todas las importaciones para transferencias de datos sin interrupciones entre sitios<\/li>\n<li>Documentaci\u00f3n y apoyo extenso proporcionado por WP All Equipo de exportaci\u00f3n.<\/li>\n<\/ul>\n","protected":false},"excerpt":{"rendered":"<p>El Addon de usuarios WP All Export es una herramienta incre\u00edblemente robusta y eficiente que ofrece la funcionalidad perfecta de exportar sin esfuerzo los datos de los usuarios desde su sitio web de WordPress. Este notable complemento le permite generar exportaciones personalizadas de diversos datos de usuarios, que abarca informaci\u00f3n vital, como roles de usuario, direcciones de correo electr\u00f3nico, primeros y apellidos, y una variedad de otros detalles pertinentes. Ya sea que su objetivo es analizar meticulosamente los datos o simplemente salvaguardar y transferir la informaci\u00f3n del usuario a un sitio web alternativo, tenga la seguridad de que el complemento de los usuarios de exportaci\u00f3n WP posee todas las caracter\u00edsticas necesarias para cumplir con sus requisitos. \u00a1Produce perfectamente archivos CSV o XML con la m\u00e1xima facilidad y conveniencia aprovechando la naturaleza f\u00e1cil de usar de este complemento excepcional disponible para usted hoy!<\/p>\n","protected":false},"featured_media":168367,"comment_status":"open","ping_status":"open","template":"","meta":[],"product_brand":[2340],"product_cat":[1212,1206,1211],"product_tag":[1436],"class_list":{"0":"post-118216","1":"product","2":"type-product","3":"status-publish","4":"has-post-thumbnail","6":"product_brand-wp-all-import","7":"product_cat-administracion-wordpress-plugins","8":"product_cat-plugins","9":"product_cat-wordpress-plugins","10":"product_tag-wp-all-import","11":"member-discount","12":"discount-restricted","14":"first","15":"instock","16":"sale","17":"downloadable","18":"virtual","19":"sold-individually","20":"purchasable","21":"product-type-simple"},"_links":{"self":[{"href":"https:\/\/gpl-love.com\/es\/wp-json\/wp\/v2\/product\/118216","targetHints":{"allow":["GET"]}}],"collection":[{"href":"https:\/\/gpl-love.com\/es\/wp-json\/wp\/v2\/product"}],"about":[{"href":"https:\/\/gpl-love.com\/es\/wp-json\/wp\/v2\/types\/product"}],"replies":[{"embeddable":true,"href":"https:\/\/gpl-love.com\/es\/wp-json\/wp\/v2\/comments?post=118216"}],"wp:featuredmedia":[{"embeddable":true,"href":"https:\/\/gpl-love.com\/es\/wp-json\/wp\/v2\/media\/168367"}],"wp:attachment":[{"href":"https:\/\/gpl-love.com\/es\/wp-json\/wp\/v2\/media?parent=118216"}],"wp:term":[{"taxonomy":"product_brand","embeddable":true,"href":"https:\/\/gpl-love.com\/es\/wp-json\/wp\/v2\/product_brand?post=118216"},{"taxonomy":"product_cat","embeddable":true,"href":"https:\/\/gpl-love.com\/es\/wp-json\/wp\/v2\/product_cat?post=118216"},{"taxonomy":"product_tag","embeddable":true,"href":"https:\/\/gpl-love.com\/es\/wp-json\/wp\/v2\/product_tag?post=118216"}],"curies":[{"name":"wp","href":"https:\/\/api.w.org\/{rel}","templated":true}]}}