{"id":118188,"date":"2021-02-09T00:00:00","date_gmt":"2021-02-09T05:00:00","guid":{"rendered":"https:\/\/gpl-love.com\/es\/producto\/studiopress-glam-pro-genesis-wordpress-theme\/"},"modified":"2026-04-10T11:26:10","modified_gmt":"2026-04-10T16:26:10","slug":"studiopress-glam-pro-genesis-wordpress-theme","status":"publish","type":"product","link":"https:\/\/gpl-love.com\/es\/producto\/studiopress-glam-pro-genesis-wordpress-theme\/","title":{"rendered":"StudioPress Glam Pro Genesis WordPress Theme 1.0.3"},"content":{"rendered":"<h3>StudioPress Glam Pro Genesis WordPress Theme Caracteristicas<\/h3>\n<p>El tema de WordPress de Glam Pro Genesis de StudioPress es un tema incre\u00edblemente formidable y sofisticado que ha sido meticulosamente elaborado para satisfacer las necesidades y deseos de los bloggers, profesionales y negocios que anhelan exhibir su marca de una manera que exude estilo y reembolso. Este tema ejemplar cuenta con un dise\u00f1o elegante y contempor\u00e1neo, junto con una variedad de caracter\u00edsticas personalizables, lo que permite a sus usuarios fabricar una presencia en l\u00ednea que no solo es impresionante, sino que tambi\u00e9n encarna su personalidad e identidad de marca distinta. El tema Glam Pro est\u00e1 construido ingeniosamente en el marco Genesis, garantizando un sitio web que opera con velocidad encomiable, seguridad inquebrantable y optimizaci\u00f3n \u00f3ptima del motor de b\u00fasqueda. Adem\u00e1s, est\u00e1 equipado con una extensa selecci\u00f3n de plantillas de p\u00e1gina predise\u00f1adas, widgets hechos a medida y un panel de opciones de tema robusto, que ofrece una personalizaci\u00f3n sin esfuerzo de varios aspectos, como dise\u00f1o, colores, fuentes y mucho m\u00e1s. Independientemente de si se identifica como un blogger de moda, una figura influyente en el \u00e1mbito del estilo de vida o un propietario de un negocio pr\u00f3spero, el tema StudioPress Glam Pro Genesis WordPress es una soluci\u00f3n que lo abarca todo que lo equipa con las herramientas necesarias para crear una Sitio web excepcionalmente llamativo que se distingue sin esfuerzo de la competencia de una manera inequ\u00edvocamente notable.<\/p>\n<ul>\n<li>Tema premium de WordPress dise\u00f1ado para blogueros de estilo de vida y moda<\/li>\n<li>El dise\u00f1o que responde a dispositivos m\u00f3viles garantiza que su sitio web se vea genial en todos los dispositivos<\/li>\n<li>Las opciones de personalizaci\u00f3n f\u00e1cil de usar le permiten personalizar su sitio con su propio logotipo, colores y fuentes<\/li>\n<li>Incluye 6 opciones de dise\u00f1o diferentes, por lo que puede elegir el que funcione mejor para su contenido.<\/li>\n<li>Construido con el marco Genesis, que es conocido por su c\u00f3digo seguro y sus caracter\u00edsticas amigables con SEO<\/li>\n<li>Incluye un \u00e1rea de encabezado personalizable con botones opcionales de llamada a acci\u00f3n<\/li>\n<li>Admite la integraci\u00f3n de WooCommerce, por lo que puede vender f\u00e1cilmente productos en su sitio<\/li>\n<li>Incluye \u00edconos de redes sociales, para que los visitantes puedan encontrarlo f\u00e1cilmente en plataformas populares.<\/li>\n<li>La documentaci\u00f3n y el soporte integrales facilitan la ejecuci\u00f3n y en funcionamiento r\u00e1pidamente<\/li>\n<li>Actualizado regularmente con nuevas funciones y mejoras, asegurando que su sitio se mantenga por delante de la curva<\/li>\n<\/ul>\n","protected":false},"excerpt":{"rendered":"<p>StudioPress Glam Pro Genesis WordPress Temo atiende las necesidades de los bloggers, empresarios y due\u00f1os de negocios que aspiran a establecer una presencia sofisticada y profesional en l\u00ednea. Este tema cuenta con una exquisita selecci\u00f3n de tipograf\u00eda, junto con un dise\u00f1o pr\u00edstino y widgets personalizables en la p\u00e1gina de inicio, lo que lo convierte en la plataforma perfecta para exhibir su marca y productos. Adem\u00e1s, su dise\u00f1o receptivo garantiza que su sitio web mantenga su apariencia impecable en todos los dispositivos, mientras que el c\u00f3digo optimizado de SEO meticulosamente elaborado mejora su clasificaci\u00f3n de motores de b\u00fasqueda. Adem\u00e1s, la inclusi\u00f3n del poderoso marco de Genesis en su n\u00facleo le proporciona la tranquilidad de que su sitio web no solo est\u00e1 salvaguardado sino tambi\u00e9n optimizado para un rendimiento r\u00e1pido. En conclusi\u00f3n, StudioPress GLAM Pro se destaca como una opci\u00f3n Premier para aquellos que buscan un tema de WordPress que combina sin problemas la est\u00e9tica con la funcionalidad, ofreciendo una experiencia de usuario premium.<\/p>\n","protected":false},"featured_media":167607,"comment_status":"open","ping_status":"open","template":"","meta":[],"product_brand":[2358],"product_cat":[1267,1237,1238],"product_tag":[1383],"class_list":{"0":"post-118188","1":"product","2":"type-product","3":"status-publish","4":"has-post-thumbnail","6":"product_brand-studiopress","7":"product_cat-creativo","8":"product_cat-temas","9":"product_cat-wordpress-temas","10":"product_tag-studiopress","11":"member-discount","12":"discount-restricted","14":"first","15":"instock","16":"sale","17":"downloadable","18":"virtual","19":"sold-individually","20":"purchasable","21":"product-type-simple"},"_links":{"self":[{"href":"https:\/\/gpl-love.com\/es\/wp-json\/wp\/v2\/product\/118188","targetHints":{"allow":["GET"]}}],"collection":[{"href":"https:\/\/gpl-love.com\/es\/wp-json\/wp\/v2\/product"}],"about":[{"href":"https:\/\/gpl-love.com\/es\/wp-json\/wp\/v2\/types\/product"}],"replies":[{"embeddable":true,"href":"https:\/\/gpl-love.com\/es\/wp-json\/wp\/v2\/comments?post=118188"}],"wp:featuredmedia":[{"embeddable":true,"href":"https:\/\/gpl-love.com\/es\/wp-json\/wp\/v2\/media\/167607"}],"wp:attachment":[{"href":"https:\/\/gpl-love.com\/es\/wp-json\/wp\/v2\/media?parent=118188"}],"wp:term":[{"taxonomy":"product_brand","embeddable":true,"href":"https:\/\/gpl-love.com\/es\/wp-json\/wp\/v2\/product_brand?post=118188"},{"taxonomy":"product_cat","embeddable":true,"href":"https:\/\/gpl-love.com\/es\/wp-json\/wp\/v2\/product_cat?post=118188"},{"taxonomy":"product_tag","embeddable":true,"href":"https:\/\/gpl-love.com\/es\/wp-json\/wp\/v2\/product_tag?post=118188"}],"curies":[{"name":"wp","href":"https:\/\/api.w.org\/{rel}","templated":true}]}}