{"id":118186,"date":"2021-02-09T00:00:00","date_gmt":"2021-02-09T05:00:00","guid":{"rendered":"https:\/\/gpl-love.com\/es\/producto\/studiopress-gallery-pro-genesis-wordpress-theme\/"},"modified":"2026-04-10T11:26:09","modified_gmt":"2026-04-10T16:26:09","slug":"studiopress-gallery-pro-genesis-wordpress-theme","status":"publish","type":"product","link":"https:\/\/gpl-love.com\/es\/producto\/studiopress-gallery-pro-genesis-wordpress-theme\/","title":{"rendered":"StudioPress Gallery Pro Genesis WordPress Theme 1.2.0"},"content":{"rendered":"<h3>StudioPress Gallery Pro Genesis WordPress Theme Caracteristicas<\/h3>\n<p>El tema de WordPress de la galer\u00eda de StudioPress Pro Genesis es un tema exquisitamente dise\u00f1ado y altamente contempor\u00e1neo que ha sido desarrollado expl\u00edcitamente para satisfacer las necesidades de fot\u00f3grafos profesionales, artistas y creativos. Con un dise\u00f1o que pone un fuerte \u00e9nfasis en la exhibici\u00f3n de im\u00e1genes visualmente impresionantes, este tema exuda una sensaci\u00f3n de refinamiento con su est\u00e9tica elegante y minimalista, lo que permite a sus esfuerzos creativos a reclamar el centro de atenci\u00f3n que merecen. A trav\u00e9s de la incorporaci\u00f3n de widgets de p\u00e1gina de inicio personalizables, mostrar sin esfuerzo su impresionante cartera se convierte en una brisa, mientras que la inclusi\u00f3n de una amplia gama de plantillas de p\u00e1gina le brinda la oportunidad de dise\u00f1ar dise\u00f1os distintivos e incomparables para su contenido. Adem\u00e1s, al basarse en el formidable marco de G\u00e9nesis, este tema posee un nivel inherente de compatibilidad de optimizaci\u00f3n de motores de seguridad (SEO), asegurando as\u00ed que su sitio web no solo parezca visualmente atractivo, sino que tambi\u00e9n sobresale en t\u00e9rminos de rendimiento en todos los dispositivos. Ya sea que su objetivo final sea promover y comercializar sus creaciones art\u00edsticas, expandir su base de audiencia o establecer una presencia en l\u00ednea extraordinariamente cautivadora, el tema de WordPress de la G\u00e9nesis de StudioPress, indudablemente se destaca como la elecci\u00f3n por excelencia para llevar estas aspiraciones a fruici\u00f3n.<\/p>\n<ul>\n<li>Est\u00e9tica de dise\u00f1o limpia y moderna perfecta para exhibir im\u00e1genes<\/li>\n<li>Construido en el marco Genesis para un rendimiento optimizado y SEO<\/li>\n<li>Dise\u00f1o de respuesta m\u00f3vil para una visualizaci\u00f3n \u00f3ptima en cualquier dispositivo<\/li>\n<li>Opciones de dise\u00f1o m\u00faltiples para personalizar sus p\u00e1ginas de la galer\u00eda<\/li>\n<li>P\u00e1gina de inicio personalizable para exhibir su cartera o \u00faltimo trabajo<\/li>\n<li>Funcionalidad de acci\u00f3n social incorporada para promocionar f\u00e1cilmente sus im\u00e1genes<\/li>\n<li>Panel de opciones de temas f\u00e1ciles de usar y personalizables<\/li>\n<li>Documentaci\u00f3n integral y equipo de apoyo \u00fatil<\/li>\n<li>Compatible con complementos populares de WordPress para una funcionalidad adicional<\/li>\n<\/ul>\n","protected":false},"excerpt":{"rendered":"<p>El tema de WordPress de la galer\u00eda de StudioPress Pro Genesis posee una est\u00e9tica elegante y moderna que se ha adaptado a prop\u00f3sito para atender la exposici\u00f3n de galer\u00edas de im\u00e1genes o videos. Ofreciendo una p\u00e1gina de inicio personalizable, una tipograf\u00eda optimizada y una navegaci\u00f3n f\u00e1cil de usar, este tema permite la creaci\u00f3n sin esfuerzo de una cartera o galer\u00eda en l\u00ednea visualmente cautivadora que muestra perfectamente los esfuerzos creativos de uno. Adem\u00e1s, este tema cuenta con un dise\u00f1o receptivo, asegurando que su galer\u00eda exude Brillance, independientemente del dispositivo en el que se ve, ya sea una computadora de escritorio o un dispositivo m\u00f3vil. Adem\u00e1s, gracias al marco Genesis, el poder y la flexibilidad para personalizar el tema de acuerdo con sus preferencias de marca y estilo est\u00e1n a su disposici\u00f3n. Ya sea que se identifique como artista, fot\u00f3grafo o blogger, el tema de StudioPress Gallery Pro es una opci\u00f3n ejemplar para dise\u00f1ar un sitio web profesional y est\u00e9ticamente notable.<\/p>\n","protected":false},"featured_media":167605,"comment_status":"open","ping_status":"closed","template":"","meta":[],"product_brand":[2358],"product_cat":[1267,1237,1238],"product_tag":[1383],"class_list":{"0":"post-118186","1":"product","2":"type-product","3":"status-publish","4":"has-post-thumbnail","6":"product_brand-studiopress","7":"product_cat-creativo","8":"product_cat-temas","9":"product_cat-wordpress-temas","10":"product_tag-studiopress","11":"member-discount","12":"discount-restricted","14":"first","15":"instock","16":"sale","17":"downloadable","18":"virtual","19":"sold-individually","20":"purchasable","21":"product-type-simple"},"_links":{"self":[{"href":"https:\/\/gpl-love.com\/es\/wp-json\/wp\/v2\/product\/118186","targetHints":{"allow":["GET"]}}],"collection":[{"href":"https:\/\/gpl-love.com\/es\/wp-json\/wp\/v2\/product"}],"about":[{"href":"https:\/\/gpl-love.com\/es\/wp-json\/wp\/v2\/types\/product"}],"replies":[{"embeddable":true,"href":"https:\/\/gpl-love.com\/es\/wp-json\/wp\/v2\/comments?post=118186"}],"wp:featuredmedia":[{"embeddable":true,"href":"https:\/\/gpl-love.com\/es\/wp-json\/wp\/v2\/media\/167605"}],"wp:attachment":[{"href":"https:\/\/gpl-love.com\/es\/wp-json\/wp\/v2\/media?parent=118186"}],"wp:term":[{"taxonomy":"product_brand","embeddable":true,"href":"https:\/\/gpl-love.com\/es\/wp-json\/wp\/v2\/product_brand?post=118186"},{"taxonomy":"product_cat","embeddable":true,"href":"https:\/\/gpl-love.com\/es\/wp-json\/wp\/v2\/product_cat?post=118186"},{"taxonomy":"product_tag","embeddable":true,"href":"https:\/\/gpl-love.com\/es\/wp-json\/wp\/v2\/product_tag?post=118186"}],"curies":[{"name":"wp","href":"https:\/\/api.w.org\/{rel}","templated":true}]}}