{"id":118184,"date":"2021-02-09T00:00:00","date_gmt":"2021-02-09T05:00:00","guid":{"rendered":"https:\/\/gpl-love.com\/es\/producto\/studiopress-executive-pro-genesis-wordpress-theme\/"},"modified":"2026-04-10T11:26:08","modified_gmt":"2026-04-10T16:26:08","slug":"studiopress-executive-pro-genesis-wordpress-theme","status":"publish","type":"product","link":"https:\/\/gpl-love.com\/es\/producto\/studiopress-executive-pro-genesis-wordpress-theme\/","title":{"rendered":"StudioPress Executive Pro Genesis WordPress Theme 3.2.3"},"content":{"rendered":"<h3>StudioPress Executive Pro Genesis WordPress Theme Caracteristicas<\/h3>\n<p>Dise\u00f1ado espec\u00edficamente para sitios web profesionales, el tema de StudioPress Ejecutive Pro Genesis WordPress exuda una est\u00e9tica elegante y moderna. Su interfaz f\u00e1cil de usar y caracter\u00edsticas personalizables le permiten adaptar su sitio web para alinearse perfectamente con su marca. La inclusi\u00f3n del marco Genesis no solo garantiza una base robusta y confiable para su sitio web, sino que tambi\u00e9n facilita la personalizaci\u00f3n y la optimizaci\u00f3n sin esfuerzo. Adem\u00e1s, su dise\u00f1o receptivo garantiza que su sitio web mantenga su apariencia impecable en todos los dispositivos. Las caracter\u00edsticas de SEO incorporadas del tema proporcionan un impulso significativo a la visibilidad de su sitio web en los motores de b\u00fasqueda. En conclusi\u00f3n, el tema de WordPress Ejecutivo Ejecutivo de StudioPress se destaca como una elecci\u00f3n excepcional para empresas y profesionales que buscan una presencia en l\u00ednea refinada y altamente funcional.<\/p>\n<ul>\n<li>Dise\u00f1o premium, elegante y moderno que har\u00e1 que su sitio web se destaque<\/li>\n<li>Construido sobre el potente y confiable marco de g\u00e9nesis para el rendimiento y la seguridad de primer nivel<\/li>\n<li>Opciones de dise\u00f1o de p\u00e1gina de inicio flexibles para personalizar el aspecto de su sitio web<\/li>\n<li>M\u00faltiples opciones de color y fuente para que coincidan con su marca y est\u00e9tica<\/li>\n<li>Encabezado personalizable y opciones de fondo para m\u00e1s personalizaci\u00f3n<\/li>\n<li>\u00c1rea de widget de llamado a acci\u00f3n personalizable para ayudar a aumentar las conversiones<\/li>\n<li>Dise\u00f1o de respuesta m\u00f3vil para una visualizaci\u00f3n \u00f3ptima en cualquier dispositivo<\/li>\n<li>Opciones de tema incorporadas para controlar f\u00e1cilmente el dise\u00f1o, los colores y las caracter\u00edsticas de su sitio web<\/li>\n<li>Compatibilidad garantizada con complementos y complementos populares de WordPress en el ecosistema StudioPress.<\/li>\n<\/ul>\n","protected":false},"excerpt":{"rendered":"<p>El tema de WordPress Ejecutivo de StudioPress Pro Genesis se enorgullece de mostrar una fusi\u00f3n perfecta de sofisticaci\u00f3n y practicidad. Su dise\u00f1o impecablemente optimizado, junto con su formidable gama de caracter\u00edsticas, lo convierte en una opci\u00f3n superlativa para sitios web dedicados a los esfuerzos comerciales y corporativos. La presencia de widgets personalizados de la p\u00e1gina de inicio, plantillas de p\u00e1gina a medida y una variedad de configuraciones de temas empodera a los usuarios para construir sin esfuerzo un refugio en l\u00ednea sofisticado y cautivador. Adem\u00e1s, el tema Ejecutivo de Pro G\u00e9nesis extiende debidamente su apoyo a la capacidad de respuesta m\u00f3vil, al tiempo que es convenientemente personalizable por cortes\u00eda del personalizador de WordPress. Prep\u00e1rese para sorprender a sus estimados visitantes con la destreza inigualable de este tema preeminente de WordPress.<\/p>\n","protected":false},"featured_media":167604,"comment_status":"open","ping_status":"open","template":"","meta":[],"product_brand":[2358],"product_cat":[1307,1237,1238],"product_tag":[1383],"class_list":{"0":"post-118184","1":"product","2":"type-product","3":"status-publish","4":"has-post-thumbnail","6":"product_brand-studiopress","7":"product_cat-negocio-wordpress-temas","8":"product_cat-temas","9":"product_cat-wordpress-temas","10":"product_tag-studiopress","11":"member-discount","12":"discount-restricted","14":"first","15":"instock","16":"sale","17":"downloadable","18":"virtual","19":"sold-individually","20":"purchasable","21":"product-type-simple"},"_links":{"self":[{"href":"https:\/\/gpl-love.com\/es\/wp-json\/wp\/v2\/product\/118184","targetHints":{"allow":["GET"]}}],"collection":[{"href":"https:\/\/gpl-love.com\/es\/wp-json\/wp\/v2\/product"}],"about":[{"href":"https:\/\/gpl-love.com\/es\/wp-json\/wp\/v2\/types\/product"}],"replies":[{"embeddable":true,"href":"https:\/\/gpl-love.com\/es\/wp-json\/wp\/v2\/comments?post=118184"}],"wp:featuredmedia":[{"embeddable":true,"href":"https:\/\/gpl-love.com\/es\/wp-json\/wp\/v2\/media\/167604"}],"wp:attachment":[{"href":"https:\/\/gpl-love.com\/es\/wp-json\/wp\/v2\/media?parent=118184"}],"wp:term":[{"taxonomy":"product_brand","embeddable":true,"href":"https:\/\/gpl-love.com\/es\/wp-json\/wp\/v2\/product_brand?post=118184"},{"taxonomy":"product_cat","embeddable":true,"href":"https:\/\/gpl-love.com\/es\/wp-json\/wp\/v2\/product_cat?post=118184"},{"taxonomy":"product_tag","embeddable":true,"href":"https:\/\/gpl-love.com\/es\/wp-json\/wp\/v2\/product_tag?post=118184"}],"curies":[{"name":"wp","href":"https:\/\/api.w.org\/{rel}","templated":true}]}}