{"id":118182,"date":"2021-02-09T00:00:00","date_gmt":"2021-02-09T05:00:00","guid":{"rendered":"https:\/\/gpl-love.com\/es\/producto\/studiopress-enterprise-pro-genesis-wordpress-theme\/"},"modified":"2026-04-10T11:26:06","modified_gmt":"2026-04-10T16:26:06","slug":"studiopress-enterprise-pro-genesis-wordpress-theme","status":"publish","type":"product","link":"https:\/\/gpl-love.com\/es\/producto\/studiopress-enterprise-pro-genesis-wordpress-theme\/","title":{"rendered":"StudioPress Enterprise Pro Genesis WordPress Theme 2.1.2"},"content":{"rendered":"<h3>StudioPress Enterprise Pro Genesis WordPress Theme Caracteristicas<\/h3>\n<p>El tema StudioPress Enterprise Pro Genesis WordPress, reconocido por su potencia y flexibilidad inigualables, surge como la soluci\u00f3n perfecta para las empresas en todas las dimensiones. Este tema ofrece un dise\u00f1o exquisitamente personalizable, que le permite dise\u00f1ar un sitio web supremamente pulido y contempor\u00e1neo, lo que le permite diferenciarse de sus rivales. Adem\u00e1s, el tema Enterprise Pro cuenta con una gran cantidad de widgets y plantillas de p\u00e1gina, entregando efectivamente una variedad de opciones para adaptar el dise\u00f1o, la tipograf\u00eda y los esquemas de color a su gusto. Adem\u00e1s, el tema ya viene optimizado para la visibilidad suprema del motor de b\u00fasqueda, lo que le proporciona una base excepcionalmente fuerte sobre la cual erigir una floreciente existencia en l\u00ednea. Ya sea que se encuentre en la c\u00faspide de lanzar un sitio web comercial incipiente o simplemente anhele una perspectiva rejuvenecida para una existente, tenga la seguridad de que el tema StudioPress Enterprise Pro Genesis WordPress es una opci\u00f3n ejemplar para su pr\u00f3ximo proyecto.<\/p>\n<ul>\n<li>Dise\u00f1o elegante y profesional para mejorar la est\u00e9tica general de su sitio web<\/li>\n<li>Responsable m\u00f3vil y optimizado para una funcionalidad superior en todos los dispositivos<\/li>\n<li>Alto nivel de opciones de personalizaci\u00f3n para adaptar el tema a la apariencia \u00fanica de su marca<\/li>\n<li>Construido en el marco de g\u00e9nesis confiable para un rendimiento confiable y seguro<\/li>\n<li>M\u00faltiples \u00e1reas de barra lateral y widget proporcionan una flexibilidad mejorada para la colocaci\u00f3n de contenido<\/li>\n<li>Soporte para integraciones y compatibilidad de comercio electr\u00f3nico con una gama de complementos populares de WordPress<\/li>\n<li>Documentaci\u00f3n integral y soporte t\u00e9cnico para implementaci\u00f3n y mantenimiento sin problemas<\/li>\n<li>Acceso a la comunidad de StudioPress para compartir y descubrir nuevas ideas de dise\u00f1o y mejores pr\u00e1cticas.<\/li>\n<\/ul>\n","protected":false},"excerpt":{"rendered":"<p>\u00a1Eleve la calidad de su sitio web a un nuevo reino de excelencia al adoptar el notable tema de WordPress de WordPress de StudioPress Enterprise Pro Genesis! Este tema premium excentado excinado se adapta exquisitamente para satisfacer las necesidades de empresas y agencias que anhelan una presencia en l\u00ednea impecablemente profesional y sofisticada. Ofreciendo un nivel de flexibilidad incomparable, el tema le permite personalizar sin esfuerzo tanto el dise\u00f1o como el dise\u00f1o, lo que finalmente le permite dise\u00f1ar una est\u00e9tica \u00fanica que se alinee sin problemas con la identidad de su marca. Adem\u00e1s, el tema cuenta con una variedad de funcionalidades de backend robustas, incluida la optimizaci\u00f3n de SEO de primer nivel y las velocidades de carga de rayo, garantizando que su sitio web no solo parezca impresionante, sino que tambi\u00e9n ofrece un rendimiento excepcional. Ya sea que est\u00e9 buscando mostrar su cartera, vender productos o proporcionar servicios, el tema Enterprise Pro se erige como la soluci\u00f3n por excelencia para impulsar su sitio web a nuevas alturas de \u00e9xito.<\/p>\n","protected":false},"featured_media":167602,"comment_status":"open","ping_status":"open","template":"","meta":[],"product_brand":[2358],"product_cat":[1307,1237,1238],"product_tag":[1383],"class_list":{"0":"post-118182","1":"product","2":"type-product","3":"status-publish","4":"has-post-thumbnail","6":"product_brand-studiopress","7":"product_cat-negocio-wordpress-temas","8":"product_cat-temas","9":"product_cat-wordpress-temas","10":"product_tag-studiopress","11":"member-discount","12":"discount-restricted","14":"first","15":"instock","16":"sale","17":"downloadable","18":"virtual","19":"sold-individually","20":"purchasable","21":"product-type-simple"},"_links":{"self":[{"href":"https:\/\/gpl-love.com\/es\/wp-json\/wp\/v2\/product\/118182","targetHints":{"allow":["GET"]}}],"collection":[{"href":"https:\/\/gpl-love.com\/es\/wp-json\/wp\/v2\/product"}],"about":[{"href":"https:\/\/gpl-love.com\/es\/wp-json\/wp\/v2\/types\/product"}],"replies":[{"embeddable":true,"href":"https:\/\/gpl-love.com\/es\/wp-json\/wp\/v2\/comments?post=118182"}],"wp:featuredmedia":[{"embeddable":true,"href":"https:\/\/gpl-love.com\/es\/wp-json\/wp\/v2\/media\/167602"}],"wp:attachment":[{"href":"https:\/\/gpl-love.com\/es\/wp-json\/wp\/v2\/media?parent=118182"}],"wp:term":[{"taxonomy":"product_brand","embeddable":true,"href":"https:\/\/gpl-love.com\/es\/wp-json\/wp\/v2\/product_brand?post=118182"},{"taxonomy":"product_cat","embeddable":true,"href":"https:\/\/gpl-love.com\/es\/wp-json\/wp\/v2\/product_cat?post=118182"},{"taxonomy":"product_tag","embeddable":true,"href":"https:\/\/gpl-love.com\/es\/wp-json\/wp\/v2\/product_tag?post=118182"}],"curies":[{"name":"wp","href":"https:\/\/api.w.org\/{rel}","templated":true}]}}