{"id":118180,"date":"2021-02-09T00:00:00","date_gmt":"2021-02-09T05:00:00","guid":{"rendered":"https:\/\/gpl-love.com\/es\/producto\/studiopress-eleven40-pro-genesis-wordpress-theme\/"},"modified":"2026-04-10T11:26:05","modified_gmt":"2026-04-10T16:26:05","slug":"studiopress-eleven40-pro-genesis-wordpress-theme","status":"publish","type":"product","link":"https:\/\/gpl-love.com\/es\/producto\/studiopress-eleven40-pro-genesis-wordpress-theme\/","title":{"rendered":"StudioPress eleven40 Pro Genesis WordPress Theme 2.2.3"},"content":{"rendered":"<h3>StudioPress eleven40 Pro Genesis WordPress Theme Caracteristicas<\/h3>\n<p>El tema de WordPress de StudioPress Eleven40 Pro Genesis, que es un tema excepcional, ha sido creado magistralmente para proporcionar a su sitio web una apariencia sofisticada y pulida. Este tema cuenta con un dise\u00f1o de respuesta m\u00f3vil, asegurando que su sitio web exude la magnificencia en cada dispositivo, ya sea un escritorio, tableta o tel\u00e9fono inteligente. Adem\u00e1s, el tema abarca zonas personalizables de encabezado y pie de p\u00e1gina, otorg\u00e1ndole la libertad de infundir su propia marca y mensaje distintos en su sitio web. Adem\u00e1s, equipado con una variedad de caracter\u00edsticas de SEO incorporadas, este tema garantiza que su sitio web ascender\u00e1 a las filas de los motores de b\u00fasqueda, lo que impulsar\u00e1 la gran cantidad de tr\u00e1fico a su sitio. En particular, el tema Eleven40 Pro Genesis WordPress no solo est\u00e1 configurado sin esfuerzo, sino que tambi\u00e9n es notablemente f\u00e1cil de usar, lo que lo convierte en una selecci\u00f3n ideal tanto para los usuarios de WordPress y experimentados.<\/p>\n<ul>\n<li>Dise\u00f1o totalmente receptivo que se ve muy bien en cualquier dispositivo<\/li>\n<li>Construido sobre el marco de g\u00e9nesis altamente confiable para un rendimiento y seguridad \u00f3ptimos<\/li>\n<li>P\u00e1gina de inicio personalizable que le permite mostrar su contenido de la mejor manera posible<\/li>\n<li>Opciones de dise\u00f1o flexibles para mostrar su contenido en m\u00faltiples formatos<\/li>\n<li>Extensas \u00e1reas de widget para personalizaci\u00f3n y funcionalidad adicionales<\/li>\n<li>Plantillas de p\u00e1gina preconstruidas para p\u00e1ginas de uso com\u00fan, como archivos, blog y p\u00e1ginas de destino<\/li>\n<li>M\u00faltiples esquemas de color para elegir que son profesionales y visualmente atractivos<\/li>\n<li>Personalizaci\u00f3n f\u00e1cil con el personalizador de tema en vivo y el encabezado personalizable y las opciones de fondo<\/li>\n<li>SEO optimizado para ayudar a su sitio a clasificar m\u00e1s alto en las p\u00e1ginas de resultados de los motores de b\u00fasqueda<\/li>\n<li>Documentaci\u00f3n integral y actualizaciones peri\u00f3dicas para el soporte y mejora continuos.<\/li>\n<\/ul>\n","protected":false},"excerpt":{"rendered":"<p>El tema de WordPress de StudioPress Eleven40 Pro Genesis es un tema de WordPress de primer nivel y altamente sofisticado creado a prop\u00f3sito para blogueros, creadores de contenido y empresas que desean exhibir su contenido de manera pulida y contempor\u00e1nea. Este tema est\u00e1 hecho a medida para aquellos que buscan un sitio web que exude la magnificencia en todos los dispositivos y obtenga clasificaciones encomiables en los motores de b\u00fasqueda, debido a su dise\u00f1o receptivo, dise\u00f1o personalizable y caracter\u00edsticas de SEO integradas. Con su interfaz f\u00e1cil de usar y sus opciones de personalizaci\u00f3n perfecta, demuestra ser muy f\u00e1cil establecer un sitio web incomparable y cautivador, todo sin requerir ninguna experiencia de codificaci\u00f3n. Ya sea que est\u00e9 iniciando un blog, embarcarse en una nueva empresa de sitios web o elevar su actual, el tema STUDIOPRESS ELEVEN40 Pro Genesis WordPress surge como la elecci\u00f3n por excelencia para elaborar una presencia en l\u00ednea extraordinaria que deja una impresi\u00f3n indeleble.<\/p>\n","protected":false},"featured_media":167601,"comment_status":"open","ping_status":"open","template":"","meta":[],"product_brand":[2358],"product_cat":[1245,1237,1238],"product_tag":[1383],"class_list":{"0":"post-118180","1":"product","2":"type-product","3":"status-publish","4":"has-post-thumbnail","6":"product_brand-studiopress","7":"product_cat-blog-revista","8":"product_cat-temas","9":"product_cat-wordpress-temas","10":"product_tag-studiopress","11":"member-discount","12":"discount-restricted","14":"first","15":"instock","16":"sale","17":"downloadable","18":"virtual","19":"sold-individually","20":"purchasable","21":"product-type-simple"},"_links":{"self":[{"href":"https:\/\/gpl-love.com\/es\/wp-json\/wp\/v2\/product\/118180","targetHints":{"allow":["GET"]}}],"collection":[{"href":"https:\/\/gpl-love.com\/es\/wp-json\/wp\/v2\/product"}],"about":[{"href":"https:\/\/gpl-love.com\/es\/wp-json\/wp\/v2\/types\/product"}],"replies":[{"embeddable":true,"href":"https:\/\/gpl-love.com\/es\/wp-json\/wp\/v2\/comments?post=118180"}],"wp:featuredmedia":[{"embeddable":true,"href":"https:\/\/gpl-love.com\/es\/wp-json\/wp\/v2\/media\/167601"}],"wp:attachment":[{"href":"https:\/\/gpl-love.com\/es\/wp-json\/wp\/v2\/media?parent=118180"}],"wp:term":[{"taxonomy":"product_brand","embeddable":true,"href":"https:\/\/gpl-love.com\/es\/wp-json\/wp\/v2\/product_brand?post=118180"},{"taxonomy":"product_cat","embeddable":true,"href":"https:\/\/gpl-love.com\/es\/wp-json\/wp\/v2\/product_cat?post=118180"},{"taxonomy":"product_tag","embeddable":true,"href":"https:\/\/gpl-love.com\/es\/wp-json\/wp\/v2\/product_tag?post=118180"}],"curies":[{"name":"wp","href":"https:\/\/api.w.org\/{rel}","templated":true}]}}