{"id":118178,"date":"2021-02-09T00:00:00","date_gmt":"2021-02-09T05:00:00","guid":{"rendered":"https:\/\/gpl-love.com\/es\/producto\/studiopress-elegance-pro-genesis-wordpress-theme\/"},"modified":"2026-04-10T11:26:04","modified_gmt":"2026-04-10T16:26:04","slug":"studiopress-elegance-pro-genesis-wordpress-theme","status":"publish","type":"product","link":"https:\/\/gpl-love.com\/es\/producto\/studiopress-elegance-pro-genesis-wordpress-theme\/","title":{"rendered":"StudioPress Elegance Pro Genesis WordPress Theme 2.0.1"},"content":{"rendered":"<h3>StudioPress Elegance Pro Genesis WordPress Theme Caracteristicas<\/h3>\n<p>El tema de WordPress de Elegance Pro Genesis de StudioPress, con su apariencia exquisita y sofisticada, es una opci\u00f3n ideal para blogueros, empresarios y propietarios de peque\u00f1as empresas por igual. Su dise\u00f1o est\u00e9ticamente agradable y sus atributos adaptables otorgan elegancia a la capacidad de exudar una fachada pulida y contempor\u00e1nea, que est\u00e1 garantizada para cautivar y dejar una impresi\u00f3n indeleble en los visitantes de su sitio web. Construido sobre el formidable marco de Genesis, este tema no solo posee un encanto visual, sino que tambi\u00e9n cuenta con tiempos de carga expeditos y un dise\u00f1o receptivo que garantiza que su sitio web se vea impecable en cualquier dispositivo determinado. El tema se acompa\u00f1a de una variedad de caracter\u00edsticas, que incluyen widgets personalizados, un encabezado y pie de p\u00e1gina personalizable, \u00e1reas de widget de la p\u00e1gina de inicio flexible y una multitud de otras opciones. Independientemente de si su intenci\u00f3n es forjar un blog, mostrar una cartera o establecer un sitio web comercial, el tema de WordPress de Elegance Pro Genesis de StudioPress abarca todo lo que necesita para inaugurar una presencia en l\u00ednea memorable e impactante.<\/p>\n<ul>\n<li>Dise\u00f1o elegante y moderno perfecto para un sitio web o blog profesional<\/li>\n<li>Dise\u00f1o totalmente receptivo optimizado para usuarios de escritorio, tabletas y m\u00f3viles<\/li>\n<li>Proceso de instalaci\u00f3n r\u00e1pido y sin interrupciones con contenido de demostraci\u00f3n incorporado<\/li>\n<li>Opciones de personalizaci\u00f3n intuitivas con personalizador de temas f\u00e1cil de usar<\/li>\n<li>C\u00f3digo amigable con SEO y marcado de esquema para una mejor visibilidad del sitio web<\/li>\n<li>Integraci\u00f3n con complementos populares como WooCommerce y Formularios de gravedad<\/li>\n<li>Soporte y actualizaciones continuas de StudioPress, un nombre de confianza en los temas de WordPress<\/li>\n<li>Traducci\u00f3n lista para una audiencia global y soporte de localizaci\u00f3n para idiomas que no son de ingl\u00e9s<\/li>\n<li>Acceso a una vasta biblioteca de temas y complementos de Genesis WordPress<\/li>\n<li>Compra \u00fanica, no se requieren tarifas recurrentes ni suscripci\u00f3n.<\/li>\n<\/ul>\n","protected":false},"excerpt":{"rendered":"<p>El tema de WordPress de Elegance Pro Genesis de StudioPress, con su dise\u00f1o intrincadamente refinado y exquisito, sirve como un medio ejemplar para presentar y resaltar sus esfuerzos comerciales o creaciones art\u00edsticas. Con un acuerdo pr\u00edstino y una extensa gama de elementos personalizables, este tema ofrece una conveniencia incomparable en t\u00e9rminos de uso y personalizaci\u00f3n, lo que le permite adaptarlo a sus preferencias estil\u00edsticas espec\u00edficas. Meticulosamente elaborado con un dise\u00f1o que se adapta a la perfecci\u00f3n a los dispositivos m\u00f3viles, el tema Elegance Pro Genesis asegura que su sitio web mantenga su esplendor visual independientemente de la plataforma desde la que se acceda. Ya sea que se identifique como un blogger dedicado, un emprendedor visionario o un profesional experimentado, este tema se presenta como la soluci\u00f3n definitiva para establecer una presencia en l\u00ednea sofisticada y refinada que exuda profesionalismo y elegancia.<\/p>\n","protected":false},"featured_media":167600,"comment_status":"open","ping_status":"open","template":"","meta":[],"product_brand":[2358],"product_cat":[1267,1237,1238],"product_tag":[1383],"class_list":{"0":"post-118178","1":"product","2":"type-product","3":"status-publish","4":"has-post-thumbnail","6":"product_brand-studiopress","7":"product_cat-creativo","8":"product_cat-temas","9":"product_cat-wordpress-temas","10":"product_tag-studiopress","11":"member-discount","12":"discount-restricted","14":"first","15":"instock","16":"sale","17":"downloadable","18":"virtual","19":"sold-individually","20":"purchasable","21":"product-type-simple"},"_links":{"self":[{"href":"https:\/\/gpl-love.com\/es\/wp-json\/wp\/v2\/product\/118178","targetHints":{"allow":["GET"]}}],"collection":[{"href":"https:\/\/gpl-love.com\/es\/wp-json\/wp\/v2\/product"}],"about":[{"href":"https:\/\/gpl-love.com\/es\/wp-json\/wp\/v2\/types\/product"}],"replies":[{"embeddable":true,"href":"https:\/\/gpl-love.com\/es\/wp-json\/wp\/v2\/comments?post=118178"}],"wp:featuredmedia":[{"embeddable":true,"href":"https:\/\/gpl-love.com\/es\/wp-json\/wp\/v2\/media\/167600"}],"wp:attachment":[{"href":"https:\/\/gpl-love.com\/es\/wp-json\/wp\/v2\/media?parent=118178"}],"wp:term":[{"taxonomy":"product_brand","embeddable":true,"href":"https:\/\/gpl-love.com\/es\/wp-json\/wp\/v2\/product_brand?post=118178"},{"taxonomy":"product_cat","embeddable":true,"href":"https:\/\/gpl-love.com\/es\/wp-json\/wp\/v2\/product_cat?post=118178"},{"taxonomy":"product_tag","embeddable":true,"href":"https:\/\/gpl-love.com\/es\/wp-json\/wp\/v2\/product_tag?post=118178"}],"curies":[{"name":"wp","href":"https:\/\/api.w.org\/{rel}","templated":true}]}}