{"id":118176,"date":"2021-02-09T00:00:00","date_gmt":"2021-02-09T05:00:00","guid":{"rendered":"https:\/\/gpl-love.com\/es\/producto\/studiopress-divine-pro-genesis-wordpress-theme\/"},"modified":"2026-04-10T11:26:04","modified_gmt":"2026-04-10T16:26:04","slug":"studiopress-divine-pro-genesis-wordpress-theme","status":"publish","type":"product","link":"https:\/\/gpl-love.com\/es\/producto\/studiopress-divine-pro-genesis-wordpress-theme\/","title":{"rendered":"StudioPress Divine Pro Genesis WordPress Theme 1.0.7"},"content":{"rendered":"<h3>StudioPress Divine Pro Genesis WordPress Theme Caracteristicas<\/h3>\n<p>StudioPress Divine Pro Genesis WordPress El tema es un tema de WordPress ejemplar y excepcional meticulosamente dise\u00f1ado para atender los gustos exigentes de los bloggers, empresarios y creativos que buscan exhibir sus esfuerzos art\u00edsticos de una manera exquisita y dignificada. Este tema impresionante cuenta con una gran cantidad de atributos personalizables, que van desde una variedad de esquemas de color vibrantes hasta widgets hechos a medida, todos complementados por un dise\u00f1o receptivo vers\u00e1til y adaptable que se ajusta perfectamente a todos y cada uno de los dispositivos. Adem\u00e1s, este tema abarca una gran cantidad de complementos potentes, incluido el marco de Genesis indispensable, que sirve como una base confiable y firme para su sitio web, as\u00ed como el ingenioso complemento de StudioPress Pro, ingeniosamente dise\u00f1ado para facilitar la personalizaci\u00f3n sin esfuerzo de su tema a trav\u00e9s del ingenioso. Arrastre y suelte la funcionalidad. Con su dise\u00f1o inmaculado y contempor\u00e1neo, StudioPress Divine Pro se presenta como la elecci\u00f3n por excelencia y suprema para las personas que anhelan dise\u00f1ar un sitio web inimitable e ilustre que se distingue inequ\u00edvocamente entre las masas.<\/p>\n<ul>\n<li>Un tema de WordPress de G\u00e9nesis dise\u00f1ado profesionalmente de StudioPress<\/li>\n<li>Un dise\u00f1o limpio y moderno que se puede personalizar para adaptarse a cualquier marca o estilo<\/li>\n<li>Dise\u00f1o de respuesta m\u00f3vil para una visualizaci\u00f3n perfecta en cualquier dispositivo<\/li>\n<li>Viene con 6 opciones de color diferentes para elegir<\/li>\n<li>Caracter\u00edsticas incorporadas para la integraci\u00f3n de las redes sociales y la optimizaci\u00f3n de motores de b\u00fasqueda (SEO)<\/li>\n<li>Opciones de dise\u00f1o de encabezado y pie de p\u00e1gina f\u00e1cil de usar y personalizable<\/li>\n<li>P\u00e1gina de inicio personalizable con \u00e1reas de widgets y m\u00faltiples opciones de dise\u00f1o<\/li>\n<li>Integraci\u00f3n perfecta con complementos populares de WordPress como WooCommerce y Formularios de gravedad<\/li>\n<li>Actualizaciones consistentes y soporte continuo del equipo de StudioPress.<\/li>\n<\/ul>\n","protected":false},"excerpt":{"rendered":"<p>El tema de WordPress Divine Pro Genesis de StudioPress, un tema est\u00e9ticamente agradable y altamente competente, ha sido meticulosamente elaborado para satisfacer las necesidades de blogueros, autores y empresarios en l\u00ednea. Con un dise\u00f1o elegante y minimalista, este tema sirve como una excelente plataforma para resaltar su contenido y establecer una presencia formidable en l\u00ednea. Junto con su apariencia impresionante, el tema tambi\u00e9n abarca una gran cantidad de caracter\u00edsticas, incluidos encabezados personalizables, plantillas de p\u00e1gina personalizadas y c\u00f3digo optimizado que facilita la velocidad mejorada del sitio y la optimizaci\u00f3n de motores de b\u00fasqueda. Ya sea que se est\u00e9 embarcando en una nueva empresa de blogs o que busque rejuvenecer su sitio web existente, el tema Divine Pro Genesis WordPress presenta una soluci\u00f3n exquisita y pr\u00e1ctica.<\/p>\n","protected":false},"featured_media":167599,"comment_status":"open","ping_status":"open","template":"","meta":[],"product_brand":[2358],"product_cat":[1267,1237,1238],"product_tag":[1383],"class_list":{"0":"post-118176","1":"product","2":"type-product","3":"status-publish","4":"has-post-thumbnail","6":"product_brand-studiopress","7":"product_cat-creativo","8":"product_cat-temas","9":"product_cat-wordpress-temas","10":"product_tag-studiopress","11":"member-discount","12":"discount-restricted","14":"first","15":"instock","16":"sale","17":"downloadable","18":"virtual","19":"sold-individually","20":"purchasable","21":"product-type-simple"},"_links":{"self":[{"href":"https:\/\/gpl-love.com\/es\/wp-json\/wp\/v2\/product\/118176","targetHints":{"allow":["GET"]}}],"collection":[{"href":"https:\/\/gpl-love.com\/es\/wp-json\/wp\/v2\/product"}],"about":[{"href":"https:\/\/gpl-love.com\/es\/wp-json\/wp\/v2\/types\/product"}],"replies":[{"embeddable":true,"href":"https:\/\/gpl-love.com\/es\/wp-json\/wp\/v2\/comments?post=118176"}],"wp:featuredmedia":[{"embeddable":true,"href":"https:\/\/gpl-love.com\/es\/wp-json\/wp\/v2\/media\/167599"}],"wp:attachment":[{"href":"https:\/\/gpl-love.com\/es\/wp-json\/wp\/v2\/media?parent=118176"}],"wp:term":[{"taxonomy":"product_brand","embeddable":true,"href":"https:\/\/gpl-love.com\/es\/wp-json\/wp\/v2\/product_brand?post=118176"},{"taxonomy":"product_cat","embeddable":true,"href":"https:\/\/gpl-love.com\/es\/wp-json\/wp\/v2\/product_cat?post=118176"},{"taxonomy":"product_tag","embeddable":true,"href":"https:\/\/gpl-love.com\/es\/wp-json\/wp\/v2\/product_tag?post=118176"}],"curies":[{"name":"wp","href":"https:\/\/api.w.org\/{rel}","templated":true}]}}