{"id":118174,"date":"2021-02-09T00:00:00","date_gmt":"2021-02-09T05:00:00","guid":{"rendered":"https:\/\/gpl-love.com\/es\/producto\/studiopress-corporate-pro-genesis-wordpress-theme\/"},"modified":"2026-04-10T11:26:02","modified_gmt":"2026-04-10T16:26:02","slug":"studiopress-corporate-pro-genesis-wordpress-theme","status":"publish","type":"product","link":"https:\/\/gpl-love.com\/es\/producto\/studiopress-corporate-pro-genesis-wordpress-theme\/","title":{"rendered":"StudioPress Corporate Pro Genesis WordPress Theme 1.1.1"},"content":{"rendered":"<h3>StudioPress Corporate Pro Genesis WordPress Theme Caracteristicas<\/h3>\n<p>El tema de WordPress Corporate Pro Genesis de StudioPress es una herramienta muy robusta y eficiente que se ha desarrollado espec\u00edficamente para ayudar a las empresas a establecer una presencia en l\u00ednea altamente profesional. Este notable tema cuenta con un dise\u00f1o elegante y contempor\u00e1neo que se adapta sin esfuerzo a todos los tama\u00f1os y resoluciones de pantalla, garantizando una experiencia visual excepcional independientemente del dispositivo que se utilice. Con su excepcional personalizaci\u00f3n, el tema ofrece una oportunidad incomparable para exhibir una extensa gama de productos y servicios, destacar efectivamente a los miembros clave del equipo y exhibir con orgullo testimonios brillantes de los clientes. Adem\u00e1s, el tema Corporate Pro Genesis WordPress se construye ingeniosamente en el aclamado Marco de Genesis, reconocido por sus caracter\u00edsticas de seguridad de vanguardia y su rapidez inigualable en t\u00e9rminos de rendimiento general. Adem\u00e1s, este notable tema tambi\u00e9n proporciona una impresionante selecci\u00f3n de plantillas de p\u00e1gina preconstruidas, que abarcan los gustos de una p\u00e1gina de blog completamente funcional, una p\u00e1gina de contacto f\u00e1cil de usar, as\u00ed como p\u00e1ginas de destino cautivadoras. Por lo tanto, ya sea que sea un aspirante a emprendedor que se embarca en una empresa a peque\u00f1a escala o en una entidad corporativa bien establecida, el tema corporativo de Pro Genesis WordPress sirve como una opci\u00f3n verdaderamente excepcional, facilitando la creaci\u00f3n de un sitio web visualmente impresionante que incorpora y refleja la incapacidad y refleja el esencia de la identidad \u00fanica de su marca.<\/p>\n<ul>\n<li>Dise\u00f1o profesional y moderno con opciones de color personalizables<\/li>\n<li>Receptivo m\u00f3vil y optimizado para SEO<\/li>\n<li>\u00c1reas de widget flexibles para personalizar el dise\u00f1o de la p\u00e1gina de inicio<\/li>\n<li>Codificado con c\u00f3digo limpio, seguro y optimizado para velocidades de carga r\u00e1pidas<\/li>\n<li>Construido sobre el marco de G\u00e9nesis confiable y robusto<\/li>\n<li>Incluye plantillas y bloques de p\u00e1gina predise\u00f1ados para una f\u00e1cil personalizaci\u00f3n<\/li>\n<li>Compatible con complementos populares de WordPress para una funcionalidad adicional<\/li>\n<li>Incluye soporte incorporado para el comercio electr\u00f3nico a trav\u00e9s de WooCommerce<\/li>\n<li>Viene con documentaci\u00f3n confiable e integral y atenci\u00f3n al cliente.<\/li>\n<\/ul>\n","protected":false},"excerpt":{"rendered":"<p>El tema de WordPress Corporate Pro Genesis de StudioPress es un dise\u00f1o impecablemente dise\u00f1ado y refinado que es muy adecuado para cualquier sitio web corporativo estimado. Ofrece una amplia gama de caracter\u00edsticas personalizables que abarcan una variedad de dise\u00f1os, esquemas de color y widgets. Sorprendentemente, este tema cuenta con plena capacidad de respuesta y funcionalidad amigable con los dispositivos m\u00f3viles, asegurando as\u00ed que su sitio web mantenga su impresionante rostro en todo tipo de dispositivos. En virtud de su dise\u00f1o impecable y sofisticado, la presentaci\u00f3n de sus productos, servicios e informaci\u00f3n de la empresa de manera cautivadora se convierte en un esfuerzo sin esfuerzo. Adem\u00e1s, este tema incorpora la optimizaci\u00f3n de SEO y la integraci\u00f3n perfecta de las redes sociales, lo que le brinda la oportunidad de difundir sin esfuerzo su estimado contenido. Independientemente de si est\u00e1 en la g\u00e9nesis de su viaje empresarial o si es una entidad ya establecida, este tema le confiere una presencia en l\u00ednea consumadamente profesional y refinada.<\/p>\n","protected":false},"featured_media":167597,"comment_status":"open","ping_status":"open","template":"","meta":[],"product_brand":[2358],"product_cat":[1307,1237,1238],"product_tag":[1383],"class_list":{"0":"post-118174","1":"product","2":"type-product","3":"status-publish","4":"has-post-thumbnail","6":"product_brand-studiopress","7":"product_cat-negocio-wordpress-temas","8":"product_cat-temas","9":"product_cat-wordpress-temas","10":"product_tag-studiopress","11":"member-discount","12":"discount-restricted","14":"first","15":"instock","16":"sale","17":"downloadable","18":"virtual","19":"sold-individually","20":"purchasable","21":"product-type-simple"},"_links":{"self":[{"href":"https:\/\/gpl-love.com\/es\/wp-json\/wp\/v2\/product\/118174","targetHints":{"allow":["GET"]}}],"collection":[{"href":"https:\/\/gpl-love.com\/es\/wp-json\/wp\/v2\/product"}],"about":[{"href":"https:\/\/gpl-love.com\/es\/wp-json\/wp\/v2\/types\/product"}],"replies":[{"embeddable":true,"href":"https:\/\/gpl-love.com\/es\/wp-json\/wp\/v2\/comments?post=118174"}],"wp:featuredmedia":[{"embeddable":true,"href":"https:\/\/gpl-love.com\/es\/wp-json\/wp\/v2\/media\/167597"}],"wp:attachment":[{"href":"https:\/\/gpl-love.com\/es\/wp-json\/wp\/v2\/media?parent=118174"}],"wp:term":[{"taxonomy":"product_brand","embeddable":true,"href":"https:\/\/gpl-love.com\/es\/wp-json\/wp\/v2\/product_brand?post=118174"},{"taxonomy":"product_cat","embeddable":true,"href":"https:\/\/gpl-love.com\/es\/wp-json\/wp\/v2\/product_cat?post=118174"},{"taxonomy":"product_tag","embeddable":true,"href":"https:\/\/gpl-love.com\/es\/wp-json\/wp\/v2\/product_tag?post=118174"}],"curies":[{"name":"wp","href":"https:\/\/api.w.org\/{rel}","templated":true}]}}