{"id":118170,"date":"2021-02-09T00:00:00","date_gmt":"2021-02-09T05:00:00","guid":{"rendered":"https:\/\/gpl-love.com\/es\/producto\/studiopress-business-pro-genesis-wordpress-theme\/"},"modified":"2026-03-13T17:30:00","modified_gmt":"2026-03-13T22:30:00","slug":"studiopress-business-pro-genesis-wordpress-theme","status":"publish","type":"product","link":"https:\/\/gpl-love.com\/es\/producto\/studiopress-business-pro-genesis-wordpress-theme\/","title":{"rendered":"StudioPress Business Pro Genesis WordPress Theme 1.1.0"},"content":{"rendered":"<h3>StudioPress Business Pro Genesis WordPress Theme Caracteristicas<\/h3>\n<p>El tema de WordPress de StudioPress Business Pro Genesis es un tema excepcional, que muestra su calidad de grado profesional, con el objetivo de otorgar a su sitio web una apariencia elegante y contempor\u00e1nea. Este tema est\u00e1 dise\u00f1ado ingeniosamente para ser personalizable, lo que le permite configurar la p\u00e1gina de inicio, el encabezado y el pie de p\u00e1gina con sus especificaciones exactas. En consecuencia, puede dise\u00f1ar sin esfuerzo un sitio web que refleje su marca impecablemente, al tiempo que presenta su negocio de la manera m\u00e1s cautivadora y ventajosa. Adem\u00e1s, este tema es completamente receptivo, garantizando que su sitio web exude la resplencia en todos los dispositivos. Adem\u00e1s, se elabora meticulosamente utilizando el marco Genesis, otorgando la rapidez, la seguridad y la optimizaci\u00f3n para los motores de b\u00fasqueda. En consecuencia, ya sea que usted sea el propietario de una peque\u00f1a empresa, un blogger prol\u00edfico o un freelancer experto, el tema de StudioPress Business Pro Genesis WordPress se destaca sin esfuerzo como la elecci\u00f3n por excelencia para establecer una presencia profesional en l\u00ednea que lo impulsar\u00e1 indudablemente hacia el alcance de tus metas.<\/p>\n<ul>\n<li>Dise\u00f1ado para ofrecer un sitio profesional y poderoso de WordPress para cualquier negocio<\/li>\n<li>P\u00e1gina de inicio personalizable con una variedad de \u00e1reas listas para los widgets para mostrar contenido clave<\/li>\n<li>Incluye c\u00f3digo optimizado e integraci\u00f3n avanzada con todos los complementos esenciales para el m\u00e1ximo rendimiento<\/li>\n<li>El dise\u00f1o receptivo m\u00f3vil asegura que su sitio se vea pulido y se desempe\u00f1a bien en todos los dispositivos<\/li>\n<li>M\u00faltiples esquemas de color y widgets le permiten personalizar la apariencia de su sitio para que coincida con su marca<\/li>\n<li>Incluye soporte completo y actualizaciones de funcionalidad y seguridad, brindando tranquilidad y f\u00e1cil mantenimiento<\/li>\n<li>Ofrece funcionalidad avanzada, como opciones de temas, men\u00fas personalizados y widgets simplificados para facilitar la personalizaci\u00f3n del sitio.<\/li>\n<li>Optimizaci\u00f3n de SEO incorporada y el soporte de esquema.org ayuda a mejorar la clasificaci\u00f3n y visibilidad del sitio web<\/li>\n<li>Viene con documentaci\u00f3n completa y tutoriales en video para ayudarlo a aprovechar al m\u00e1ximo su inversi\u00f3n.<\/li>\n<\/ul>\n","protected":false},"excerpt":{"rendered":"<p>StudioPress Business Pro Genesis WordPress El tema es un tema premium excepcional que ha sido meticulosamente dise\u00f1ado para proporcionar a los empresarios y a los propietarios de peque\u00f1as empresas las herramientas necesarias para establecer una presencia en l\u00ednea pulida y sofisticada. Con un dise\u00f1o elegante y contempor\u00e1neo, este tema ofrece una gran cantidad de plantillas de p\u00e1gina personalizables y una variedad de caracter\u00edsticas avanzadas que se adaptan espec\u00edficamente a las necesidades \u00fanicas de las empresas en varias industrias. Integrando perfectamente con el marco Genesis, este tema de WordPress combina perfectamente la est\u00e9tica exquisita con una funcionalidad incomparable. Desde su interfaz f\u00e1cil de usar hasta sus notables capacidades de optimizaci\u00f3n de motores de b\u00fasqueda, StudioPress Business Pro Genesis WordPress Temo es una opci\u00f3n impecable para aquellas personas que aspiran a diferenciar sus negocios en el vasto panorama en l\u00ednea.<\/p>\n","protected":false},"featured_media":167595,"comment_status":"open","ping_status":"open","template":"","meta":[],"product_brand":[2358],"product_cat":[1307,1237,1238],"product_tag":[1383],"class_list":{"0":"post-118170","1":"product","2":"type-product","3":"status-publish","4":"has-post-thumbnail","6":"product_brand-studiopress","7":"product_cat-negocio-wordpress-temas","8":"product_cat-temas","9":"product_cat-wordpress-temas","10":"product_tag-studiopress","11":"member-discount","12":"discount-restricted","14":"first","15":"instock","16":"sale","17":"downloadable","18":"virtual","19":"sold-individually","20":"purchasable","21":"product-type-simple"},"_links":{"self":[{"href":"https:\/\/gpl-love.com\/es\/wp-json\/wp\/v2\/product\/118170","targetHints":{"allow":["GET"]}}],"collection":[{"href":"https:\/\/gpl-love.com\/es\/wp-json\/wp\/v2\/product"}],"about":[{"href":"https:\/\/gpl-love.com\/es\/wp-json\/wp\/v2\/types\/product"}],"replies":[{"embeddable":true,"href":"https:\/\/gpl-love.com\/es\/wp-json\/wp\/v2\/comments?post=118170"}],"wp:featuredmedia":[{"embeddable":true,"href":"https:\/\/gpl-love.com\/es\/wp-json\/wp\/v2\/media\/167595"}],"wp:attachment":[{"href":"https:\/\/gpl-love.com\/es\/wp-json\/wp\/v2\/media?parent=118170"}],"wp:term":[{"taxonomy":"product_brand","embeddable":true,"href":"https:\/\/gpl-love.com\/es\/wp-json\/wp\/v2\/product_brand?post=118170"},{"taxonomy":"product_cat","embeddable":true,"href":"https:\/\/gpl-love.com\/es\/wp-json\/wp\/v2\/product_cat?post=118170"},{"taxonomy":"product_tag","embeddable":true,"href":"https:\/\/gpl-love.com\/es\/wp-json\/wp\/v2\/product_tag?post=118170"}],"curies":[{"name":"wp","href":"https:\/\/api.w.org\/{rel}","templated":true}]}}