{"id":118168,"date":"2021-02-09T00:00:00","date_gmt":"2021-02-09T05:00:00","guid":{"rendered":"https:\/\/gpl-love.com\/es\/producto\/studiopress-brunch-pro-genesis-wordpress-theme\/"},"modified":"2026-04-10T11:26:00","modified_gmt":"2026-04-10T16:26:00","slug":"studiopress-brunch-pro-genesis-wordpress-theme","status":"publish","type":"product","link":"https:\/\/gpl-love.com\/es\/producto\/studiopress-brunch-pro-genesis-wordpress-theme\/","title":{"rendered":"StudioPress Brunch Pro Genesis WordPress Theme 4.2.0"},"content":{"rendered":"<h3>StudioPress Brunch Pro Genesis WordPress Theme Caracteristicas<\/h3>\n<p>El tema de WordPress de SudioPress Brunch Pro Genesis es un tema de WordPress incre\u00edblemente vers\u00e1til y altamente personalizable que ha sido dise\u00f1ado espec\u00edficamente para satisfacer las necesidades de los blogs de alimentos y estilo de vida, as\u00ed como negocios de catering y planificaci\u00f3n de eventos, y otros sitios web similares. Con un dise\u00f1o elegante y contempor\u00e1neo, junto con opciones personalizables de encabezado y pie de p\u00e1gina, y una gama f\u00e1cil de navegar de opciones de personalizaci\u00f3n de temas, Brunch Pro brinda a los usuarios la oportunidad de crear un sitio web que sea realmente \u00fanico en su tipo, Y eso encapsula perfectamente su identidad de marca y estilo personal. Adem\u00e1s, este tema excepcional tambi\u00e9n ofrece soporte incorporado para WooCommerce, lo que permite a los usuarios incorporar sin esfuerzo una tienda en l\u00ednea en su sitio web, ampliando a\u00fan m\u00e1s su potencial comercial. Al priorizar la experiencia del usuario y la facilidad de uso por encima de todo, Brunch Pro representa la opci\u00f3n ideal para las personas que buscan crear un sitio web visualmente cautivador y altamente funcional, todo sin requerir un amplio conocimiento de la codificaci\u00f3n.<\/p>\n<ul>\n<li>Un tema premium de WordPress dise\u00f1ado espec\u00edficamente para blogueros y entusiastas de los alimentos<\/li>\n<li>Totalmente respondido a m\u00f3vil y optimizado para motores de b\u00fasqueda<\/li>\n<li>Ofrece una variedad de opciones personalizables para el dise\u00f1o, color y tipograf\u00eda.<\/li>\n<li>Viene con integraci\u00f3n de recetas incorporada para un f\u00e1cil formato de recetas y organizaci\u00f3n<\/li>\n<li>Incluye una p\u00e1gina de inicio personalizable con m\u00faltiples \u00e1reas de widgets para mostrar contenido destacado<\/li>\n<li>Desarrollado en el marco de g\u00e9nesis bien establecido para un rendimiento y seguridad s\u00f3lidos<\/li>\n<li>Ofrece instalaci\u00f3n de contenido de demostraci\u00f3n con un solo clic y documentaci\u00f3n extensa para una f\u00e1cil configuraci\u00f3n y personalizaci\u00f3n<\/li>\n<li>Proporciona acceso a los foros de la comunidad StudioPress y el apoyo para la resoluci\u00f3n de problemas y la asistencia<\/li>\n<li>Altamente recomendado por expertos de la industria y usuarios satisfechos por igual para su interfaz f\u00e1cil de usar y su elegante est\u00e9tica de dise\u00f1o.<\/li>\n<\/ul>\n","protected":false},"excerpt":{"rendered":"<p>Prep\u00e1rese para una presencia en l\u00ednea mejorada que realmente elevar\u00e1 su plataforma digital, cortes\u00eda del tema excepcional de StudioPress Brunch Pro Genesis WordPress. Este tema exquisitamente elaborado se ha adaptado espec\u00edficamente para satisfacer las necesidades de los bloggers de alimentos, los influenciadores de estilo de vida y las personas que buscan exhibir su marca personal distintiva. Brunch Pro cuenta con una variedad de opciones de personalizaci\u00f3n f\u00e1cil de usar, otorg\u00e1ndole la libertad de crear un sitio web que sea tan \u00fanico como usted. Sus dise\u00f1os altamente adaptables y su dise\u00f1o receptivo aseguran que su sitio web exude un aire de excelencia, independientemente de que el dispositivo se utilice para acceder a \u00e9l. Ofreciendo una selecci\u00f3n diversa de llamativas paletas de colores y opciones de tipograf\u00eda, este tema le permite seleccionar un espacio digital que refleje perfectamente su estilo personal. Adem\u00e1s, Brunch Pro est\u00e1 equipado con una multitud de caracter\u00edsticas incorporadas, como soporte para WooCommerce y WordPress Customizer, simplificando as\u00ed la adici\u00f3n de la funcionalidad de comercio electr\u00f3nico y le permite adaptar perfectamente su sitio para cumplir con sus requisitos espec\u00edficos. Entonces, \u00bfpor qu\u00e9 esperar por m\u00e1s tiempo? \u00a1Emb\u00e1rcate en una transformaci\u00f3n extraordinaria de tu presencia en l\u00ednea adoptando las capacidades incomparables de Brunch Pro hoy!<\/p>\n","protected":false},"featured_media":167594,"comment_status":"open","ping_status":"open","template":"","meta":[],"product_brand":[2358],"product_cat":[1267,1237,1238],"product_tag":[1383],"class_list":{"0":"post-118168","1":"product","2":"type-product","3":"status-publish","4":"has-post-thumbnail","6":"product_brand-studiopress","7":"product_cat-creativo","8":"product_cat-temas","9":"product_cat-wordpress-temas","10":"product_tag-studiopress","11":"member-discount","12":"discount-restricted","14":"first","15":"instock","16":"sale","17":"downloadable","18":"virtual","19":"sold-individually","20":"purchasable","21":"product-type-simple"},"_links":{"self":[{"href":"https:\/\/gpl-love.com\/es\/wp-json\/wp\/v2\/product\/118168","targetHints":{"allow":["GET"]}}],"collection":[{"href":"https:\/\/gpl-love.com\/es\/wp-json\/wp\/v2\/product"}],"about":[{"href":"https:\/\/gpl-love.com\/es\/wp-json\/wp\/v2\/types\/product"}],"replies":[{"embeddable":true,"href":"https:\/\/gpl-love.com\/es\/wp-json\/wp\/v2\/comments?post=118168"}],"wp:featuredmedia":[{"embeddable":true,"href":"https:\/\/gpl-love.com\/es\/wp-json\/wp\/v2\/media\/167594"}],"wp:attachment":[{"href":"https:\/\/gpl-love.com\/es\/wp-json\/wp\/v2\/media?parent=118168"}],"wp:term":[{"taxonomy":"product_brand","embeddable":true,"href":"https:\/\/gpl-love.com\/es\/wp-json\/wp\/v2\/product_brand?post=118168"},{"taxonomy":"product_cat","embeddable":true,"href":"https:\/\/gpl-love.com\/es\/wp-json\/wp\/v2\/product_cat?post=118168"},{"taxonomy":"product_tag","embeddable":true,"href":"https:\/\/gpl-love.com\/es\/wp-json\/wp\/v2\/product_tag?post=118168"}],"curies":[{"name":"wp","href":"https:\/\/api.w.org\/{rel}","templated":true}]}}