{"id":118166,"date":"2026-05-05T00:00:00","date_gmt":"2026-05-05T05:00:00","guid":{"rendered":"https:\/\/gpl-love.com\/es\/?post_type=product&#038;p=118166"},"modified":"2026-05-05T17:16:00","modified_gmt":"2026-05-05T22:16:00","slug":"studiopress-breakthrough-pro-genesis-wordpress-theme","status":"publish","type":"product","link":"https:\/\/gpl-love.com\/es\/producto\/studiopress-breakthrough-pro-genesis-wordpress-theme\/","title":{"rendered":"StudioPress Breakthrough Pro Genesis WordPress Theme 1.3.2"},"content":{"rendered":"<h3>StudioPress Breakthrough Pro Genesis WordPress Theme Caracteristicas<\/h3>\n<p>El tema de StudioPress Breakthrough Pro Genesis WordPress es una herramienta excepcionalmente robusta y efectiva que atiende a individuos o empresas que buscan un sitio web altamente profesional y f\u00e1cil de usar. Este notable tema cuenta con una exquisita combinaci\u00f3n de elegancia y modernidad, asegurando la presencia perfecta en l\u00ednea sin comprometer la funcionalidad. Con un dise\u00f1o limpio y minimalista, Breakthrough Pro acomoda sin esfuerzo una amplia gama de tipos de contenido, mientras que su capacidad de respuesta completa garantiza una pantalla visualmente impresionante en cualquier dispositivo. Adem\u00e1s, este tema est\u00e1 equipado con una variedad de opciones de dise\u00f1o, colores personalizables y numerosas \u00e1reas de widgets, lo que es una opci\u00f3n notablemente vers\u00e1til para cualquier sitio web. Adem\u00e1s, sus caracter\u00edsticas integradas de SEO y configuraciones f\u00e1ciles de usar facilitan la optimizaci\u00f3n perfecta de su sitio, mejorando as\u00ed su visibilidad en los motores de b\u00fasqueda. En resumen, el tema de StudioPress Breakthrough Pro Genesis WordPress surge como una selecci\u00f3n sobresaliente para las personas en busca de un tema de WordPress altamente adaptable, potente y f\u00e1cil de usar.<\/p>\n<ul>\n<li>Un tema de WordPress moderno y profesional dise\u00f1ado para sitios web de negocios<\/li>\n<li>Dise\u00f1o totalmente receptivo y amigable para m\u00f3viles<\/li>\n<li>Encabezado y pie de p\u00e1gina personalizable con la capacidad de agregar un bot\u00f3n de llamada a la acci\u00f3n<\/li>\n<li>Seis esquemas de color prefabricados para elegir o personalizar su propia paleta de colores<\/li>\n<li>Optimizado para SEO con integraci\u00f3n de marcado de esquema<\/li>\n<li>Integraci\u00f3n f\u00e1cil con complementos populares como WooCommerce y Formularios de gravedad<\/li>\n<li>Soporte incorporado para la carga de logotipos personalizada y Favicon<\/li>\n<li>Soporte incorporado para \u00edconos sociales y botones para compartir<\/li>\n<li>Secci\u00f3n de p\u00e1gina de inicio personalizable con m\u00faltiples \u00e1reas de widgets<\/li>\n<li>Instrucciones de configuraci\u00f3n de tema paso a paso e importaci\u00f3n de contenido de demostraci\u00f3n incluida<\/li>\n<li>Equipo de soporte dedicado y actualizaciones de temas regulares.<\/li>\n<\/ul>\n","protected":false},"excerpt":{"rendered":"<p>Nos complace presentar el notable tema de WordPress de Pro Genesis de StudioPress, que sirve como la soluci\u00f3n de sitio web definitiva para aspirantes a empresarios, blogueros influyentes y ambiciosos due\u00f1os de negocios que est\u00e1n decididos a dejar un impacto duradero en el \u00e1mbito en l\u00ednea. Con un dise\u00f1o elegante y contempor\u00e1neo, este tema ofrece opciones de personalizaci\u00f3n completas, lo que le permite a la moda sin esfuerzo un sitio web que se alinea perfectamente con las necesidades distintivas de su marca. Con sus elementos de dise\u00f1o impecables y una interfaz que prioriza la facilidad de uso, el tema de StudioPress Breakthrough Pro Genesis WordPress posee el poder de revolucionar su presencia en l\u00ednea, elev\u00e1ndolo por encima del ruido y la feroz competencia en el vasto paisaje digital. Independientemente de si tiene como objetivo construir una cartera cautivadora, inaugurar una nueva empresa o simplemente mostrar su valioso contenido, este tema premium es la opci\u00f3n ideal para cumplir con sus aspiraciones.<\/p>\n","protected":false},"featured_media":167593,"comment_status":"open","ping_status":"open","template":"","meta":[],"product_brand":[2358],"product_cat":[1267,1237,1238],"product_tag":[1383],"class_list":{"0":"post-118166","1":"product","2":"type-product","3":"status-publish","4":"has-post-thumbnail","6":"product_brand-studiopress","7":"product_cat-creativo","8":"product_cat-temas","9":"product_cat-wordpress-temas","10":"product_tag-studiopress","11":"member-discount","12":"discount-restricted","14":"first","15":"instock","16":"sale","17":"downloadable","18":"virtual","19":"sold-individually","20":"purchasable","21":"product-type-simple"},"_links":{"self":[{"href":"https:\/\/gpl-love.com\/es\/wp-json\/wp\/v2\/product\/118166","targetHints":{"allow":["GET"]}}],"collection":[{"href":"https:\/\/gpl-love.com\/es\/wp-json\/wp\/v2\/product"}],"about":[{"href":"https:\/\/gpl-love.com\/es\/wp-json\/wp\/v2\/types\/product"}],"replies":[{"embeddable":true,"href":"https:\/\/gpl-love.com\/es\/wp-json\/wp\/v2\/comments?post=118166"}],"wp:featuredmedia":[{"embeddable":true,"href":"https:\/\/gpl-love.com\/es\/wp-json\/wp\/v2\/media\/167593"}],"wp:attachment":[{"href":"https:\/\/gpl-love.com\/es\/wp-json\/wp\/v2\/media?parent=118166"}],"wp:term":[{"taxonomy":"product_brand","embeddable":true,"href":"https:\/\/gpl-love.com\/es\/wp-json\/wp\/v2\/product_brand?post=118166"},{"taxonomy":"product_cat","embeddable":true,"href":"https:\/\/gpl-love.com\/es\/wp-json\/wp\/v2\/product_cat?post=118166"},{"taxonomy":"product_tag","embeddable":true,"href":"https:\/\/gpl-love.com\/es\/wp-json\/wp\/v2\/product_tag?post=118166"}],"curies":[{"name":"wp","href":"https:\/\/api.w.org\/{rel}","templated":true}]}}