{"id":118164,"date":"2026-05-05T00:00:00","date_gmt":"2026-05-05T05:00:00","guid":{"rendered":"https:\/\/gpl-love.com\/es\/?post_type=product&#038;p=118164"},"modified":"2026-05-05T17:15:59","modified_gmt":"2026-05-05T22:15:59","slug":"studiopress-authority-pro-genesis-wordpress-theme","status":"publish","type":"product","link":"https:\/\/gpl-love.com\/es\/producto\/studiopress-authority-pro-genesis-wordpress-theme\/","title":{"rendered":"StudioPress Authority Pro Genesis WordPress Theme 1.5.3"},"content":{"rendered":"<h3>StudioPress Authority Pro Genesis WordPress Theme Caracteristicas<\/h3>\n<p>El tema de WordPress de la Autoridad de EstudioPress Pro Genesis es una herramienta inmensamente poderosa adaptada a las necesidades de los bloggers y empresarios en l\u00ednea que aspiran a establecer su experiencia y credibilidad en sus respectivos nichos. En virtud de su dise\u00f1o meticulosamente elaborado, este tema permite la presentaci\u00f3n perfecta de su contenido de una manera impecablemente organizada y profesional. Su variedad de caracter\u00edsticas notables, incluida la capacidad de personalizar las opciones de encabezado y pie de p\u00e1gina, numerosas \u00e1reas de widgets y su dise\u00f1o receptivo que se adapta sin esfuerzo a cualquier dispositivo, todo contribuye a su encanto innegable. Con una est\u00e9tica elegante y contempor\u00e1nea, Authority Pro sirve como la mejor opci\u00f3n para las personas que buscan construir una presencia en l\u00ednea robusta y atraer una legi\u00f3n devota de seguidores. Independientemente de si es un blogger experimentado o un ne\u00f3fito que se embarca en su viaje digital, tenga la seguridad de que el tema de WordPress de la Autoridad de EstudioPress Pro Genesis abarca todo lo que pueda necesitar para impulsar su sitio web a alturas sin precedentes.<\/p>\n<ul>\n<li>Tema de WordPress premium dise\u00f1ado profesionalmente para bloggers, empresarios y negocios<\/li>\n<li>Dise\u00f1o elegante y moderno con p\u00e1gina de inicio personalizable, encabezado y pie de p\u00e1gina<\/li>\n<li>Construido sobre el marco de g\u00e9nesis confiable y potente para tiempos de carga r\u00e1pidos y c\u00f3digo seguro<\/li>\n<li>Respondida a dispositivos m\u00f3viles y optimizado para SEO para mejorar las clasificaciones de los motores de b\u00fasqueda<\/li>\n<li>Opciones de tema flexibles y \u00e1reas de widgets para la personalizaci\u00f3n sin requerido la codificaci\u00f3n<\/li>\n<li>Secciones destacadas de publicaciones y p\u00e1ginas para resaltar contenido importante<\/li>\n<li>M\u00faltiples esquemas de color para elegir para una marca f\u00e1cil<\/li>\n<li>Integraci\u00f3n con complementos populares como WooCommerce, formularios de gravedad y m\u00e1s<\/li>\n<li>Documentaci\u00f3n detallada y apoyo del equipo de StudioPress para una experiencia sin problemas.<\/li>\n<\/ul>\n","protected":false},"excerpt":{"rendered":"<p>StudioPress Authority pro Genesis WordPress Temo es un tema de sitio web intrincado y multifac\u00e9tico que se ha creado espec\u00edficamente para mejorar la presencia en l\u00ednea de individuos como bloggers, creativos y negocios por igual. Este tema se ha construido meticulosamente en el s\u00f3lido marco de Genesis, asegurando un rendimiento incomparable y capacidades de personalizaci\u00f3n sin esfuerzo. Con un dise\u00f1o elegante y contempor\u00e1neo, Authority Pro es ideal para dise\u00f1ar blogs impresionantes, carteras y sitios de comercio electr\u00f3nico. Adem\u00e1s, su interfaz f\u00e1cil de usar, encabezado f\u00e1cilmente modificable y opciones de dise\u00f1o adaptables funcionan armoniosamente para facilitar la creaci\u00f3n de una personalidad en l\u00ednea distintiva y visualmente que detiene. Independientemente de si usted es un emprendedor en l\u00ednea emprendedor, un vendedor astuto o un creador de contenido talentoso, Authority Pro indudablemente se erige como el instrumento final para exhibir efectivamente su marca y atraer a su audiencia deseada.<\/p>\n","protected":false},"featured_media":167592,"comment_status":"open","ping_status":"open","template":"","meta":[],"product_brand":[2358],"product_cat":[1307,1237,1238],"product_tag":[1383],"class_list":{"0":"post-118164","1":"product","2":"type-product","3":"status-publish","4":"has-post-thumbnail","6":"product_brand-studiopress","7":"product_cat-negocio-wordpress-temas","8":"product_cat-temas","9":"product_cat-wordpress-temas","10":"product_tag-studiopress","11":"member-discount","12":"discount-restricted","14":"first","15":"instock","16":"sale","17":"downloadable","18":"virtual","19":"sold-individually","20":"purchasable","21":"product-type-simple"},"_links":{"self":[{"href":"https:\/\/gpl-love.com\/es\/wp-json\/wp\/v2\/product\/118164","targetHints":{"allow":["GET"]}}],"collection":[{"href":"https:\/\/gpl-love.com\/es\/wp-json\/wp\/v2\/product"}],"about":[{"href":"https:\/\/gpl-love.com\/es\/wp-json\/wp\/v2\/types\/product"}],"replies":[{"embeddable":true,"href":"https:\/\/gpl-love.com\/es\/wp-json\/wp\/v2\/comments?post=118164"}],"wp:featuredmedia":[{"embeddable":true,"href":"https:\/\/gpl-love.com\/es\/wp-json\/wp\/v2\/media\/167592"}],"wp:attachment":[{"href":"https:\/\/gpl-love.com\/es\/wp-json\/wp\/v2\/media?parent=118164"}],"wp:term":[{"taxonomy":"product_brand","embeddable":true,"href":"https:\/\/gpl-love.com\/es\/wp-json\/wp\/v2\/product_brand?post=118164"},{"taxonomy":"product_cat","embeddable":true,"href":"https:\/\/gpl-love.com\/es\/wp-json\/wp\/v2\/product_cat?post=118164"},{"taxonomy":"product_tag","embeddable":true,"href":"https:\/\/gpl-love.com\/es\/wp-json\/wp\/v2\/product_tag?post=118164"}],"curies":[{"name":"wp","href":"https:\/\/api.w.org\/{rel}","templated":true}]}}