{"id":118162,"date":"2021-02-09T00:00:00","date_gmt":"2021-02-09T05:00:00","guid":{"rendered":"https:\/\/gpl-love.com\/es\/producto\/studiopress-author-pro-genesis-wordpress-theme\/"},"modified":"2026-04-10T11:25:58","modified_gmt":"2026-04-10T16:25:58","slug":"studiopress-author-pro-genesis-wordpress-theme","status":"publish","type":"product","link":"https:\/\/gpl-love.com\/es\/producto\/studiopress-author-pro-genesis-wordpress-theme\/","title":{"rendered":"StudioPress Author Pro Genesis WordPress Theme 1.2.4"},"content":{"rendered":"<h3>StudioPress Author Pro Genesis WordPress Theme Caracteristicas<\/h3>\n<p>El autor de StudioPress Pro Genesis WordPress, con su dise\u00f1o sofisticado y profesional, atiende espec\u00edficamente a autores, blogueros y escritores que desean una plataforma elegante y elegante para mostrar su trabajo. Este tema aprovecha el poderoso marco Genesis, que sirve como una base s\u00f3lida para su sitio web, gracias a su c\u00f3digo impecable y optimizado. Adem\u00e1s, Author Pro abarca una mir\u00edada de caracter\u00edsticas personalizables, que van desde encabezados, fondos y colores personalizados, hasta una variedad de opciones de dise\u00f1o de p\u00e1gina de inicio y blog. Adem\u00e1s, este tema prioriza la optimizaci\u00f3n de motores de b\u00fasqueda, garantizando que su valioso contenido resonar\u00e1 sin esfuerzo con su p\u00fablico objetivo. Con una est\u00e9tica elegante y contempor\u00e1nea, Author Pro es el ep\u00edtome de un tema por excelencia, ideal para escritores que aspiran a establecer una presencia en l\u00ednea distinguida.<\/p>\n<ul>\n<li>Dise\u00f1o hermoso y profesional para mostrar su trabajo escrito<\/li>\n<li>Construido sobre el potente marco de g\u00e9nesis para la velocidad, la seguridad y la flexibilidad<\/li>\n<li>Integrado con Gutenberg Block Editor para la creaci\u00f3n de contenido intuitivo<\/li>\n<li>Opciones de encabezado y men\u00fa personalizables para marca y navegaci\u00f3n f\u00e1cil<\/li>\n<li>Plantillas de p\u00e1gina personalizadas para biograf\u00eda de autor, libros\/p\u00e1ginas de productos y m\u00e1s<\/li>\n<li>P\u00e1gina de inicio widgetizada para presentar sus \u00faltimos perfiles de trabajo y redes sociales<\/li>\n<li>Dise\u00f1o de respuesta m\u00f3vil para una visualizaci\u00f3n optimizada en todos los dispositivos<\/li>\n<li>Acceso al apoyo de StudioPress y la comunidad para cualquier pregunta o problema<\/li>\n<li>Compra \u00fanica con actualizaciones y soporte de por vida<\/li>\n<li>Compatible con complementos populares de WordPress para una funcionalidad mejorada.<\/li>\n<\/ul>\n","protected":false},"excerpt":{"rendered":"<p>StudioPress Author Pro es un tema excepcional de WordPress dise\u00f1ado espec\u00edficamente para autores y escritores que buscan presentar su trabajo de una manera que exude profesionalismo y elegancia. Con un dise\u00f1o elegante y contempor\u00e1neo, el autor Pro otorga la capacidad de exhibir sus obras maestras literarias m\u00e1s recientes, art\u00edculos esclarecedores y publicaciones de blog cautivadoras dentro de un formato visualmente llamativo que garantiza que hechice a su audiencia. Anclado en el formidable marco de Genesis, este tema ofrece personalizaci\u00f3n incomparable y optimizaci\u00f3n de SEO. Ya sea que sea un triturador de palabras en ciernes de dejar su marca o un autor experimentado con un trabajo sustancial de trabajo, no busque m\u00e1s que el autor Pro para elevar su presencia en l\u00ednea a alturas sin precedentes.<\/p>\n","protected":false},"featured_media":167591,"comment_status":"open","ping_status":"open","template":"","meta":[],"product_brand":[2358],"product_cat":[1267,1237,1238],"product_tag":[1383],"class_list":{"0":"post-118162","1":"product","2":"type-product","3":"status-publish","4":"has-post-thumbnail","6":"product_brand-studiopress","7":"product_cat-creativo","8":"product_cat-temas","9":"product_cat-wordpress-temas","10":"product_tag-studiopress","11":"member-discount","12":"discount-restricted","14":"first","15":"instock","16":"sale","17":"downloadable","18":"virtual","19":"sold-individually","20":"purchasable","21":"product-type-simple"},"_links":{"self":[{"href":"https:\/\/gpl-love.com\/es\/wp-json\/wp\/v2\/product\/118162","targetHints":{"allow":["GET"]}}],"collection":[{"href":"https:\/\/gpl-love.com\/es\/wp-json\/wp\/v2\/product"}],"about":[{"href":"https:\/\/gpl-love.com\/es\/wp-json\/wp\/v2\/types\/product"}],"replies":[{"embeddable":true,"href":"https:\/\/gpl-love.com\/es\/wp-json\/wp\/v2\/comments?post=118162"}],"wp:featuredmedia":[{"embeddable":true,"href":"https:\/\/gpl-love.com\/es\/wp-json\/wp\/v2\/media\/167591"}],"wp:attachment":[{"href":"https:\/\/gpl-love.com\/es\/wp-json\/wp\/v2\/media?parent=118162"}],"wp:term":[{"taxonomy":"product_brand","embeddable":true,"href":"https:\/\/gpl-love.com\/es\/wp-json\/wp\/v2\/product_brand?post=118162"},{"taxonomy":"product_cat","embeddable":true,"href":"https:\/\/gpl-love.com\/es\/wp-json\/wp\/v2\/product_cat?post=118162"},{"taxonomy":"product_tag","embeddable":true,"href":"https:\/\/gpl-love.com\/es\/wp-json\/wp\/v2\/product_tag?post=118162"}],"curies":[{"name":"wp","href":"https:\/\/api.w.org\/{rel}","templated":true}]}}