{"id":118158,"date":"2021-02-09T00:00:00","date_gmt":"2021-02-09T05:00:00","guid":{"rendered":"https:\/\/gpl-love.com\/es\/producto\/studiopress-ambiance-pro-genesis-wordpress-theme\/"},"modified":"2026-04-10T11:25:57","modified_gmt":"2026-04-10T16:25:57","slug":"studiopress-ambiance-pro-genesis-wordpress-theme","status":"publish","type":"product","link":"https:\/\/gpl-love.com\/es\/producto\/studiopress-ambiance-pro-genesis-wordpress-theme\/","title":{"rendered":"StudioPress Ambiance Pro Genesis WordPress Theme 1.1.4"},"content":{"rendered":"<h3>StudioPress Ambiance Pro Genesis WordPress Theme Caracteristicas<\/h3>\n<p>Dise\u00f1ado espec\u00edficamente para bloggers y due\u00f1os de negocios, el tema de SudioPress Ambiance Pro Genesis WordPress es un tema premium excepcional y sofisticado. Con una apariencia elegante y contempor\u00e1nea, este tema presenta un dise\u00f1o pr\u00edstino y sin esfuerzo navegable que es ideal para mostrar su valioso contenido. Adem\u00e1s, este tema est\u00e1 totalmente optimizado para dispositivos m\u00f3viles y motores de b\u00fasqueda, lo que garantiza que su sitio web sea accesible sin esfuerzo y altamente descubierta. Adem\u00e1s, el tema StudioPress Ambiance Pro Genesis WordPress incluye una gran cantidad de opciones personalizables, como m\u00faltiples \u00e1reas de widgets en la p\u00e1gina de inicio, un encabezado y pie de p\u00e1gina personalizable, y una amplia gama de formatos postales. Completo con su impresionante dise\u00f1o y caracter\u00edsticas f\u00e1ciles de usar, el tema StudioPress Ambiance Pro Genesis WordPress es una opci\u00f3n incomparable para las personas que buscan establecer una presencia en l\u00ednea profesional y refinada.<\/p>\n<ul>\n<li>Tema Premium Genesis WordPress dise\u00f1ado para profesionales y blogueros creativos<\/li>\n<li>Dise\u00f1o elegante y elegante con una p\u00e1gina de inicio personalizable y \u00e1reas de widgets<\/li>\n<li>Construido en el marco Genesis para la optimizaci\u00f3n de SEO, la flexibilidad y la seguridad<\/li>\n<li>Amplia gama de plantillas de p\u00e1gina preconstruidas para p\u00e1ginas de destino, publicaciones de blog, archivos y m\u00e1s<\/li>\n<li>Opciones de color personalizables y tipograf\u00eda con la integraci\u00f3n de Google Fonts<\/li>\n<li>Dise\u00f1o receptivo para una visualizaci\u00f3n perfecta en todos los dispositivos<\/li>\n<li>Integrado con WooCommerce para la funcionalidad de comercio electr\u00f3nico<\/li>\n<li>Documentaci\u00f3n y apoyo integral de StudioPress Community<\/li>\n<li>Actualizaciones y mejoras regulares para garantizar la compatibilidad y el rendimiento<\/li>\n<\/ul>\n","protected":false},"excerpt":{"rendered":"<p>El tema de WordPress de StudioPress Ambiance Pro Genesis es una elecci\u00f3n exquisitamente elaborada y contempor\u00e1nea que atiende a los bloggers, creativos y negocios por igual, que ofrece una impresionante variedad de caracter\u00edsticas. Con su dise\u00f1o impecablemente elegante, amplias opciones de personalizaci\u00f3n y dise\u00f1o adaptativo, este tema proporciona la plataforma ideal para exhibir su valioso contenido y establecer una personalidad sofisticada en l\u00ednea. Ya sea que posea a\u00f1os de experiencia en el reino de los blogs o se est\u00e9 embarcando en su viaje inaugural, Ambiance Pro est\u00e1 listo para elevar su sitio web a nuevas alturas, asegurando que se distingue sin esfuerzo en medio del paisaje digital en constante expansi\u00f3n.<\/p>\n","protected":false},"featured_media":167588,"comment_status":"open","ping_status":"open","template":"","meta":[],"product_brand":[2358],"product_cat":[1245,1237,1238],"product_tag":[1383],"class_list":{"0":"post-118158","1":"product","2":"type-product","3":"status-publish","4":"has-post-thumbnail","6":"product_brand-studiopress","7":"product_cat-blog-revista","8":"product_cat-temas","9":"product_cat-wordpress-temas","10":"product_tag-studiopress","11":"member-discount","12":"discount-restricted","14":"first","15":"instock","16":"sale","17":"downloadable","18":"virtual","19":"sold-individually","20":"purchasable","21":"product-type-simple"},"_links":{"self":[{"href":"https:\/\/gpl-love.com\/es\/wp-json\/wp\/v2\/product\/118158","targetHints":{"allow":["GET"]}}],"collection":[{"href":"https:\/\/gpl-love.com\/es\/wp-json\/wp\/v2\/product"}],"about":[{"href":"https:\/\/gpl-love.com\/es\/wp-json\/wp\/v2\/types\/product"}],"replies":[{"embeddable":true,"href":"https:\/\/gpl-love.com\/es\/wp-json\/wp\/v2\/comments?post=118158"}],"wp:featuredmedia":[{"embeddable":true,"href":"https:\/\/gpl-love.com\/es\/wp-json\/wp\/v2\/media\/167588"}],"wp:attachment":[{"href":"https:\/\/gpl-love.com\/es\/wp-json\/wp\/v2\/media?parent=118158"}],"wp:term":[{"taxonomy":"product_brand","embeddable":true,"href":"https:\/\/gpl-love.com\/es\/wp-json\/wp\/v2\/product_brand?post=118158"},{"taxonomy":"product_cat","embeddable":true,"href":"https:\/\/gpl-love.com\/es\/wp-json\/wp\/v2\/product_cat?post=118158"},{"taxonomy":"product_tag","embeddable":true,"href":"https:\/\/gpl-love.com\/es\/wp-json\/wp\/v2\/product_tag?post=118158"}],"curies":[{"name":"wp","href":"https:\/\/api.w.org\/{rel}","templated":true}]}}