{"id":118156,"date":"2026-05-05T00:00:00","date_gmt":"2026-05-05T05:00:00","guid":{"rendered":"https:\/\/gpl-love.com\/es\/?post_type=product&#038;p=118156"},"modified":"2026-05-05T17:15:58","modified_gmt":"2026-05-05T22:15:58","slug":"studiopress-altitude-pro-genesis-wordpress-theme","status":"publish","type":"product","link":"https:\/\/gpl-love.com\/es\/producto\/studiopress-altitude-pro-genesis-wordpress-theme\/","title":{"rendered":"StudioPress Altitude Pro Genesis WordPress Theme 1.5.3"},"content":{"rendered":"<h3>StudioPress Altitude Pro Genesis WordPress Theme Caracteristicas<\/h3>\n<p>El tema de WordPress de StudioPress Altitude Pro Genesis es un tema profundamente personalizable y vers\u00e1til que ha sido meticulosamente dise\u00f1ado para otorgar a su sitio web un aire de profesionalismo y modernidad. Con una naturaleza pr\u00edstina y receptiva, este tema es una opci\u00f3n impecable tanto para las empresas como para las personas que buscan exhibir sus productos, servicios o marca personal de una manera elegante e impactante. El tema abarca una extensa gama de opciones de personalizaci\u00f3n, que le brinda la capacidad de adaptar el dise\u00f1o a sus preferencias espec\u00edficas; Estos incluyen m\u00faltiples \u00e1reas de widget para la p\u00e1gina de inicio, un encabezado personalizable y una multitud de dise\u00f1os de p\u00e1gina. Adem\u00e1s, el tema tambi\u00e9n es excepcionalmente sensible m\u00f3vil, que garantiza una apariencia visualmente impresionante en todos los dispositivos, desde computadoras de escritorio hasta tel\u00e9fonos inteligentes. Adem\u00e1s, el tema StudioPress Altitude Pro Genesis WordPress est\u00e1 optimizado diligentemente para los motores de b\u00fasqueda, asegurando as\u00ed que su sitio web obtenga una posici\u00f3n de alto rango en motores de b\u00fasqueda prominentes como Google. En general, si est\u00e1 en el mercado de un tema de WordPress elegante, profesional y extremadamente vers\u00e1til, el EstudioPress Altitude Pro Genesis es sin duda una opci\u00f3n encomiable digna de consideraci\u00f3n seria.<\/p>\n<ul>\n<li>Dise\u00f1o elegante y moderno perfecto para empresas, agencias y creatividades<\/li>\n<li>Construido en el marco de Genesis para un gran rendimiento y confiabilidad<\/li>\n<li>Totalmente receptivo y amigable para los dispositivos m\u00f3viles para una experiencia de usuario perfecta en cualquier dispositivo<\/li>\n<li>M\u00faltiples opciones de p\u00e1gina de inicio y dise\u00f1o para personalizar a su marca<\/li>\n<li>Integraci\u00f3n con complementos populares como WooCommerce y Formularios de gravedad<\/li>\n<li>Incluye una plantilla de p\u00e1gina de destino personalizada para campa\u00f1as de marketing enfocadas<\/li>\n<li>Panel de opciones de temas f\u00e1ciles de usar para personalizaci\u00f3n r\u00e1pida y sin esfuerzo<\/li>\n<li>Apoyo dedicado y foros comunitarios para asistencia e inspiraci\u00f3n<\/li>\n<li>Acceso a actualizaciones y mejoras futuras para el valor continuo<\/li>\n<li>SEO optimizado para mejorar la clasificaci\u00f3n de los motores de b\u00fasqueda y la visibilidad.<\/li>\n<\/ul>\n","protected":false},"excerpt":{"rendered":"<p>Altitude Pro, un tema de WordPress de G\u00e9nesis meticulosamente elaborado conceptualizado por StudioPress, cuenta con un dise\u00f1o exquisito que irradia simplicidad y elegancia. Este tema extraordinario tiene un encanto incomparable, lo que lo convierte en una selecci\u00f3n ideal para las personas que anhelan dejar una marca indeleble con su presencia en l\u00ednea. La versatilidad de la altitud pro no conoce l\u00edmites, ya que se adapta a la perfecci\u00f3n para satisfacer sus requisitos \u00fanicos, asegurando un toque personalizado que refleje su visi\u00f3n distinta. Adem\u00e1s, su dise\u00f1o impecablemente receptivo garantiza una experiencia de usuario perfecta en todos los dispositivos, garantizando que su sitio web exude brillante y cautivar\u00e1 al p\u00fablico, independientemente del medio empleado. Por lo tanto, ya sea un aspirante a blogger, un freelancer ingenioso o un ambicioso propietario de una peque\u00f1a empresa, Altitude Pro emerge como la elecci\u00f3n por excelencia para elevar su presencia virtual a alturas sin precedentes.<\/p>\n","protected":false},"featured_media":167587,"comment_status":"open","ping_status":"open","template":"","meta":[],"product_brand":[2358],"product_cat":[1267,1237,1238],"product_tag":[1383],"class_list":{"0":"post-118156","1":"product","2":"type-product","3":"status-publish","4":"has-post-thumbnail","6":"product_brand-studiopress","7":"product_cat-creativo","8":"product_cat-temas","9":"product_cat-wordpress-temas","10":"product_tag-studiopress","11":"member-discount","12":"discount-restricted","14":"first","15":"instock","16":"sale","17":"downloadable","18":"virtual","19":"sold-individually","20":"purchasable","21":"product-type-simple"},"_links":{"self":[{"href":"https:\/\/gpl-love.com\/es\/wp-json\/wp\/v2\/product\/118156","targetHints":{"allow":["GET"]}}],"collection":[{"href":"https:\/\/gpl-love.com\/es\/wp-json\/wp\/v2\/product"}],"about":[{"href":"https:\/\/gpl-love.com\/es\/wp-json\/wp\/v2\/types\/product"}],"replies":[{"embeddable":true,"href":"https:\/\/gpl-love.com\/es\/wp-json\/wp\/v2\/comments?post=118156"}],"wp:featuredmedia":[{"embeddable":true,"href":"https:\/\/gpl-love.com\/es\/wp-json\/wp\/v2\/media\/167587"}],"wp:attachment":[{"href":"https:\/\/gpl-love.com\/es\/wp-json\/wp\/v2\/media?parent=118156"}],"wp:term":[{"taxonomy":"product_brand","embeddable":true,"href":"https:\/\/gpl-love.com\/es\/wp-json\/wp\/v2\/product_brand?post=118156"},{"taxonomy":"product_cat","embeddable":true,"href":"https:\/\/gpl-love.com\/es\/wp-json\/wp\/v2\/product_cat?post=118156"},{"taxonomy":"product_tag","embeddable":true,"href":"https:\/\/gpl-love.com\/es\/wp-json\/wp\/v2\/product_tag?post=118156"}],"curies":[{"name":"wp","href":"https:\/\/api.w.org\/{rel}","templated":true}]}}