{"id":118154,"date":"2021-02-09T00:00:00","date_gmt":"2021-02-09T05:00:00","guid":{"rendered":"https:\/\/gpl-love.com\/es\/producto\/studiopress-agency-pro-genesis-wordpress-theme\/"},"modified":"2026-04-10T11:25:55","modified_gmt":"2026-04-10T16:25:55","slug":"studiopress-agency-pro-genesis-wordpress-theme","status":"publish","type":"product","link":"https:\/\/gpl-love.com\/es\/producto\/studiopress-agency-pro-genesis-wordpress-theme\/","title":{"rendered":"StudioPress Agency Pro Genesis WordPress Theme 3.1.5"},"content":{"rendered":"<h3>StudioPress Agency Pro Genesis WordPress Theme Caracteristicas<\/h3>\n<p>El tema de WordPress de la agencia de StudioPress Pro Genesis se presenta como la soluci\u00f3n definitiva para las empresas que buscan establecer una huella digital sofisticada y pulida. Exudando un aura de est\u00e9tica suave y de vanguardia, este tema es totalmente adaptable en todos los dispositivos, asegurando una experiencia de usuario sin problemas. Su amplia gama de atributos personalizables permite una adaptaci\u00f3n sin esfuerzo que se alinea con el estilo y los requisitos distintivos de su marca. Uno puede consolarse en el hecho de que este tema est\u00e1 equipado con optimizaci\u00f3n de SEO incorporada, una caracter\u00edstica que garantiza una mayor clasificaci\u00f3n de motores de b\u00fasqueda y, por lo tanto, una mayor visibilidad en l\u00ednea. Adem\u00e1s, la inclusi\u00f3n del marco de Genesis solidifica a\u00fan m\u00e1s la eficacia de este tema, que sirve como una base firme para la funcionalidad y la seguridad de su sitio web. Ya sea que se encuentre encabezando una startup naciente, una agencia creativa o una empresa establecida, el tema de la agencia de StudioPress Pro Genesis WordPress sigue siendo una opci\u00f3n impecable que garantiza la construcci\u00f3n de una presencia en l\u00ednea inquebrantable e ilustre.<\/p>\n<ul>\n<li>Dise\u00f1o moderno y elegante perfecto para cualquier tipo de sitio web de agencia<\/li>\n<li>Responsable para dispositivos m\u00f3viles, asegurando que su sitio web se vea muy bien en cualquier dispositivo<\/li>\n<li>\u00c1reas de widget de p\u00e1gina de inicio personalizables para mostrar sus servicios y contenido<\/li>\n<li>Plantillas de p\u00e1gina preconstruidas para secciones importantes como sobre, servicios y contacto<\/li>\n<li>Integrado con el marco Genesis para la optimizaci\u00f3n de SEO y el c\u00f3digo seguro<\/li>\n<li>Importar contenido de demostraci\u00f3n de un solo clic para comenzar f\u00e1cilmente con el dise\u00f1o de su sitio<\/li>\n<li>\u00c1reas de pie y pie de p\u00e1gina personalizables incorporadas para marcar su sitio<\/li>\n<li>Admite WooCommerce para una f\u00e1cil integraci\u00f3n de comercio electr\u00f3nico<\/li>\n<li>Acceso a los foros y actualizaciones de la comunidad de StudioPress para el apoyo y la mejora continuos<\/li>\n<\/ul>\n","protected":false},"excerpt":{"rendered":"<p>El tema de la agencia pro Genesis WordPress, desarrollado por StudioPress, es una alternativa est\u00e9ticamente agradable y contempor\u00e1nea para las personas en el \u00e1mbito de los negocios y las agencias. Con un \u00e9nfasis en la adaptabilidad y la personalizaci\u00f3n, este tema ofrece una interfaz f\u00e1cil de usar que permite la creaci\u00f3n de un sitio web visualmente atractivo y profesional. Las caracter\u00edsticas notables abarcan widgets personalizados, codificando optimizaciones para mejorar la velocidad de carga y la capacidad de respuesta m\u00f3vil para una visualizaci\u00f3n perfecta en varios dispositivos. El tema de la agencia pro Genesis WordPress, con un dise\u00f1o refinado y ordenado, presenta una selecci\u00f3n ideal para las personas que buscan establecer una presencia en l\u00ednea memorable.<\/p>\n","protected":false},"featured_media":167586,"comment_status":"open","ping_status":"open","template":"","meta":[],"product_brand":[2358],"product_cat":[1307,1237,1238],"product_tag":[1383],"class_list":{"0":"post-118154","1":"product","2":"type-product","3":"status-publish","4":"has-post-thumbnail","6":"product_brand-studiopress","7":"product_cat-negocio-wordpress-temas","8":"product_cat-temas","9":"product_cat-wordpress-temas","10":"product_tag-studiopress","11":"member-discount","12":"discount-restricted","14":"first","15":"instock","16":"sale","17":"downloadable","18":"virtual","19":"sold-individually","20":"purchasable","21":"product-type-simple"},"_links":{"self":[{"href":"https:\/\/gpl-love.com\/es\/wp-json\/wp\/v2\/product\/118154","targetHints":{"allow":["GET"]}}],"collection":[{"href":"https:\/\/gpl-love.com\/es\/wp-json\/wp\/v2\/product"}],"about":[{"href":"https:\/\/gpl-love.com\/es\/wp-json\/wp\/v2\/types\/product"}],"replies":[{"embeddable":true,"href":"https:\/\/gpl-love.com\/es\/wp-json\/wp\/v2\/comments?post=118154"}],"wp:featuredmedia":[{"embeddable":true,"href":"https:\/\/gpl-love.com\/es\/wp-json\/wp\/v2\/media\/167586"}],"wp:attachment":[{"href":"https:\/\/gpl-love.com\/es\/wp-json\/wp\/v2\/media?parent=118154"}],"wp:term":[{"taxonomy":"product_brand","embeddable":true,"href":"https:\/\/gpl-love.com\/es\/wp-json\/wp\/v2\/product_brand?post=118154"},{"taxonomy":"product_cat","embeddable":true,"href":"https:\/\/gpl-love.com\/es\/wp-json\/wp\/v2\/product_cat?post=118154"},{"taxonomy":"product_tag","embeddable":true,"href":"https:\/\/gpl-love.com\/es\/wp-json\/wp\/v2\/product_tag?post=118154"}],"curies":[{"name":"wp","href":"https:\/\/api.w.org\/{rel}","templated":true}]}}