{"id":118152,"date":"2021-02-09T00:00:00","date_gmt":"2021-02-09T05:00:00","guid":{"rendered":"https:\/\/gpl-love.com\/es\/producto\/studiopress-academy-pro-genesis-wordpress-theme\/"},"modified":"2026-04-10T11:25:54","modified_gmt":"2026-04-10T16:25:54","slug":"studiopress-academy-pro-genesis-wordpress-theme","status":"publish","type":"product","link":"https:\/\/gpl-love.com\/es\/producto\/studiopress-academy-pro-genesis-wordpress-theme\/","title":{"rendered":"StudioPress Academy Pro Genesis WordPress Theme 1.0.7"},"content":{"rendered":"<h3>StudioPress Academy Pro Genesis WordPress Theme Caracteristicas<\/h3>\n<p>El tema de WordPress de StudioPress Academy Pro Genesis es una opci\u00f3n excepcional para individuos o empresas que buscan establecer una presencia sofisticada en l\u00ednea, gracias a su dise\u00f1o profesional y contempor\u00e1neo. Ofrece una multitud de caracter\u00edsticas personalizables que le permiten presentar su contenido de manera visualmente cautivadora al tiempo que garantiza una navegaci\u00f3n perfecta. Al proporcionar una variedad de plantillas de p\u00e1gina predise\u00f1adas y capacitarlo para construir sus propias p\u00e1ginas personalizadas a trav\u00e9s del conveniente constructor de p\u00e1ginas de arrastrar y soltar, este tema ofrece una flexibilidad incomparable. Adem\u00e1s, garantiza una compatibilidad \u00f3ptima con los dispositivos m\u00f3viles, lo que garantiza que su sitio web mantendr\u00e1 su apariencia impecable en todos los tama\u00f1os de pantalla. En particular, abarca herramientas de SEO integradas que son indispensables para mejorar la clasificaci\u00f3n de su motor de b\u00fasqueda. En conclusi\u00f3n, el tema de WordPress de WordPress de StudioPress Academy Pro Genesis representa una soluci\u00f3n incre\u00edblemente robusta y vers\u00e1til para cualquier persona que tenga como objetivo crear un sitio web de WordPress de primer nivel.<\/p>\n<ul>\n<li>Dise\u00f1o elegante y moderno que es perfecto para sitios web profesionales y educativos<\/li>\n<li>Construido sobre el poderoso marco de Genesis, asegurando un rendimiento r\u00e1pido y seguro del sitio web<\/li>\n<li>Totalmente personalizable para hacer coincidir las necesidades de su marca y el sitio web<\/li>\n<li>Incluye plantillas de p\u00e1gina preconstruidas para una f\u00e1cil creaci\u00f3n de sitios web<\/li>\n<li>Acceso a el amplio apoyo de StudioPress y los recursos comunitarios<\/li>\n<li>Dise\u00f1ado con las mejores pr\u00e1cticas de SEO en mente, ayudando a mejorar la visibilidad del motor de b\u00fasqueda de su sitio web<\/li>\n<li>Funcionalidad de comercio electr\u00f3nico incorporado, lo que le permite vender productos digitales y cursos directamente desde su sitio web<\/li>\n<li>Acceso al tema Genesis Pro, proporcionando opciones y caracter\u00edsticas de personalizaci\u00f3n adicionales<\/li>\n<li>Actualizaciones ilimitadas y soporte para la vida \u00fatil del producto.<\/li>\n<\/ul>\n","protected":false},"excerpt":{"rendered":"<p>StudioPress Academy Pro es un tema de WordPress de G\u00e9nesis incre\u00edblemente robusto y altamente personalizable que ha sido meticulosamente elaborado con el prop\u00f3sito espec\u00edfico de atender a instituciones educativas, cursos en l\u00ednea y programas de capacitaci\u00f3n. Su dise\u00f1o profesional y contempor\u00e1neo excepcional, junto con sus opciones de dise\u00f1o notablemente flexibles, realmente lo distingue de la competencia. Adem\u00e1s, este tema excepcional viene totalmente equipado con una variedad de caracter\u00edsticas incorporadas que integran a la perfecci\u00f3n los listados de cursos, la gesti\u00f3n de eventos y las funcionalidades de comercio electr\u00f3nico, lo que hace que sea conveniente para usted establecer una plataforma de aprendizaje en l\u00ednea inmersiva e inspiradora que Will que ser\u00e1 Invariablemente cautivan y motiva a sus alumnos. Irrespective of whether you are an accomplished teacher, a seasoned coach, or an ambitious entrepreneur operating within the education industry, Academy Pro encompasses an extensive range of indispensable tools and resources that are absolutely indispensable for aptly showcasing your proficiency and unparalleled expertise, whilst simultaneously enabling Usted para establecer y expandir la presencia en l\u00ednea de su marca con una eficacia incomparable.<\/p>\n","protected":false},"featured_media":167585,"comment_status":"open","ping_status":"open","template":"","meta":[],"product_brand":[2358],"product_cat":[1267,1237,1238],"product_tag":[1383],"class_list":{"0":"post-118152","1":"product","2":"type-product","3":"status-publish","4":"has-post-thumbnail","6":"product_brand-studiopress","7":"product_cat-creativo","8":"product_cat-temas","9":"product_cat-wordpress-temas","10":"product_tag-studiopress","11":"member-discount","12":"discount-restricted","14":"first","15":"instock","16":"sale","17":"downloadable","18":"virtual","19":"sold-individually","20":"purchasable","21":"product-type-simple"},"_links":{"self":[{"href":"https:\/\/gpl-love.com\/es\/wp-json\/wp\/v2\/product\/118152","targetHints":{"allow":["GET"]}}],"collection":[{"href":"https:\/\/gpl-love.com\/es\/wp-json\/wp\/v2\/product"}],"about":[{"href":"https:\/\/gpl-love.com\/es\/wp-json\/wp\/v2\/types\/product"}],"replies":[{"embeddable":true,"href":"https:\/\/gpl-love.com\/es\/wp-json\/wp\/v2\/comments?post=118152"}],"wp:featuredmedia":[{"embeddable":true,"href":"https:\/\/gpl-love.com\/es\/wp-json\/wp\/v2\/media\/167585"}],"wp:attachment":[{"href":"https:\/\/gpl-love.com\/es\/wp-json\/wp\/v2\/media?parent=118152"}],"wp:term":[{"taxonomy":"product_brand","embeddable":true,"href":"https:\/\/gpl-love.com\/es\/wp-json\/wp\/v2\/product_brand?post=118152"},{"taxonomy":"product_cat","embeddable":true,"href":"https:\/\/gpl-love.com\/es\/wp-json\/wp\/v2\/product_cat?post=118152"},{"taxonomy":"product_tag","embeddable":true,"href":"https:\/\/gpl-love.com\/es\/wp-json\/wp\/v2\/product_tag?post=118152"}],"curies":[{"name":"wp","href":"https:\/\/api.w.org\/{rel}","templated":true}]}}