{"id":118121,"date":"2022-03-04T00:00:00","date_gmt":"2022-03-04T05:00:00","guid":{"rendered":"https:\/\/gpl-love.com\/es\/?post_type=product&#038;p=118121"},"modified":"2026-04-10T11:22:06","modified_gmt":"2026-04-10T16:22:06","slug":"privatecontent-mail-actions-addon","status":"publish","type":"product","link":"https:\/\/gpl-love.com\/es\/producto\/privatecontent-mail-actions-addon\/","title":{"rendered":"Private Content Mail Actions Addon 1.9.5"},"content":{"rendered":"<h3>Private Content Mail Actions Addon Caracteristicas<\/h3>\n<p>Las acciones de correo de contenido privado Addon es una aplicaci\u00f3n de software muy s\u00f3lida que permite a los usuarios la capacidad de mantener los mayores niveles de seguridad para sus comunicaciones por correo electr\u00f3nico. Al utilizar este complemento, las personas pueden cifrar sin esfuerzo sus correos electr\u00f3nicos y archivos adjuntos, salvaguard\u00e1ndolos contra cualquier acceso no autorizado. Adem\u00e1s, este complemento otorga a los usuarios la capacidad de establecer e implementar reglas personalizadas para el cifrado autom\u00e1tico de mensajes, lo que hace que sea un activo invaluable para empresas y organizaciones que manejen regularmente informaci\u00f3n altamente sensible y confidencial. Adem\u00e1s, las acciones de correo de contenido privado complementan una variedad de caracter\u00edsticas ventajosas, que incluye un editor de im\u00e1genes integrado, plantillas personalizables y seguimiento automatizado de correo electr\u00f3nico. Por lo tanto, independientemente de si uno busca fortalecer la privacidad de sus correspondencias personales o mejorar la protecci\u00f3n de sus comunicaciones comerciales, el complemento de las acciones de correo de contenido privado sirve como una herramienta indispensable, capaz de ayudar de manera efectiva a las personas a lograr sus objetivos deseados.<\/p>\n<ul>\n<li>Permite a los usuarios enviar f\u00e1cilmente contenido privado por correo electr\u00f3nico<\/li>\n<li>Proporciona compartir informaci\u00f3n segura de informaci\u00f3n confidencial<\/li>\n<li>Admite m\u00faltiples tipos de archivos, incluidos documentos, im\u00e1genes y videos<\/li>\n<li>Se puede integrar con varios proveedores de correo electr\u00f3nico, incluidos Gmail, Outlook y Yahoo<\/li>\n<li>Permite a los usuarios agregar mensajes personalizables y l\u00edneas de asunto a sus correos electr\u00f3nicos<\/li>\n<li>Compatible con navegadores populares como Chrome, Firefox y Safari<\/li>\n<li>Interfaz de usuario simple e intuitiva para facilitar el uso<\/li>\n<li>Ahorra tiempo y elimina la necesidad de servicios de intercambio de terceros<\/li>\n<li>Proporciona tranquilidad para los usuarios que desean mantener su contenido privado y seguro.<\/li>\n<\/ul>\n","protected":false},"excerpt":{"rendered":"<p>El complemento de las acciones de correo de contenido privado ofrece una soluci\u00f3n innovadora y de vanguardia que agiliza la administraci\u00f3n de contenido privado dentro de su bandeja de entrada de correo electr\u00f3nico, otorg\u00e1ndole una facilidad y eficiencia incomparables. Al integrar este complemento en su sistema de correo electr\u00f3nico, obtiene la capacidad de reenviar, responder o enviar su contenido privado a las direcciones de correo electr\u00f3nico designadas, eliminando por completo cualquier complicaci\u00f3n o inquietud innecesaria. Adem\u00e1s, esta notable herramienta presenta una gran cantidad de opciones adaptables para reforzar la seguridad y la protecci\u00f3n de su valioso contenido, al tiempo que le brinda la libertad de adaptar sus plantillas de correo electr\u00f3nico para alinearse perfectamente con sus preferencias individualizadas. En consecuencia, independientemente de si usted es un astuto emprendedor empresarial o simplemente un defensor de salvaguardar la privacidad personal, este complemento invariablemente emerge como un activo indispensable dentro de su formidable arsenal de recursos de gesti\u00f3n de correo electr\u00f3nico.<\/p>\n","protected":false},"featured_media":167259,"comment_status":"open","ping_status":"open","template":"","meta":[],"product_brand":[2339],"product_cat":[1214,1206,1211],"product_tag":[1256],"class_list":{"0":"post-118121","1":"product","2":"type-product","3":"status-publish","4":"has-post-thumbnail","6":"product_brand-codecanyon","7":"product_cat-personalizacion","8":"product_cat-plugins","9":"product_cat-wordpress-plugins","10":"product_tag-codecanyon","11":"member-discount","12":"discount-restricted","14":"first","15":"instock","16":"sale","17":"downloadable","18":"virtual","19":"sold-individually","20":"purchasable","21":"product-type-simple"},"_links":{"self":[{"href":"https:\/\/gpl-love.com\/es\/wp-json\/wp\/v2\/product\/118121","targetHints":{"allow":["GET"]}}],"collection":[{"href":"https:\/\/gpl-love.com\/es\/wp-json\/wp\/v2\/product"}],"about":[{"href":"https:\/\/gpl-love.com\/es\/wp-json\/wp\/v2\/types\/product"}],"replies":[{"embeddable":true,"href":"https:\/\/gpl-love.com\/es\/wp-json\/wp\/v2\/comments?post=118121"}],"wp:featuredmedia":[{"embeddable":true,"href":"https:\/\/gpl-love.com\/es\/wp-json\/wp\/v2\/media\/167259"}],"wp:attachment":[{"href":"https:\/\/gpl-love.com\/es\/wp-json\/wp\/v2\/media?parent=118121"}],"wp:term":[{"taxonomy":"product_brand","embeddable":true,"href":"https:\/\/gpl-love.com\/es\/wp-json\/wp\/v2\/product_brand?post=118121"},{"taxonomy":"product_cat","embeddable":true,"href":"https:\/\/gpl-love.com\/es\/wp-json\/wp\/v2\/product_cat?post=118121"},{"taxonomy":"product_tag","embeddable":true,"href":"https:\/\/gpl-love.com\/es\/wp-json\/wp\/v2\/product_tag?post=118121"}],"curies":[{"name":"wp","href":"https:\/\/api.w.org\/{rel}","templated":true}]}}