{"id":118097,"date":"2022-01-22T00:00:00","date_gmt":"2022-01-22T05:00:00","guid":{"rendered":"https:\/\/gpl-love.com\/es\/?post_type=product&#038;p=118097"},"modified":"2026-03-09T08:11:03","modified_gmt":"2026-03-09T13:11:03","slug":"super-forms-zapier-add-on","status":"publish","type":"product","link":"https:\/\/gpl-love.com\/es\/producto\/super-forms-zapier-add-on\/","title":{"rendered":"Super Forms Zapier Add-on 1.3.2"},"content":{"rendered":"<h3>Super Forms Zapier Add-on Caracteristicas<\/h3>\n<p>El complemento de Super Forms Zapier, una herramienta altamente indispensable, sirve como un medio para optimizar los env\u00edos de formularios y automatizar flujos de trabajo, lo que lo convierte en una opci\u00f3n ideal para aquellos que buscan optimizar sus operaciones. Al aprovechar este complemento, los usuarios obtienen la flexibilidad de integrar sin problemas sus s\u00faper formas con Zapier, una herramienta de automatizaci\u00f3n notablemente influyente que cuenta con conectividad con una amplia red de m\u00e1s de 2,000 aplicaciones. A trav\u00e9s de esta integraci\u00f3n, los usuarios desbloquean la capacidad de establecer flujos de trabajo automatizados que incitan acciones en varias otras aplicaciones, que abarcan, pero no se limitan a la transmisi\u00f3n de correo electr\u00f3nico, las actualizaciones de la hoja de c\u00e1lculo y la creaci\u00f3n de nuevas tareas. Adem\u00e1s, el complemento Super Forms Zapier ofrece a los usuarios la configuraci\u00f3n y la usabilidad sin complicaciones, complementadas por una extensa gama de plantillas preconfiguradas dise\u00f1adas para acelerar los esfuerzos de configuraci\u00f3n iniciales de los usuarios. Independientemente de si uno se identifica como un profesional de marketing, emprendedor o desarrollador de software, este complemento indudablemente surge como un activo indispensable para aquellos que anhelan maximizar la eficiencia y ahorrar tiempo valioso.<\/p>\n<ul>\n<li>Integre f\u00e1cilmente Super Forms con m\u00e1s de 2,000 aplicaciones a trav\u00e9s de Zapier<\/li>\n<li>Activar autom\u00e1ticamente las acciones en otras aplicaciones basadas en env\u00edos de super formularios<\/li>\n<li>Ahorre tiempo y aumente la productividad al automatizar su flujo de trabajo<\/li>\n<li>No se requiere una codificaci\u00f3n o conocimiento t\u00e9cnico para configurar las integraciones de Zapier con Super Forms<\/li>\n<li>Opciones personalizables para controlar qu\u00e9 formulario se desencadena qu\u00e9 acciones<\/li>\n<li>Transferencia de datos inmediata y confiable entre super formularios y sus otras aplicaciones<\/li>\n<li>Flexible y escalable para acomodar las crecientes necesidades comerciales<\/li>\n<li>Planes de precios asequibles para adaptarse a cualquier presupuesto<\/li>\n<li>Equipo de apoyo receptivo y \u00fatil disponible para ayudar con cualquier pregunta o problema<\/li>\n<\/ul>\n","protected":false},"excerpt":{"rendered":"<p>El complemento de Super Forms Zapier, una herramienta muy potente, se presenta como un activo invaluable para una integraci\u00f3n perfecta entre sus s\u00faper formas y Zapier. Al emplear este complemento, abre un mundo de posibilidades para conectar sin esfuerzo s\u00faper formas con una amplia gama de aplicaciones web, que abarca entidades eminentes como CRM, herramientas de marketing por correo electr\u00f3nico y muchos otros. Ya sea su intenci\u00f3n de generar nuevos clientes potenciales dentro de su CRM, aumentar su listado de correo electr\u00f3nico a trav\u00e9s de la adici\u00f3n de suscriptores o orquestar acciones automatizadas basadas en env\u00edos de formularios, tenga la seguridad de que el complemento de Super Forms m\u00e1s con m\u00e1s merodeo es su compa\u00f1ero fiel a lo largo de este proceso. \u00a1No pierda el tiempo y se embarque en su viaje para trascender los l\u00edmites convencionales de las s\u00faper formas hoy!<\/p>\n","protected":false},"featured_media":167658,"comment_status":"open","ping_status":"open","template":"","meta":[],"product_brand":[2569],"product_cat":[1214,1206,1211],"product_tag":[1388],"class_list":{"0":"post-118097","1":"product","2":"type-product","3":"status-publish","4":"has-post-thumbnail","6":"product_brand-super-forms","7":"product_cat-personalizacion","8":"product_cat-plugins","9":"product_cat-wordpress-plugins","10":"product_tag-super-forms","11":"member-discount","12":"discount-restricted","14":"first","15":"instock","16":"sale","17":"downloadable","18":"virtual","19":"sold-individually","20":"purchasable","21":"product-type-simple"},"_links":{"self":[{"href":"https:\/\/gpl-love.com\/es\/wp-json\/wp\/v2\/product\/118097","targetHints":{"allow":["GET"]}}],"collection":[{"href":"https:\/\/gpl-love.com\/es\/wp-json\/wp\/v2\/product"}],"about":[{"href":"https:\/\/gpl-love.com\/es\/wp-json\/wp\/v2\/types\/product"}],"replies":[{"embeddable":true,"href":"https:\/\/gpl-love.com\/es\/wp-json\/wp\/v2\/comments?post=118097"}],"wp:featuredmedia":[{"embeddable":true,"href":"https:\/\/gpl-love.com\/es\/wp-json\/wp\/v2\/media\/167658"}],"wp:attachment":[{"href":"https:\/\/gpl-love.com\/es\/wp-json\/wp\/v2\/media?parent=118097"}],"wp:term":[{"taxonomy":"product_brand","embeddable":true,"href":"https:\/\/gpl-love.com\/es\/wp-json\/wp\/v2\/product_brand?post=118097"},{"taxonomy":"product_cat","embeddable":true,"href":"https:\/\/gpl-love.com\/es\/wp-json\/wp\/v2\/product_cat?post=118097"},{"taxonomy":"product_tag","embeddable":true,"href":"https:\/\/gpl-love.com\/es\/wp-json\/wp\/v2\/product_tag?post=118097"}],"curies":[{"name":"wp","href":"https:\/\/api.w.org\/{rel}","templated":true}]}}