{"id":118093,"date":"2022-01-22T00:00:00","date_gmt":"2022-01-22T05:00:00","guid":{"rendered":"https:\/\/gpl-love.com\/es\/?post_type=product&#038;p=118093"},"modified":"2026-04-10T11:26:50","modified_gmt":"2026-04-10T16:26:50","slug":"super-forms-woocommerce-checkout-add-on-2","status":"publish","type":"product","link":"https:\/\/gpl-love.com\/es\/producto\/super-forms-woocommerce-checkout-add-on-2\/","title":{"rendered":"Super Forms WooCommerce Checkout Add-on 1.9.2"},"content":{"rendered":"<h3>Super Forms WooCommerce Checkout Add-on Caracteristicas<\/h3>\n<p>El complemento Super Forms WooCommerce Checkout se presenta como una herramienta altamente eficiente y efectiva especialmente dise\u00f1ada para mejorar y optimizar el proceso de pago para su estimada tienda en l\u00ednea. Este notable complemento le brinda la invaluable oportunidad de moda a medida formularios de pago a medida que se elaboran deliberadamente para maximizar las conversiones, asegurando as\u00ed que su clientela exigente pueda luxurarse en una experiencia de compra sin costuras y sin problemas al navegar a trav\u00e9s de su estimado e- refugio de comercio. Con una impresionante variedad de caracter\u00edsticas potentes y de vanguardia, como la l\u00f3gica condicional, los pagos de varios pasos y los campos personalizables, este complemento extraordinario representa la panacea ideal para cualquier tienda de WooCommerce que anhele amplificar y elevar sus niveles de checkout a los niveles trascendentes de excelencia. Ya sea que su objetivo principal es aumentar significativamente sus tasas de conversi\u00f3n, mitigar y mejorar el flagelo del abandono del carrito, o simplemente mejorar y refinar la experiencia general del usuario, el complemento de pago de s\u00faper formular aspiraciones.<\/p>\n<ul>\n<li>Integraci\u00f3n perfecta del complemento Super Forms con WooCommerce Tickout<\/li>\n<li>Interfaz f\u00e1cil de usar para una f\u00e1cil personalizaci\u00f3n de los campos y formularios de pago<\/li>\n<li>Capaz de agregar nuevos campos a la p\u00e1gina de pago para capturar datos espec\u00edficos del cliente<\/li>\n<li>Permite una l\u00f3gica condicional basada en la entrada del usuario para una experiencia de compra m\u00e1s personalizada<\/li>\n<li>Mensajes de error personalizables para env\u00edos de formularios incompletos o incorrectos<\/li>\n<li>Admite varios tipos de campo como texto, selecci\u00f3n, casilla de verificaci\u00f3n, botones de radio, selecci\u00f3n de fecha y m\u00e1s<\/li>\n<li>Integraci\u00f3n con pasarelas de pago populares para transacciones en l\u00ednea seguras y confiables<\/li>\n<li>Compatible con complementos y extensiones populares de WooCommerce para una mayor funcionalidad<\/li>\n<li>Actualizaciones regulares y atenci\u00f3n al cliente para un proceso de pago sin problemas.<\/li>\n<\/ul>\n","protected":false},"excerpt":{"rendered":"<p>El complemento Super Forms WooCommerce Checkout, un complemento indispensable para plataformas de comercio electr\u00f3nico que utiliza WooCommerce, ofrece la capacidad de generar sin esfuerzo formularios de pago personalizados que satisfacen requisitos espec\u00edficos, mejorando as\u00ed la eficiencia del procedimiento de comprobaci\u00f3n y optimizaci\u00f3n de la experiencia del usuario para el cliente . Al utilizar este complemento, uno puede incorporar o eliminar campos sin esfuerzo, personalizar la apariencia de la p\u00e1gina de pago e incluso crear campos condicionales basados \u200b\u200ben las selecciones realizadas por los clientes. En esencia, el complemento Super Forms WooCommerce Checkout sirve como un instrumento altamente efectivo capaz de transformar una tienda en l\u00ednea ordinaria en una fuerza dominante en las ventas.<\/p>\n","protected":false},"featured_media":167657,"comment_status":"open","ping_status":"open","template":"","meta":[],"product_brand":[2569],"product_cat":[1207,1248,1206],"product_tag":[1388],"class_list":{"0":"post-118093","1":"product","2":"type-product","3":"status-publish","4":"has-post-thumbnail","6":"product_brand-super-forms","7":"product_cat-comercio-electronico-plugins","8":"product_cat-personalizacion-comercio-electronico-plugins","9":"product_cat-plugins","10":"product_tag-super-forms","11":"member-discount","12":"discount-restricted","14":"first","15":"instock","16":"sale","17":"downloadable","18":"virtual","19":"sold-individually","20":"purchasable","21":"product-type-simple"},"_links":{"self":[{"href":"https:\/\/gpl-love.com\/es\/wp-json\/wp\/v2\/product\/118093","targetHints":{"allow":["GET"]}}],"collection":[{"href":"https:\/\/gpl-love.com\/es\/wp-json\/wp\/v2\/product"}],"about":[{"href":"https:\/\/gpl-love.com\/es\/wp-json\/wp\/v2\/types\/product"}],"replies":[{"embeddable":true,"href":"https:\/\/gpl-love.com\/es\/wp-json\/wp\/v2\/comments?post=118093"}],"wp:featuredmedia":[{"embeddable":true,"href":"https:\/\/gpl-love.com\/es\/wp-json\/wp\/v2\/media\/167657"}],"wp:attachment":[{"href":"https:\/\/gpl-love.com\/es\/wp-json\/wp\/v2\/media?parent=118093"}],"wp:term":[{"taxonomy":"product_brand","embeddable":true,"href":"https:\/\/gpl-love.com\/es\/wp-json\/wp\/v2\/product_brand?post=118093"},{"taxonomy":"product_cat","embeddable":true,"href":"https:\/\/gpl-love.com\/es\/wp-json\/wp\/v2\/product_cat?post=118093"},{"taxonomy":"product_tag","embeddable":true,"href":"https:\/\/gpl-love.com\/es\/wp-json\/wp\/v2\/product_tag?post=118093"}],"curies":[{"name":"wp","href":"https:\/\/api.w.org\/{rel}","templated":true}]}}