{"id":118089,"date":"2023-06-07T00:00:00","date_gmt":"2023-06-07T05:00:00","guid":{"rendered":"https:\/\/gpl-love.com\/es\/?post_type=product&#038;p=118089"},"modified":"2026-03-09T08:02:40","modified_gmt":"2026-03-09T13:02:40","slug":"pw-bogo","status":"publish","type":"product","link":"https:\/\/gpl-love.com\/es\/producto\/pw-bogo\/","title":{"rendered":"PW Woocommerce Bogo Pro 2.174"},"content":{"rendered":"<h3>PW Woocommerce Bogo Pro Caracteristicas<\/h3>\n<p>PW WooCommerce Bogo es un complemento extremadamente robusto y formidable que le otorga la notable capacidad de perflar la atracci\u00f3n de comprar una, obtener una oferta gratuita en su estimado emporio en l\u00ednea. Este complemento excepcional le facilita la moda y establece incentivos exclusivos para su estimada clientela, impulsando y aumentando sus ventas lucrativas. Adem\u00e1s, este complemento est\u00e1 imbuido de una notable facilidad de instalaci\u00f3n, facilitando as\u00ed un proceso de configuraci\u00f3n sin problemas y sin problemas. Adem\u00e1s, cuenta con una capacidad incomparable para la personalizaci\u00f3n, lo que le permite adaptar y armonizar su est\u00e9tica con el aspecto distintivo de su estimado sitio web. Adem\u00e1s de su notable flexibilidad, PW WooCommerce Bogo le otorga una variedad diversa de caracter\u00edsticas impresionantes, que incluye, entre otros, la capacidad de estipular el n\u00famero preciso de art\u00edculos obligatorios para la oferta mencionada anteriormente, la capacidad de aplicar selectivamente el descuento a productos espec\u00edficos y la opci\u00f3n de aplicar el descuento al art\u00edculo m\u00e1s econ\u00f3mico dentro de una transacci\u00f3n dada. Al aprovechar las capacidades notables de PW WooCommerce Bogo, puede, sin duda, maximizar su ingesta monetaria y mejorar y refinar simult\u00e1neamente la experiencia de compra general de su estimada clientela.<\/p>\n<ul>\n<li>Oferta \u00abComprar uno Get One\u00bb en su tienda WooCommerce con facilidad<\/li>\n<li>Se puede configurar para productos o categor\u00edas espec\u00edficos<\/li>\n<li>Permite la personalizaci\u00f3n de la cantidad de productos gratuitos dados<\/li>\n<li>Aplica autom\u00e1ticamente el descuento al finalizar la compra de los clientes<\/li>\n<li>Compatible con todas las pasarelas de pago de WooCommerce<\/li>\n<li>Interfaz f\u00e1cil de usar para una f\u00e1cil configuraci\u00f3n y administraci\u00f3n<\/li>\n<li>Ayuda a aumentar las ventas e impulsar la lealtad del cliente a trav\u00e9s de las promociones<\/li>\n<li>Actualizaciones regulares y atenci\u00f3n al cliente del equipo de PW<\/li>\n<li>Opciones de precios asequibles para todos los tama\u00f1os de negocios<\/li>\n<\/ul>\n","protected":false},"excerpt":{"rendered":"<p>Mejore el rendimiento de sus ventas de comercio electr\u00f3nico aprovechando las capacidades excepcionales del complemento PW WooCommerce Bogo. Al utilizar esta herramienta robusta y altamente eficiente, puede dise\u00f1ar e implementar sin esfuerzo la compra muy atractiva, obtener una (BOGO) ofertas en su estimada tienda en l\u00ednea. Este complemento de vanguardia agiliza sin problemas el proceso de otro modo tedioso de establecer y supervisar sus promociones Bogo, lo que lo permite configurar y supervisar sin esfuerzo estos acuerdos inmensamente lucrativos con la mayor comodidad y facilidad, todo dentro de unos pocos simple clics. Desbloquee un mundo de oportunidades incomparables para atender a sus valiosos clientes con acuerdos alucinantes, aumentando con \u00e9xito sus cifras de ventas a alturas sin precedentes, cortes\u00eda del extraordinario complemento PW WooCommerce Bogo.<\/p>\n","protected":false},"featured_media":167291,"comment_status":"open","ping_status":"open","template":"","meta":[],"product_brand":[2542],"product_cat":[1207,1225,1206],"product_tag":[1574],"class_list":{"0":"post-118089","1":"product","2":"type-product","3":"status-publish","4":"has-post-thumbnail","6":"product_brand-pimwick","7":"product_cat-comercio-electronico-plugins","8":"product_cat-marketing","9":"product_cat-plugins","10":"product_tag-pimwick","11":"member-discount","12":"discount-restricted","14":"first","15":"instock","16":"sale","17":"downloadable","18":"virtual","19":"sold-individually","20":"purchasable","21":"product-type-simple"},"_links":{"self":[{"href":"https:\/\/gpl-love.com\/es\/wp-json\/wp\/v2\/product\/118089","targetHints":{"allow":["GET"]}}],"collection":[{"href":"https:\/\/gpl-love.com\/es\/wp-json\/wp\/v2\/product"}],"about":[{"href":"https:\/\/gpl-love.com\/es\/wp-json\/wp\/v2\/types\/product"}],"replies":[{"embeddable":true,"href":"https:\/\/gpl-love.com\/es\/wp-json\/wp\/v2\/comments?post=118089"}],"wp:featuredmedia":[{"embeddable":true,"href":"https:\/\/gpl-love.com\/es\/wp-json\/wp\/v2\/media\/167291"}],"wp:attachment":[{"href":"https:\/\/gpl-love.com\/es\/wp-json\/wp\/v2\/media?parent=118089"}],"wp:term":[{"taxonomy":"product_brand","embeddable":true,"href":"https:\/\/gpl-love.com\/es\/wp-json\/wp\/v2\/product_brand?post=118089"},{"taxonomy":"product_cat","embeddable":true,"href":"https:\/\/gpl-love.com\/es\/wp-json\/wp\/v2\/product_cat?post=118089"},{"taxonomy":"product_tag","embeddable":true,"href":"https:\/\/gpl-love.com\/es\/wp-json\/wp\/v2\/product_tag?post=118089"}],"curies":[{"name":"wp","href":"https:\/\/api.w.org\/{rel}","templated":true}]}}