{"id":118087,"date":"2026-03-06T00:00:00","date_gmt":"2026-03-06T05:00:00","guid":{"rendered":"https:\/\/gpl-love.com\/es\/?post_type=product&#038;p=118087"},"modified":"2026-04-10T11:18:47","modified_gmt":"2026-04-10T16:18:47","slug":"newsletter-autoresponder","status":"publish","type":"product","link":"https:\/\/gpl-love.com\/es\/producto\/newsletter-autoresponder\/","title":{"rendered":"Newsletter Autoresponder 1.6.9"},"content":{"rendered":"<h3>Newsletter Autoresponder Caracteristicas<\/h3>\n<p>Presentando nuestro AutoSponder de nuestro bolet\u00edn, una herramienta excepcional dise\u00f1ada espec\u00edficamente para empresas que buscan optimizar y mejorar sus esfuerzos de marketing por correo electr\u00f3nico. Este notable software le permite generar y enviar boletines personalizados sin esfuerzo a sus estimados suscriptores, eliminando la ardua tarea de difundir manualmente cada uno. La funci\u00f3n AutorSponder le permite pre-schedule Newsletters, asegurando la entrega puntual y la correspondencia inquebrantable con su estimada audiencia. Adem\u00e1s, nuestro software de vanguardia ofrece an\u00e1lisis en profundidad sobre las tasas de apertura de correo electr\u00f3nico, las tasas de clics y una variedad de otras m\u00e9tricas, dotando con informaci\u00f3n invaluable sobre la eficacia de sus campa\u00f1as. Despedirse del laborioso marketing por correo electr\u00f3nico y adoptar la era de la comunicaci\u00f3n eficiente y espec\u00edfica por cortes\u00eda de nuestro sin igual bolet\u00edn autorponder.<\/p>\n<ul>\n<li>Automatizar el proceso de env\u00edo de boletines a los suscriptores<\/li>\n<li>Env\u00eda correos electr\u00f3nicos personalizados a cada suscriptor en su lista<\/li>\n<li>Crea un canal de comunicaci\u00f3n eficiente y efectivo entre usted y sus suscriptores<\/li>\n<li>Ayuda a generar lealtad a la marca y satisfacci\u00f3n del cliente manteniendo a los suscriptores informados y comprometidos<\/li>\n<li>Proporciona an\u00e1lisis detallados para medir el \u00e9xito de sus boletines y mejorar las futuras campa\u00f1as<\/li>\n<li>Reduce la carga de trabajo para usted y su equipo manejando autom\u00e1ticamente la distribuci\u00f3n del bolet\u00edn<\/li>\n<li>Ofrece una gama de plantillas personalizables para que coincidan con la est\u00e9tica y la personalidad de su marca.<\/li>\n<li>Se integra f\u00e1cilmente con proveedores de servicios de correo electr\u00f3nico populares como MailChimp y Constant Contact<\/li>\n<li>Le permite segmentar a sus suscriptores por inter\u00e9s y nivel de participaci\u00f3n para mensajes m\u00e1s espec\u00edficos<\/li>\n<li>Ahorra tiempo, dinero y recursos al racionalizar el proceso de su bolet\u00edn.<\/li>\n<\/ul>\n","protected":false},"excerpt":{"rendered":"<p>El AutoSponder del bolet\u00edn, una herramienta incre\u00edblemente robusta, se ha desarrollado espec\u00edficamente para automatizar y optimizar sus campa\u00f1as de marketing por correo electr\u00f3nico, mejorando as\u00ed sus esfuerzos generales de marketing. Su interfaz altamente intuitiva y sus caracter\u00edsticas avanzadas le permiten generar y enviar boletines cautivadores a su valiosa base de suscriptores, sin tener que ejercer ning\u00fan trabajo manual. Esta soluci\u00f3n de software excepcional no solo es ideal para propietarios de peque\u00f1as empresas, sino tambi\u00e9n indispensable para profesionales de marketing experimentados, ya que les permite administrar y controlar eficientemente sus comunicaciones por correo electr\u00f3nico, al tiempo que impulsan una afluencia aumentada de tr\u00e1fico web a sus plataformas en l\u00ednea. Entonces, \u00bfpor qu\u00e9 retrasar m\u00e1s? Da el paso, aproveche el autorponder del bolet\u00edn hoy y emprende el viaje de aprovechar la multitud de ventajas que el marketing de correo electr\u00f3nico automatizado tiene para ofrecer.<\/p>\n","protected":false},"featured_media":166964,"comment_status":"open","ping_status":"open","template":"","meta":[],"product_brand":[2506],"product_cat":[1232,1206,1211],"product_tag":[2211],"class_list":{"0":"post-118087","1":"product","2":"type-product","3":"status-publish","4":"has-post-thumbnail","6":"product_brand-newsletter","7":"product_cat-marketing-wordpress-plugins","8":"product_cat-plugins","9":"product_cat-wordpress-plugins","10":"product_tag-newsletter","11":"member-discount","12":"discount-restricted","14":"first","15":"instock","16":"sale","17":"downloadable","18":"virtual","19":"sold-individually","20":"purchasable","21":"product-type-simple"},"_links":{"self":[{"href":"https:\/\/gpl-love.com\/es\/wp-json\/wp\/v2\/product\/118087","targetHints":{"allow":["GET"]}}],"collection":[{"href":"https:\/\/gpl-love.com\/es\/wp-json\/wp\/v2\/product"}],"about":[{"href":"https:\/\/gpl-love.com\/es\/wp-json\/wp\/v2\/types\/product"}],"replies":[{"embeddable":true,"href":"https:\/\/gpl-love.com\/es\/wp-json\/wp\/v2\/comments?post=118087"}],"wp:featuredmedia":[{"embeddable":true,"href":"https:\/\/gpl-love.com\/es\/wp-json\/wp\/v2\/media\/166964"}],"wp:attachment":[{"href":"https:\/\/gpl-love.com\/es\/wp-json\/wp\/v2\/media?parent=118087"}],"wp:term":[{"taxonomy":"product_brand","embeddable":true,"href":"https:\/\/gpl-love.com\/es\/wp-json\/wp\/v2\/product_brand?post=118087"},{"taxonomy":"product_cat","embeddable":true,"href":"https:\/\/gpl-love.com\/es\/wp-json\/wp\/v2\/product_cat?post=118087"},{"taxonomy":"product_tag","embeddable":true,"href":"https:\/\/gpl-love.com\/es\/wp-json\/wp\/v2\/product_tag?post=118087"}],"curies":[{"name":"wp","href":"https:\/\/api.w.org\/{rel}","templated":true}]}}