{"id":118085,"date":"2025-06-13T00:00:00","date_gmt":"2025-06-13T05:00:00","guid":{"rendered":"https:\/\/gpl-love.com\/es\/?post_type=product&#038;p=118085"},"modified":"2026-03-09T07:46:16","modified_gmt":"2026-03-09T12:46:16","slug":"learndash-visual-customizer","status":"publish","type":"product","link":"https:\/\/gpl-love.com\/es\/producto\/learndash-visual-customizer\/","title":{"rendered":"LearnDash Visual Customizer 2.3.17"},"content":{"rendered":"<h3>LearnDash Visual Customizer Caracteristicas<\/h3>\n<p>LearnDash Visual Customizer, una herramienta altamente formidable, est\u00e1 dise\u00f1ada para capacitar a los usuarios en la creaci\u00f3n de cursos de aprendizaje electr\u00f3nico visualmente cautivadores y cautivadores. A trav\u00e9s de su interfaz de arrastrar y soltar f\u00e1cilmente, a las personas se les otorga la conveniencia de adaptar sin esfuerzo la est\u00e9tica y el ambiente de sus cursos, que abarcan aspectos como fuentes, colores, dise\u00f1o y mucho m\u00e1s. Adem\u00e1s, este complemento se acompa\u00f1a de una variedad de plantillas y widgets preconstruidos que pueden modificarse perfectamente para alinearse mejor con cualquier marca o estilo. Adem\u00e1s, el personalizador visual LearnDash se integra perfectamente con LearnDash LMS, otorgando a los usuarios la facilidad de administrar h\u00e1bilmente sus cursos y rastrear diligentemente el progreso del alumno. Ya sea que uno sea un dise\u00f1ador novato o experimentado, este complemento es un componente esencial para todos aquellos que buscan engendrar cursos de aprendizaje electr\u00f3nico de nivel superior de calidad excepcional.<\/p>\n<ul>\n<li>Dise\u00f1o visual personalizable para cursos de LearnDash<\/li>\n<li>Cambiar f\u00e1cilmente los tama\u00f1os de fuente, los colores y los estilos<\/li>\n<li>Capacidad para agregar CSS personalizado para un control a\u00fan m\u00e1s fino<\/li>\n<li>Interfaz simple de arrastrar y soltar para reorganizar elementos del curso<\/li>\n<li>No se necesita experiencia de codificaci\u00f3n<\/li>\n<li>Compatible con cualquier tema de LearnDash<\/li>\n<li>Mejorar el compromiso del curso con un dise\u00f1o profesional y cohesivo<\/li>\n<li>Cree una experiencia de marca \u00fanica para sus alumnos<\/li>\n<li>Ahorre tiempo y molestias evitando la codificaci\u00f3n manual de CSS<\/li>\n<li>Reciba actualizaciones y soporte continuos para el personalizador visual<\/li>\n<\/ul>\n","protected":false},"excerpt":{"rendered":"<p>El personalizador visual LearnDash, una herramienta incre\u00edblemente potente, le brinda la oportunidad de adaptar sin esfuerzo sus cursos de LearnDash utilizando una interfaz intuitivamente navegable de arrastrar y soltar. Este producto excepcional le permite fabricar de forma r\u00e1pida y sin problemas cursos cautivadores y est\u00e9ticamente agradables que mantendr\u00e1n efectivamente el inter\u00e9s y el entusiasmo de sus alumnos. Ya sea que se encuentre elaborando cursos para su estimado equipo, clientes estimados o para su propia edificaci\u00f3n personal, el LearnDash Visual Customizer demuestra ser la soluci\u00f3n por excelencia para construir experiencias de aprendizaje electr\u00f3nico premium. \u00bfPor qu\u00e9 procrastinar? Da el paso y dale un giro hoy para presenciar el profundo impacto transformador que puede tener en tus esfuerzos de aprendizaje en l\u00ednea.<\/p>\n","protected":false},"featured_media":166587,"comment_status":"open","ping_status":"open","template":"","meta":[],"product_brand":[2483],"product_cat":[1214,1206,1211],"product_tag":[1320],"class_list":{"0":"post-118085","1":"product","2":"type-product","3":"status-publish","4":"has-post-thumbnail","6":"product_brand-learndash","7":"product_cat-personalizacion","8":"product_cat-plugins","9":"product_cat-wordpress-plugins","10":"product_tag-learndash","11":"member-discount","12":"discount-restricted","14":"first","15":"instock","16":"sale","17":"downloadable","18":"virtual","19":"sold-individually","20":"purchasable","21":"product-type-simple"},"_links":{"self":[{"href":"https:\/\/gpl-love.com\/es\/wp-json\/wp\/v2\/product\/118085","targetHints":{"allow":["GET"]}}],"collection":[{"href":"https:\/\/gpl-love.com\/es\/wp-json\/wp\/v2\/product"}],"about":[{"href":"https:\/\/gpl-love.com\/es\/wp-json\/wp\/v2\/types\/product"}],"replies":[{"embeddable":true,"href":"https:\/\/gpl-love.com\/es\/wp-json\/wp\/v2\/comments?post=118085"}],"wp:featuredmedia":[{"embeddable":true,"href":"https:\/\/gpl-love.com\/es\/wp-json\/wp\/v2\/media\/166587"}],"wp:attachment":[{"href":"https:\/\/gpl-love.com\/es\/wp-json\/wp\/v2\/media?parent=118085"}],"wp:term":[{"taxonomy":"product_brand","embeddable":true,"href":"https:\/\/gpl-love.com\/es\/wp-json\/wp\/v2\/product_brand?post=118085"},{"taxonomy":"product_cat","embeddable":true,"href":"https:\/\/gpl-love.com\/es\/wp-json\/wp\/v2\/product_cat?post=118085"},{"taxonomy":"product_tag","embeddable":true,"href":"https:\/\/gpl-love.com\/es\/wp-json\/wp\/v2\/product_tag?post=118085"}],"curies":[{"name":"wp","href":"https:\/\/api.w.org\/{rel}","templated":true}]}}