{"id":118083,"date":"2026-05-05T00:00:00","date_gmt":"2026-05-05T05:00:00","guid":{"rendered":"https:\/\/gpl-love.com\/es\/?post_type=product&#038;p=118083"},"modified":"2026-05-05T17:15:21","modified_gmt":"2026-05-05T22:15:21","slug":"automatorwp-buddyboss","status":"publish","type":"product","link":"https:\/\/gpl-love.com\/es\/producto\/automatorwp-buddyboss\/","title":{"rendered":"AutomatorWP BuddyBoss 1.8.0"},"content":{"rendered":"<h3>AutomatorWP BuddyBoss Caracteristicas<\/h3>\n<p>El complemento AutomatorWP BuddyBoss, con sus capacidades robustas, sirve como una herramienta invaluable que permite a los usuarios mecanizar sin esfuerzo una variedad diversa de tareas dentro de su sitio comunitario de Buddyboss. Al aprovechar el potencial de este complemento, los usuarios obtienen la capacidad de curar flujos de trabajo que automatizan perfectamente una variedad de acciones, que van desde la facilitaci\u00f3n de la correspondencia por correo electr\u00f3nico hasta la creaci\u00f3n de nuevas cuentas de usuarios y la asignaci\u00f3n de roles. En esencia, este complemento otorga a los usuarios la libertad de adaptar sus sitios comunitarios de manera que optimice su experiencia general. Adem\u00e1s, el complemento AutomatorWP BuddyBoss se distingue a trav\u00e9s de su naturaleza f\u00e1cil de usar, ya que ofrece una interfaz intuitiva de arrastrar y soltar que agiliza el proceso de elaboraci\u00f3n de flujos de trabajo intrincados. Por lo tanto, este complemento surge como un activo indispensable para las personas que buscan racionalizar su flujo de trabajo y mejorar la eficiencia de su sitio comunitario de Buddyboss.<\/p>\n<ul>\n<li>Permite la automatizaci\u00f3n de tareas en un sitio web de BuddyBoss<\/li>\n<li>Se integra a la perfecci\u00f3n con AutomatorWP<\/li>\n<li>Ahorra tiempo eliminando la necesidad de completar la tarea manual<\/li>\n<li>Aumenta la productividad al automatizar tareas de rutina<\/li>\n<li>Ofrece una interfaz f\u00e1cil de usar para crear automatizaciones personalizadas<\/li>\n<li>Ofrece una gama de desencadenantes y acciones para la personalizaci\u00f3n.<\/li>\n<li>Permite a los usuarios crear reglas de acci\u00f3n de activaci\u00f3n sin ning\u00fan conocimiento de codificaci\u00f3n<\/li>\n<li>Ofrece funcionalidad confiable para la finalizaci\u00f3n autom\u00e1tica de tareas<\/li>\n<li>Compatible con una gama de complementos y extensiones<\/li>\n<li>Soluci\u00f3n rentable de automatizaci\u00f3n<\/li>\n<li>Ahorra tiempo valioso y aumenta la eficiencia para los propietarios de sitios web de BuddyBoss<\/li>\n<\/ul>\n","protected":false},"excerpt":{"rendered":"<p>Experimente el pin\u00e1culo de la automatizaci\u00f3n con AutomatorWP BuddyBoss, una poderosa herramienta de integraci\u00f3n para su sitio de WordPress. Con BuddyBoss, puede crear flujos de trabajo automatizados que racionalizan sus procesos, ahorr\u00e1ndole tiempo y esfuerzo. El software es f\u00e1cil de usar, lo que le permite configurar desencadenantes y acciones en todo su sitio, desde registros de usuarios hasta env\u00edos y m\u00e1s. Automatorwp BuddyBoss garantiza una integraci\u00f3n perfecta con sus complementos de WordPress, mejorando su funcionalidad y eficiencia. Adem\u00e1s, sus caracter\u00edsticas robustas lo hacen imprescindible para las empresas que buscan optimizar sus operaciones en l\u00ednea. Experimente los beneficios de la automatizaci\u00f3n hoy con AutomatorWP BuddyBoss.<\/p>\n","protected":false},"featured_media":165416,"comment_status":"open","ping_status":"open","template":"","meta":[],"product_brand":[2368],"product_cat":[1212,1206,1211],"product_tag":[2210],"class_list":{"0":"post-118083","1":"product","2":"type-product","3":"status-publish","4":"has-post-thumbnail","6":"product_brand-automatorwp","7":"product_cat-administracion-wordpress-plugins","8":"product_cat-plugins","9":"product_cat-wordpress-plugins","10":"product_tag-automatorwp","11":"member-discount","12":"discount-restricted","14":"first","15":"instock","16":"sale","17":"downloadable","18":"virtual","19":"sold-individually","20":"purchasable","21":"product-type-simple"},"_links":{"self":[{"href":"https:\/\/gpl-love.com\/es\/wp-json\/wp\/v2\/product\/118083","targetHints":{"allow":["GET"]}}],"collection":[{"href":"https:\/\/gpl-love.com\/es\/wp-json\/wp\/v2\/product"}],"about":[{"href":"https:\/\/gpl-love.com\/es\/wp-json\/wp\/v2\/types\/product"}],"replies":[{"embeddable":true,"href":"https:\/\/gpl-love.com\/es\/wp-json\/wp\/v2\/comments?post=118083"}],"wp:featuredmedia":[{"embeddable":true,"href":"https:\/\/gpl-love.com\/es\/wp-json\/wp\/v2\/media\/165416"}],"wp:attachment":[{"href":"https:\/\/gpl-love.com\/es\/wp-json\/wp\/v2\/media?parent=118083"}],"wp:term":[{"taxonomy":"product_brand","embeddable":true,"href":"https:\/\/gpl-love.com\/es\/wp-json\/wp\/v2\/product_brand?post=118083"},{"taxonomy":"product_cat","embeddable":true,"href":"https:\/\/gpl-love.com\/es\/wp-json\/wp\/v2\/product_cat?post=118083"},{"taxonomy":"product_tag","embeddable":true,"href":"https:\/\/gpl-love.com\/es\/wp-json\/wp\/v2\/product_tag?post=118083"}],"curies":[{"name":"wp","href":"https:\/\/api.w.org\/{rel}","templated":true}]}}