{"id":118081,"date":"2024-11-07T00:00:00","date_gmt":"2024-11-07T05:00:00","guid":{"rendered":"https:\/\/gpl-love.com\/es\/?post_type=product&#038;p=118081"},"modified":"2026-03-09T07:19:07","modified_gmt":"2026-03-09T12:19:07","slug":"automatorwp-buddypress","status":"publish","type":"product","link":"https:\/\/gpl-love.com\/es\/producto\/automatorwp-buddypress\/","title":{"rendered":"AutomatorWP BuddyPress 1.5.2"},"content":{"rendered":"<h3>AutomatorWP BuddyPress Caracteristicas<\/h3>\n<p>Automatorwp BuddyPress, un complemento muy potente para WordPress, ofrece a los usuarios un medio f\u00e1cil de usar y altamente efectivo para automatizar las diversas tareas asociadas con sitios web basados \u200b\u200ben la comunidad. Su integraci\u00f3n perfecta con el complemento BuddyPress garantiza que la automatizaci\u00f3n de tareas como el registro de usuarios, la gesti\u00f3n de grupos y las notificaciones se vuelvan muy f\u00e1ciles. Al aprovechar AutomatorWP BuddyPress, los usuarios est\u00e1n facultados para crear flujos de trabajo automatizados que pueden activarse por eventos espec\u00edficos o acciones del usuario, lo que les permite llevar a cabo una amplia gama de acciones autom\u00e1ticamente. Este complemento es particularmente invaluable para los propietarios de sitios web que buscan optimizar sus responsabilidades de gesti\u00f3n comunitaria, mejorando as\u00ed la eficiencia general de sus sitios web. Ya sea que sea propietario de un sitio web o un desarrollador, tenga la seguridad de que AutomatorWP BuddyPress es la soluci\u00f3n ideal para automatizar sin esfuerzo su sitio web basado en BuddyPress.<\/p>\n<ul>\n<li>Automatorwp BuddyPress es un complemento que lo ayuda a automatizar su comunidad BuddyPress con facilidad.<\/li>\n<li>Puede usarlo para crear flujos de trabajo y desencadenantes personalizados que ayuden a optimizar y simplificar sus tareas de gesti\u00f3n de la comunidad.<\/li>\n<li>El complemento ofrece una amplia gama de integraciones Pro, que incluyen Slack, Zapier, MailChimp y m\u00e1s.<\/li>\n<li>Puede configurar f\u00e1cilmente flujos de trabajo para automatizar tareas como registro de usuarios, publicaci\u00f3n publica y mensajes privados.<\/li>\n<li>El complemento tambi\u00e9n ofrece una potente funci\u00f3n de programaci\u00f3n que le permite programar tareas y flujos de trabajo para ejecutarse en momentos o intervalos espec\u00edficos.<\/li>\n<li>Con AutomatorWP BuddyPress, puede ahorrar tiempo y aumentar la eficiencia en la administraci\u00f3n de su comunidad en l\u00ednea.<\/li>\n<li>El complemento es f\u00e1cil de instalar y configurar, incluso si tiene un conocimiento t\u00e9cnico limitado.<\/li>\n<li>Es totalmente personalizable, lo que significa que puede crear flujos de trabajo adaptados a sus necesidades espec\u00edficas.<\/li>\n<li>Automatorwp BuddyPress se actualiza regularmente y viene con una excelente atenci\u00f3n al cliente para garantizar que aproveche al m\u00e1ximo el complemento.<\/li>\n<li>Ya sea que est\u00e9 administrando una peque\u00f1a comunidad en l\u00ednea o una grande, AutomatorWP BuddyPress puede ayudarlo a automatizar las tareas y optimizar sus flujos de trabajo, ahorr\u00e1ndole tiempo y aumentando la productividad.<\/li>\n<\/ul>\n","protected":false},"excerpt":{"rendered":"<p>AutomatorWP BuddyPress es un complemento premium dise\u00f1ado para optimizar su experiencia de WordPress. Con este complemento, puede automatizar su comunidad en l\u00ednea y optimizar su flujo de trabajo, aumentando la productividad y la eficiencia. Sus caracter\u00edsticas de primer nivel le permiten personalizar las actividades e interacciones de su comunidad, lo que le brinda control completo sobre su sitio web. Ya sea que est\u00e9 administrando registros de miembros o automatizaci\u00f3n de notificaciones por correo electr\u00f3nico, AutomatorWP BuddyPress lo tiene cubierto. A trav\u00e9s de su interfaz f\u00e1cil de usar, puede configurar los desencadenantes de automatizaci\u00f3n en funci\u00f3n de la actividad del usuario, lo que facilita participar y administrar su comunidad. Experimente el poder de la automatizaci\u00f3n con AutomatorWP BuddyPress y lleve su comunidad en l\u00ednea al siguiente nivel.<\/p>\n","protected":false},"featured_media":165417,"comment_status":"open","ping_status":"open","template":"","meta":[],"product_brand":[2368],"product_cat":[1212,1206,1211],"product_tag":[2210],"class_list":{"0":"post-118081","1":"product","2":"type-product","3":"status-publish","4":"has-post-thumbnail","6":"product_brand-automatorwp","7":"product_cat-administracion-wordpress-plugins","8":"product_cat-plugins","9":"product_cat-wordpress-plugins","10":"product_tag-automatorwp","11":"member-discount","12":"discount-restricted","14":"first","15":"instock","16":"sale","17":"downloadable","18":"virtual","19":"sold-individually","20":"purchasable","21":"product-type-simple"},"_links":{"self":[{"href":"https:\/\/gpl-love.com\/es\/wp-json\/wp\/v2\/product\/118081","targetHints":{"allow":["GET"]}}],"collection":[{"href":"https:\/\/gpl-love.com\/es\/wp-json\/wp\/v2\/product"}],"about":[{"href":"https:\/\/gpl-love.com\/es\/wp-json\/wp\/v2\/types\/product"}],"replies":[{"embeddable":true,"href":"https:\/\/gpl-love.com\/es\/wp-json\/wp\/v2\/comments?post=118081"}],"wp:featuredmedia":[{"embeddable":true,"href":"https:\/\/gpl-love.com\/es\/wp-json\/wp\/v2\/media\/165417"}],"wp:attachment":[{"href":"https:\/\/gpl-love.com\/es\/wp-json\/wp\/v2\/media?parent=118081"}],"wp:term":[{"taxonomy":"product_brand","embeddable":true,"href":"https:\/\/gpl-love.com\/es\/wp-json\/wp\/v2\/product_brand?post=118081"},{"taxonomy":"product_cat","embeddable":true,"href":"https:\/\/gpl-love.com\/es\/wp-json\/wp\/v2\/product_cat?post=118081"},{"taxonomy":"product_tag","embeddable":true,"href":"https:\/\/gpl-love.com\/es\/wp-json\/wp\/v2\/product_tag?post=118081"}],"curies":[{"name":"wp","href":"https:\/\/api.w.org\/{rel}","templated":true}]}}