{"id":118064,"date":"2021-10-18T00:00:00","date_gmt":"2021-10-18T05:00:00","guid":{"rendered":"https:\/\/gpl-love.com\/es\/?post_type=product&#038;p=118064"},"modified":"2026-03-13T17:19:21","modified_gmt":"2026-03-13T22:19:21","slug":"docdirect-wordpress-tema-para-doctors-y-healthcare-directory","status":"publish","type":"product","link":"https:\/\/gpl-love.com\/es\/producto\/docdirect-wordpress-tema-para-doctors-y-healthcare-directory\/","title":{"rendered":"DocDirect WordPress Tema para Doctors y Healthcare Directory 8.1.1"},"content":{"rendered":"<h3>DocDirect WordPress Tema para Doctors y Healthcare Directory Caracteristicas<\/h3>\n<p>El tema de DocDirect WordPress se ha creado espec\u00edficamente para satisfacer los requisitos \u00fanicos de los profesionales de la salud y los sitios web de directorio m\u00e9dico. Demuestra ser una opci\u00f3n ideal para m\u00e9dicos, cl\u00ednicas, hospitales y pr\u00e1cticas m\u00e9dicas que buscan establecer una presencia en l\u00ednea prominente. Este tema facilita la personalizaci\u00f3n sin esfuerzo, proporcionando a los usuarios la capacidad de construir un sitio web sofisticado y visualmente atractivo sin experiencia en codificaci\u00f3n. En particular, cuenta con m\u00faltiples sistemas de reserva de citas, herramientas de gesti\u00f3n de pacientes y un sistema de revisi\u00f3n integral, simplificando as\u00ed el proceso de interacci\u00f3n del paciente con sus respectivos proveedores de atenci\u00f3n m\u00e9dica. Adem\u00e1s, el tema DocDirect es totalmente receptivo, lo que garantiza que su sitio web exude excelencia en cualquier dispositivo desde el que se acceda. Adem\u00e1s, este tema est\u00e1 equipado con funciones amigables con SEO, lo que le permite mejorar su visibilidad en l\u00ednea y posteriormente expandir su alcance. Al adoptar el tema DocDirect WordPress, puede establecer efectivamente una presencia en l\u00ednea robusta para su pr\u00e1ctica m\u00e9dica y, a su vez, ofrecer servicios superiores a sus valiosos pacientes.<\/p>\n<ul>\n<li>-DocDirect es un tema de WordPress altamente personalizable perfectamente adecuado para directorios de salud y oficinas de m\u00e9dicos.<\/li>\n<li>-El dise\u00f1o respondido asegura una experiencia de usuario perfecta en todos los dispositivos.<\/li>\n<li>-El sistema de reserva de citas integrado permite a los pacientes programar con facilidad.<\/li>\n<li>-Las opciones de pasarela de pago de Multiple permiten opciones de pago convenientes para los pacientes.<\/li>\n<li>-El funcionalidad de b\u00fasqueda avanzada asegura que los pacientes puedan encontrar r\u00e1pidamente el m\u00e9dico o el proveedor de atenci\u00f3n m\u00e9dica adecuado.<\/li>\n<li>-Los mapas de Google integrados hacen que encontrar la oficina de un proveedor sea simple.<\/li>\n<li>-Las notificaciones de correo electr\u00f3nico y SMS construidas mantienen informados a los pacientes y a los proveedores sobre las citas y las actualizaciones.<\/li>\n<li>-ABSABILIDAD para calificar y revisar a los m\u00e9dicos ayuda a los pacientes a tomar decisiones informadas.<\/li>\n<li>-La integraci\u00f3n de medios sociales para un f\u00e1cil intercambio y promoci\u00f3n de su directorio.<\/li>\n<li>-24\/7 Atenci\u00f3n al cliente para ayudar con cualquier problema t\u00e9cnico.<\/li>\n<\/ul>\n","protected":false},"excerpt":{"rendered":"<p>Experimente el poder de un sitio web totalmente funcional, vers\u00e1til y receptivo con el tema DocDirect WordPress para m\u00e9dicos y directorio de salud. Este tema se ha creado espec\u00edficamente para m\u00e9dicos, profesionales de la salud e instituciones m\u00e9dicas que desean establecer una fuerte presencia en l\u00ednea. El tema presenta un directorio de b\u00fasqueda avanzado, que permite a los pacientes buscar proveedores de atenci\u00f3n m\u00e9dica en funci\u00f3n de su especialidad, ubicaci\u00f3n o calificaciones.<\/p>\n<p>El tema DocDirect ofrece una interfaz simple y f\u00e1cil de usar, lo que facilita incluso a los principiantes crear un sitio web de aspecto profesional. Es totalmente receptivo, asegurando que su sitio web se vea perfecto en cualquier dispositivo, ya sea un tel\u00e9fono inteligente, tableta o escritorio.<\/p>\n<p>El tema tambi\u00e9n permite a los m\u00e9dicos crear perfiles detallados, mostrar sus calificaciones, experiencia, servicios y revisiones de clientes. Esto ayuda a generar confianza y credibilidad con pacientes potenciales.<\/p>\n<p>Adem\u00e1s, el tema DocDirect admite la integraci\u00f3n de WooCommerce, abriendo la posibilidad de citas y pagos en l\u00ednea. Tambi\u00e9n incluye la integraci\u00f3n de las redes sociales, brindando a los m\u00e9dicos la oportunidad de expandir su alcance e interactuar con su audiencia en<\/p>\n","protected":false},"featured_media":165795,"comment_status":"open","ping_status":"open","template":"","meta":[],"product_brand":[2337],"product_cat":[1307,1237,1238],"product_tag":[1391],"class_list":{"0":"post-118064","1":"product","2":"type-product","3":"status-publish","4":"has-post-thumbnail","6":"product_brand-themeforest","7":"product_cat-negocio-wordpress-temas","8":"product_cat-temas","9":"product_cat-wordpress-temas","10":"product_tag-themeforest","11":"member-discount","12":"discount-restricted","14":"first","15":"instock","16":"sale","17":"downloadable","18":"virtual","19":"sold-individually","20":"purchasable","21":"product-type-simple"},"_links":{"self":[{"href":"https:\/\/gpl-love.com\/es\/wp-json\/wp\/v2\/product\/118064","targetHints":{"allow":["GET"]}}],"collection":[{"href":"https:\/\/gpl-love.com\/es\/wp-json\/wp\/v2\/product"}],"about":[{"href":"https:\/\/gpl-love.com\/es\/wp-json\/wp\/v2\/types\/product"}],"replies":[{"embeddable":true,"href":"https:\/\/gpl-love.com\/es\/wp-json\/wp\/v2\/comments?post=118064"}],"wp:featuredmedia":[{"embeddable":true,"href":"https:\/\/gpl-love.com\/es\/wp-json\/wp\/v2\/media\/165795"}],"wp:attachment":[{"href":"https:\/\/gpl-love.com\/es\/wp-json\/wp\/v2\/media?parent=118064"}],"wp:term":[{"taxonomy":"product_brand","embeddable":true,"href":"https:\/\/gpl-love.com\/es\/wp-json\/wp\/v2\/product_brand?post=118064"},{"taxonomy":"product_cat","embeddable":true,"href":"https:\/\/gpl-love.com\/es\/wp-json\/wp\/v2\/product_cat?post=118064"},{"taxonomy":"product_tag","embeddable":true,"href":"https:\/\/gpl-love.com\/es\/wp-json\/wp\/v2\/product_tag?post=118064"}],"curies":[{"name":"wp","href":"https:\/\/api.w.org\/{rel}","templated":true}]}}