{"id":118062,"date":"2025-07-29T00:00:00","date_gmt":"2025-07-29T05:00:00","guid":{"rendered":"https:\/\/gpl-love.com\/es\/?post_type=product&#038;p=118062"},"modified":"2026-04-10T11:23:39","modified_gmt":"2026-04-10T16:23:39","slug":"iconic-sales-booster-para-woocommerce","status":"publish","type":"product","link":"https:\/\/gpl-love.com\/es\/producto\/iconic-sales-booster-para-woocommerce\/","title":{"rendered":"Sales Booster para WooCommerce 1.25.2"},"content":{"rendered":"<h3>Sales Booster para WooCommerce Caracteristicas<\/h3>\n<p>Sales Booster para WooCommerce es una herramienta incre\u00edblemente robusta e impactante que los propietarios de tiendas en l\u00ednea pueden aprovechar para mejorar y reforzar efectivamente sus ventas. Este complemento excepcional ofrece una amplia gama de caracter\u00edsticas que est\u00e1n espec\u00edficamente dise\u00f1adas para optimizar su sitio web, asegurando que funcione en el m\u00e1ximo rendimiento. Al utilizar esta notable herramienta, los propietarios de sitios web tienen la capacidad de elaborar sin esfuerzo para activar ventanas emergentes, pancartas y mensajes personalizados, todos los cuales tienen el prop\u00f3sito de cautivarse y atraer a los clientes potenciales para finalmente aumentar las ventas. Adem\u00e1s, Sales Booster tambi\u00e9n proporciona una gran cantidad de caracter\u00edsticas adicionales, como a prueba social, temporizadores de escasez y potentes botones de llamado a acci\u00f3n, todos los cuales funcionan armoniosamente juntos para motivar y alentar a los clientes a realizar compras. La usabilidad sin esfuerzo y el dise\u00f1o intuitivo de esta herramienta contribuyen a\u00fan m\u00e1s a su atractivo y accesibilidad, atendiendo a personas con diferentes niveles de experiencia y competencia. En resumen, el refuerzo de ventas para WooCommerce es una necesidad absoluta para todos y cada uno de los propietarios de tiendas en l\u00ednea que est\u00e1n ansiosos por impulsar sus ventas a nuevas alturas y impulsar el crecimiento de su negocio.<\/p>\n<ul>\n<li>Aumenta las ventas en los sitios web de WooCommerce mediante la implementaci\u00f3n de varias estrategias de marketing<\/li>\n<li>Proporciona un amplio an\u00e1lisis de datos e informes para ayudar a optimizar el rendimiento de las ventas<\/li>\n<li>Ofrece precios din\u00e1micos y funciones de agrupaci\u00f3n de productos para alentar el gasto de los clientes<\/li>\n<li>Se integra con varias plataformas de correo electr\u00f3nico y redes sociales para automatizar campa\u00f1as de marketing<\/li>\n<li>Habilita promociones y descuentos espec\u00edficos basados \u200b\u200ben el comportamiento del cliente y el historial de compras<\/li>\n<li>Ofrece ventanas emergentes personalizables y mensajes de entrada de salida para reducir el abandono del carrito<\/li>\n<li>Simplifica el proceso de venta ascendente y de venta cruzada para aumentar el valor promedio del pedido<\/li>\n<li>Proporciona recomendaciones personalizadas a los clientes basados \u200b\u200ben su historial de navegaci\u00f3n y compra<\/li>\n<li>Ayuda a mejorar el compromiso y la satisfacci\u00f3n del cliente al ofrecer programas de fidelizaci\u00f3n y recompensas.<\/li>\n<\/ul>\n","protected":false},"excerpt":{"rendered":"<p>El refuerzo de ventas para WooCommerce es una herramienta extremadamente potente que ha sido meticulosamente elaborada para impulsar sus ventas y aumentar los ingresos de su estimada tienda en l\u00ednea. A trav\u00e9s de la utilizaci\u00f3n de sus algoritmos astutos, esta notable herramienta analiza incesantemente los datos de su tienda WooCommerce, que posteriormente le proporciona recomendaciones profundas e iluminadoras destinadas a amplificar su rendimiento de ventas en su totalidad. Al aprovechar las capacidades incomparables del refuerzo de ventas para WooCommerce, optimizar\u00e1 sin esfuerzo sus estrategias de precios, mejorar\u00e1 la calidad de las recomendaciones de sus productos y aumentar\u00e1 exponencialmente las conversiones a trav\u00e9s de la implementaci\u00f3n de campa\u00f1as de marketing altamente personalizadas. Por lo tanto, al otorgar a su tienda en l\u00ednea, el impulso imperativo que necesita para florecer, el refuerzo de ventas para WooCommerce surge como la soluci\u00f3n por excelencia.<\/p>\n","protected":false},"featured_media":167392,"comment_status":"open","ping_status":"open","template":"","meta":[],"product_brand":[2476],"product_cat":[1207,1225,1206],"product_tag":[1603],"class_list":{"0":"post-118062","1":"product","2":"type-product","3":"status-publish","4":"has-post-thumbnail","6":"product_brand-iconic","7":"product_cat-comercio-electronico-plugins","8":"product_cat-marketing","9":"product_cat-plugins","10":"product_tag-iconic","11":"member-discount","12":"discount-restricted","14":"first","15":"instock","16":"sale","17":"downloadable","18":"virtual","19":"sold-individually","20":"purchasable","21":"product-type-simple"},"_links":{"self":[{"href":"https:\/\/gpl-love.com\/es\/wp-json\/wp\/v2\/product\/118062","targetHints":{"allow":["GET"]}}],"collection":[{"href":"https:\/\/gpl-love.com\/es\/wp-json\/wp\/v2\/product"}],"about":[{"href":"https:\/\/gpl-love.com\/es\/wp-json\/wp\/v2\/types\/product"}],"replies":[{"embeddable":true,"href":"https:\/\/gpl-love.com\/es\/wp-json\/wp\/v2\/comments?post=118062"}],"wp:featuredmedia":[{"embeddable":true,"href":"https:\/\/gpl-love.com\/es\/wp-json\/wp\/v2\/media\/167392"}],"wp:attachment":[{"href":"https:\/\/gpl-love.com\/es\/wp-json\/wp\/v2\/media?parent=118062"}],"wp:term":[{"taxonomy":"product_brand","embeddable":true,"href":"https:\/\/gpl-love.com\/es\/wp-json\/wp\/v2\/product_brand?post=118062"},{"taxonomy":"product_cat","embeddable":true,"href":"https:\/\/gpl-love.com\/es\/wp-json\/wp\/v2\/product_cat?post=118062"},{"taxonomy":"product_tag","embeddable":true,"href":"https:\/\/gpl-love.com\/es\/wp-json\/wp\/v2\/product_tag?post=118062"}],"curies":[{"name":"wp","href":"https:\/\/api.w.org\/{rel}","templated":true}]}}