{"id":118060,"date":"2021-11-22T00:00:00","date_gmt":"2021-11-22T05:00:00","guid":{"rendered":"https:\/\/gpl-love.com\/es\/?post_type=product&#038;p=118060"},"modified":"2026-03-13T17:23:54","modified_gmt":"2026-03-13T22:23:54","slug":"madara-wordpress-tema-para-manga","status":"publish","type":"product","link":"https:\/\/gpl-love.com\/es\/producto\/madara-wordpress-tema-para-manga\/","title":{"rendered":"Madara WordPress Tema para Manga 1.7.3.1"},"content":{"rendered":"<h3>Madara WordPress Tema para Manga Caracteristicas<\/h3>\n<p>El tema de Madara WordPress para Manga es una soluci\u00f3n excepcional que satisface las necesidades de los artistas de manga y los entusiastas, lo que les permite crear sitios web visualmente cautivadores e inmersivos visualmente sin esfuerzo. Espec\u00edficamente adaptado para acomodar el contenido de manga y anime, este tema cuenta con una amplia gama de opciones de personalizaci\u00f3n, brindando a los usuarios la oportunidad de sintonizar finamente la apariencia y el ambiente de sus sitios web para adaptarse a sus preferencias personales. Con su dise\u00f1o altamente receptivo y una variedad de caracter\u00edsticas poderosas, Madara facilita la muestra perfecta de obras art\u00edsticas, fomentando una fuerte conexi\u00f3n entre los creadores y su audiencia. Independientemente de si uno es un profesional experimentado o simplemente un admirador ardiente del g\u00e9nero, Madara sirve como la herramienta por excelencia para elevar el sitio web a nuevas alturas de excelencia.<\/p>\n<ul>\n<li>El tema de Madara WordPress es la soluci\u00f3n perfecta para sitios web y blogs de manga<\/li>\n<li>Las altas opciones personalizables le permiten adaptar el aspecto de su sitio web a su visi\u00f3n espec\u00edfica<\/li>\n<li>Construido con las \u00faltimas tecnolog\u00edas, Madara ofrece velocidad y rendimiento de rayo para una experiencia de usuario perfecta<\/li>\n<li>M\u00faltiples dise\u00f1os y plantillas hacen que la creaci\u00f3n y organizaci\u00f3n de su contenido sea simple y f\u00e1cil<\/li>\n<li>Con potentes caracter\u00edsticas de b\u00fasqueda y categorizaci\u00f3n, los lectores pueden encontrar f\u00e1cilmente el contenido que est\u00e1n buscando<\/li>\n<li>Opciones integradas de intercambio social le permiten conectarse f\u00e1cilmente con sus lectores en sus plataformas preferidas<\/li>\n<li>Madara es totalmente receptivo, por lo que su sitio web se ver\u00e1 muy bien en cualquier dispositivo o tama\u00f1o de pantalla<\/li>\n<li>El c\u00f3digo optimizado de SEO le da a su sitio web un impulso en la clasificaci\u00f3n de los motores de b\u00fasqueda, lo que facilita a los lectores encontrar<\/li>\n<li>Soporte dedicado y actualizaciones peri\u00f3dicas Aseg\u00farese de que su sitio web se mantenga actualizado y funcionando sin problemas<\/li>\n<li>Madara ofrece una soluci\u00f3n de sitio web poderosa y profesional para creadores de manga y entusiastas por igual.<\/li>\n<\/ul>\n","protected":false},"excerpt":{"rendered":"<p>Experimente la mejor experiencia de lectura de manga sumergi\u00e9ndose en el mundo del mundo de Madara WordPress. Este tema, dise\u00f1ado exclusivamente para los entusiastas del manga, proporciona una interfaz clara y atractiva que mejora la alegr\u00eda de la lectura. Con sus dise\u00f1os de p\u00e1gina personalizables, tipograf\u00eda elegante y navegaci\u00f3n f\u00e1cil de usar, Madara le permite sumergirse completamente en el cautivador universo de su querida serie de manga. Ya sea que sea un seguidor devoto de t\u00edtulos de renombre o que busque opciones frescas y estimulantes, el tema de Madara WordPress para Manga es la selecci\u00f3n ideal para cumplir con sus deseos.<\/p>\n","protected":false},"featured_media":166644,"comment_status":"open","ping_status":"open","template":"","meta":[],"product_brand":[2337],"product_cat":[1267,1237,1238],"product_tag":[1391],"class_list":{"0":"post-118060","1":"product","2":"type-product","3":"status-publish","4":"has-post-thumbnail","6":"product_brand-themeforest","7":"product_cat-creativo","8":"product_cat-temas","9":"product_cat-wordpress-temas","10":"product_tag-themeforest","11":"member-discount","12":"discount-restricted","14":"first","15":"instock","16":"sale","17":"downloadable","18":"virtual","19":"sold-individually","20":"purchasable","21":"product-type-simple"},"_links":{"self":[{"href":"https:\/\/gpl-love.com\/es\/wp-json\/wp\/v2\/product\/118060","targetHints":{"allow":["GET"]}}],"collection":[{"href":"https:\/\/gpl-love.com\/es\/wp-json\/wp\/v2\/product"}],"about":[{"href":"https:\/\/gpl-love.com\/es\/wp-json\/wp\/v2\/types\/product"}],"replies":[{"embeddable":true,"href":"https:\/\/gpl-love.com\/es\/wp-json\/wp\/v2\/comments?post=118060"}],"wp:featuredmedia":[{"embeddable":true,"href":"https:\/\/gpl-love.com\/es\/wp-json\/wp\/v2\/media\/166644"}],"wp:attachment":[{"href":"https:\/\/gpl-love.com\/es\/wp-json\/wp\/v2\/media?parent=118060"}],"wp:term":[{"taxonomy":"product_brand","embeddable":true,"href":"https:\/\/gpl-love.com\/es\/wp-json\/wp\/v2\/product_brand?post=118060"},{"taxonomy":"product_cat","embeddable":true,"href":"https:\/\/gpl-love.com\/es\/wp-json\/wp\/v2\/product_cat?post=118060"},{"taxonomy":"product_tag","embeddable":true,"href":"https:\/\/gpl-love.com\/es\/wp-json\/wp\/v2\/product_tag?post=118060"}],"curies":[{"name":"wp","href":"https:\/\/api.w.org\/{rel}","templated":true}]}}