{"id":118058,"date":"2026-01-04T00:00:00","date_gmt":"2026-01-04T05:00:00","guid":{"rendered":"https:\/\/gpl-love.com\/es\/?post_type=product&#038;p=118058"},"modified":"2026-04-10T11:29:48","modified_gmt":"2026-04-10T16:29:48","slug":"user-extra-fields-wordpress-plugin","status":"publish","type":"product","link":"https:\/\/gpl-love.com\/es\/producto\/user-extra-fields-wordpress-plugin\/","title":{"rendered":"User Extra Fields WordPress Plugin 17.0"},"content":{"rendered":"<h3>User Extra Fields WordPress Plugin Caracteristicas<\/h3>\n<p>El User Extra Fields WordPress Plugin, una herramienta altamente sofisticada, ofrece a los propietarios de sitios web la capacidad de mejorar sus formularios de registro de usuarios mediante la incorporaci\u00f3n de campos a medida. El objetivo principal de este complemento es optimizar la experiencia del usuario facilitando un proceso de registro que sea m\u00e1s personalizado. Al aprovechar las capacidades del complemento de campos adicionales del usuario, los administradores del sitio web tienen la flexibilidad de dise\u00f1ar e implementar una gran cantidad de tipos de campo, que van desde campos de texto simplistas hasta casillas de verificaci\u00f3n y botones de radio. Este complemento cuenta con una experiencia de usuario perfecta, su interfaz intuitiva que garantiza la personalizaci\u00f3n sin esfuerzo. En consecuencia, a trav\u00e9s de la utilizaci\u00f3n de campos adicionales del usuario, los propietarios de sitios web pueden acumular datos de usuario invaluables, fomentando una experiencia superior e inmersiva para sus usuarios.<\/p>\n<ul>\n<li>Personalizar los formularios de registro del usuario con facilidad<\/li>\n<li>Agregar campos personalizados a los perfiles de usuario<\/li>\n<li>Recopilar datos adicionales de los usuarios<\/li>\n<li>Integraci\u00f3n con complementos de registro de WordPress populares<\/li>\n<li>Interfaz simple para administrar campos adicionales<\/li>\n<li>Mejorar la experiencia del usuario con formularios personalizados<\/li>\n<li>Compatible con la mayor\u00eda de los temas de WordPress<\/li>\n<li>Recopilaci\u00f3n de datos de usuario que cumple con GDPR<\/li>\n<li>Mejorar el an\u00e1lisis de datos con campos personalizados<\/li>\n<li>F\u00e1cil de instalar y configurar.<\/li>\n<\/ul>\n","protected":false},"excerpt":{"rendered":"<p>El User Extra Fields WordPress Plugin, una herramienta extremadamente robusta e influyente, le otorga la capacidad de incorporar campos personalizados en las p\u00e1ginas de registro y perfil de sus usuarios. Al utilizar este complemento, obtiene la capacidad de acumular informaci\u00f3n complementaria de sus usuarios, empleando posteriormente dichos datos para adaptar y personalizar efectivamente su experiencia general en su sitio web. Ya sea que su objetivo sea recopilar datos demogr\u00e1ficos pertinentes, preferencias o cualquier otro detalle relevante, el usuario del usuario WordPress Plugin facilita sin esfuerzo la creaci\u00f3n de campos personalizados, que se pueden mostrar r\u00e1pidamente a sus usuarios. Este complemento ofrece un nivel de adaptabilidad asombrosamente alto, lo que le permite configurarlo sin problemas para alinearse sin problemas con la est\u00e9tica y el ambiente de su sitio web. Con su interfaz extremadamente f\u00e1cil de usar y su dise\u00f1o excepcionalmente intuitivo, queda muy claro que el Usuario Extra Fields WordPress Plugin es una necesidad absoluta para cualquier propietario dedicado del sitio web que busque amplificar y enriquecer la experiencia general en l\u00ednea de sus usuarios.<\/p>\n","protected":false},"featured_media":167911,"comment_status":"open","ping_status":"open","template":"","meta":[],"product_brand":[2339],"product_cat":[1214,1206,1211],"product_tag":[1256],"class_list":{"0":"post-118058","1":"product","2":"type-product","3":"status-publish","4":"has-post-thumbnail","6":"product_brand-codecanyon","7":"product_cat-personalizacion","8":"product_cat-plugins","9":"product_cat-wordpress-plugins","10":"product_tag-codecanyon","11":"member-discount","12":"discount-restricted","14":"first","15":"instock","16":"sale","17":"downloadable","18":"virtual","19":"sold-individually","20":"purchasable","21":"product-type-simple"},"_links":{"self":[{"href":"https:\/\/gpl-love.com\/es\/wp-json\/wp\/v2\/product\/118058","targetHints":{"allow":["GET"]}}],"collection":[{"href":"https:\/\/gpl-love.com\/es\/wp-json\/wp\/v2\/product"}],"about":[{"href":"https:\/\/gpl-love.com\/es\/wp-json\/wp\/v2\/types\/product"}],"replies":[{"embeddable":true,"href":"https:\/\/gpl-love.com\/es\/wp-json\/wp\/v2\/comments?post=118058"}],"wp:featuredmedia":[{"embeddable":true,"href":"https:\/\/gpl-love.com\/es\/wp-json\/wp\/v2\/media\/167911"}],"wp:attachment":[{"href":"https:\/\/gpl-love.com\/es\/wp-json\/wp\/v2\/media?parent=118058"}],"wp:term":[{"taxonomy":"product_brand","embeddable":true,"href":"https:\/\/gpl-love.com\/es\/wp-json\/wp\/v2\/product_brand?post=118058"},{"taxonomy":"product_cat","embeddable":true,"href":"https:\/\/gpl-love.com\/es\/wp-json\/wp\/v2\/product_cat?post=118058"},{"taxonomy":"product_tag","embeddable":true,"href":"https:\/\/gpl-love.com\/es\/wp-json\/wp\/v2\/product_tag?post=118058"}],"curies":[{"name":"wp","href":"https:\/\/api.w.org\/{rel}","templated":true}]}}