{"id":117978,"date":"2021-10-14T00:00:00","date_gmt":"2021-10-14T05:00:00","guid":{"rendered":"https:\/\/gpl-love.com\/es\/?post_type=product&#038;p=117978"},"modified":"2026-03-09T07:29:06","modified_gmt":"2026-03-09T12:29:06","slug":"easy-digital-downloads-fraud-monitor","status":"publish","type":"product","link":"https:\/\/gpl-love.com\/es\/producto\/easy-digital-downloads-fraud-monitor\/","title":{"rendered":"Easy Digital Downloads Fraud Monitor 1.1.5"},"content":{"rendered":"<h3>Easy Digital Downloads Fraud Monitor Caracteristicas<\/h3>\n<p>El Monitor de fraude de descargas digitales f\u00e1ciles es una herramienta incre\u00edblemente robusta dise\u00f1ada con el prop\u00f3sito de salvaguardar su negocio en l\u00ednea contra los peligros de las transacciones fraudulentas. A trav\u00e9s del an\u00e1lisis meticuloso del comportamiento del cliente y los patrones transaccionales, este software formidable tiene la capacidad de identificar de inmediato a los perpetradores potenciales de fraude, elevar las banderas rojas en transacciones sospechosas y evitar las contracas. Lo que distingue a esta herramienta es su interfaz f\u00e1cil de usar y su adaptabilidad para cumplir con los requisitos \u00fanicos de su negocio. Adem\u00e1s, se integra perfectamente con su pasarela de pago existente, por lo que es una adici\u00f3n sin esfuerzo a sus operaciones. Al hacer uso del monitor de fraude, usted puede ahorrar tiempo valioso, recursos financieros y otros activos preciosos al frenar significativamente los riesgos asociados con las actividades fraudulentas, asegurando as\u00ed la mayor seguridad de sus productos digitales.<\/p>\n<ul>\n<li>Monitoreo en tiempo real de transacciones para detectar una actividad fraudulenta potencial<\/li>\n<li>Umbrales de riesgo de fraude personalizables para satisfacer las necesidades comerciales espec\u00edficas<\/li>\n<li>Integraci\u00f3n con m\u00faltiples pasarelas de pago que incluyen PayPal, Stripe y Authorize.net<\/li>\n<li>Indicadores y alertas de fraude avanzado para ayudar a tomar medidas r\u00e1pidamente<\/li>\n<li>Registros de transacciones y m\u00e9tricas detalladas para proporcionar informaci\u00f3n sobre patrones de actividad fraudulentos<\/li>\n<li>Revisi\u00f3n de transacciones automatizada y marcado para transacciones sospechosas<\/li>\n<li>Panel de control e informes f\u00e1ciles de usar para simplificar la gesti\u00f3n de fraude<\/li>\n<li>Integraci\u00f3n perfecta con plataforma f\u00e1cil de descargas digitales para una f\u00e1cil instalaci\u00f3n y uso.<\/li>\n<\/ul>\n","protected":false},"excerpt":{"rendered":"<p>El monitor de fraude de descargas digitales f\u00e1ciles juega un papel fundamental en el salvaguardia de su negocio en l\u00ednea contra transacciones fraudulentas potencialmente da\u00f1inas, lo que lo convierte en una herramienta indispensable. Al aprovechar los algoritmos sofisticados y aprovechar el poder del aprendizaje autom\u00e1tico, identifica y destaca de manera efectiva las transacciones dudosas por adelantado, adelantando as\u00ed a cualquier consecuencia perjudicial. Equipado con alertas instant\u00e1neas que proporcionan informaci\u00f3n actualizada y configuraciones personalizables adaptadas a sus preferencias, le otorga la capacidad de supervisar y analizar sin esfuerzo todas sus transacciones, lo que le permite combatir de manera proactiva el fraude. Con una interfaz f\u00e1cil de usar y una integraci\u00f3n perfecta con su sistema existente de descargas digitales f\u00e1ciles, se erige como la soluci\u00f3n por excelencia para las personas que buscan fortalecer su seguridad en l\u00ednea.<\/p>\n","protected":false},"featured_media":165860,"comment_status":"open","ping_status":"open","template":"","meta":[],"product_brand":[2427],"product_cat":[1208,1207,1206],"product_tag":[1280],"class_list":{"0":"post-117978","1":"product","2":"type-product","3":"status-publish","4":"has-post-thumbnail","6":"product_brand-easy-digital-downloads","7":"product_cat-administracion","8":"product_cat-comercio-electronico-plugins","9":"product_cat-plugins","10":"product_tag-easy-digital-downloads","11":"member-discount","12":"discount-restricted","14":"first","15":"instock","16":"sale","17":"downloadable","18":"virtual","19":"sold-individually","20":"purchasable","21":"product-type-simple"},"_links":{"self":[{"href":"https:\/\/gpl-love.com\/es\/wp-json\/wp\/v2\/product\/117978","targetHints":{"allow":["GET"]}}],"collection":[{"href":"https:\/\/gpl-love.com\/es\/wp-json\/wp\/v2\/product"}],"about":[{"href":"https:\/\/gpl-love.com\/es\/wp-json\/wp\/v2\/types\/product"}],"replies":[{"embeddable":true,"href":"https:\/\/gpl-love.com\/es\/wp-json\/wp\/v2\/comments?post=117978"}],"wp:featuredmedia":[{"embeddable":true,"href":"https:\/\/gpl-love.com\/es\/wp-json\/wp\/v2\/media\/165860"}],"wp:attachment":[{"href":"https:\/\/gpl-love.com\/es\/wp-json\/wp\/v2\/media?parent=117978"}],"wp:term":[{"taxonomy":"product_brand","embeddable":true,"href":"https:\/\/gpl-love.com\/es\/wp-json\/wp\/v2\/product_brand?post=117978"},{"taxonomy":"product_cat","embeddable":true,"href":"https:\/\/gpl-love.com\/es\/wp-json\/wp\/v2\/product_cat?post=117978"},{"taxonomy":"product_tag","embeddable":true,"href":"https:\/\/gpl-love.com\/es\/wp-json\/wp\/v2\/product_tag?post=117978"}],"curies":[{"name":"wp","href":"https:\/\/api.w.org\/{rel}","templated":true}]}}