{"id":117976,"date":"2021-10-14T00:00:00","date_gmt":"2021-10-14T05:00:00","guid":{"rendered":"https:\/\/gpl-love.com\/es\/?post_type=product&#038;p=117976"},"modified":"2026-03-09T07:28:59","modified_gmt":"2026-03-09T12:28:59","slug":"easy-digital-downloads-currency-converter","status":"publish","type":"product","link":"https:\/\/gpl-love.com\/es\/producto\/easy-digital-downloads-currency-converter\/","title":{"rendered":"Easy Digital Downloads Currency Converter 2.1.3"},"content":{"rendered":"<h3>Easy Digital Downloads Currency Converter Caracteristicas<\/h3>\n<p>El convertidor de divisas f\u00e1ciles de descargas digitales es una herramienta incre\u00edblemente robusta y eficiente que optimiza y simplifica de manera efectiva el intrincado proceso de vender con \u00e9xito productos digitales a una amplia gama de clientes en todo el mundo. A trav\u00e9s de la integraci\u00f3n perfecta de este complemento excepcional, las empresas pueden convertir sin esfuerzo y sin problemas los precios de sus productos en la moneda espec\u00edfica que corresponde con la ubicaci\u00f3n precisa de cada cliente individual, garantizando as\u00ed que se proporcionan constantemente con la m\u00e1s precisa y actualizada -Conos informaci\u00f3n de fijaci\u00f3n de precios disponible. Adem\u00e1s, este notable complemento cuenta con una amplia gama de caracter\u00edsticas, que incluye soporte completo para m\u00faltiples monedas y la provisi\u00f3n de tipos de cambio constantemente actualizados, que facilitan colectivamente la modificaci\u00f3n y la gesti\u00f3n instant\u00e1nea de las estructuras de precios en tiempo real. En consecuencia, es indiscutible que el convertidor de divisas f\u00e1ciles de descargas digitales no solo sea un activo invaluable, sino una necesidad absoluta para todas y cada una de las empresas que deseen expandir exponencialmente su base de consumidores y optimizar su generaci\u00f3n de ingresos dentro del mercado global en constante expansi\u00f3n.<\/p>\n<ul>\n<li>Un convertidor de divisas dise\u00f1ado espec\u00edficamente para descargas digitales f\u00e1ciles<\/li>\n<li>Actualizaciones autom\u00e1ticamente con los tipos de cambio diarios para garantizar conversiones precisas<\/li>\n<li>Admite m\u00e1s de 100 monedas<\/li>\n<li>Permite a los clientes ver los precios en su moneda local, aumentando su probabilidad de realizar una compra<\/li>\n<li>F\u00e1cil de instalar y personalizar para que coincida con la apariencia de su sitio web<\/li>\n<li>Se puede usar con cualquier pasarela de pago compatible con descargas digitales f\u00e1ciles<\/li>\n<li>Aumenta el alcance global y las posibles ventas al desglosar las barreras de divisas<\/li>\n<li>Compatible con todos los navegadores modernos y dispositivos m\u00f3viles<\/li>\n<li>Ofrece conversi\u00f3n r\u00e1pida y confiable, sin demoras ni errores<\/li>\n<li>Proporciona una experiencia de usuario perfecta para los clientes, lo que lleva a una mayor satisfacci\u00f3n del cliente y repetir negocios.<\/li>\n<\/ul>\n","protected":false},"excerpt":{"rendered":"<p>El convertidor de divisas f\u00e1cil de descargas digitales posee capacidades excepcionales, lo que permite la conversi\u00f3n sin esfuerzo de los precios en cualquier moneda deseada. Su integraci\u00f3n perfecta con su tienda f\u00e1cil de descargas digitales garantiza conversiones precisas y actuales para su apreciada clientela. Equipado con una interfaz de usuario instintiva y una variedad de caracter\u00edsticas personalizables, el convertidor de divisas sirve como un aumento impecable para cualquier emporio basado en la web que aspira a ampliar sus horizontes y mejorar la satisfacci\u00f3n del cliente.<\/p>\n","protected":false},"featured_media":165854,"comment_status":"open","ping_status":"open","template":"","meta":[],"product_brand":[2427],"product_cat":[1207,1248,1206],"product_tag":[1280],"class_list":{"0":"post-117976","1":"product","2":"type-product","3":"status-publish","4":"has-post-thumbnail","6":"product_brand-easy-digital-downloads","7":"product_cat-comercio-electronico-plugins","8":"product_cat-personalizacion-comercio-electronico-plugins","9":"product_cat-plugins","10":"product_tag-easy-digital-downloads","11":"member-discount","12":"discount-restricted","14":"first","15":"instock","16":"sale","17":"downloadable","18":"virtual","19":"sold-individually","20":"purchasable","21":"product-type-simple"},"_links":{"self":[{"href":"https:\/\/gpl-love.com\/es\/wp-json\/wp\/v2\/product\/117976","targetHints":{"allow":["GET"]}}],"collection":[{"href":"https:\/\/gpl-love.com\/es\/wp-json\/wp\/v2\/product"}],"about":[{"href":"https:\/\/gpl-love.com\/es\/wp-json\/wp\/v2\/types\/product"}],"replies":[{"embeddable":true,"href":"https:\/\/gpl-love.com\/es\/wp-json\/wp\/v2\/comments?post=117976"}],"wp:featuredmedia":[{"embeddable":true,"href":"https:\/\/gpl-love.com\/es\/wp-json\/wp\/v2\/media\/165854"}],"wp:attachment":[{"href":"https:\/\/gpl-love.com\/es\/wp-json\/wp\/v2\/media?parent=117976"}],"wp:term":[{"taxonomy":"product_brand","embeddable":true,"href":"https:\/\/gpl-love.com\/es\/wp-json\/wp\/v2\/product_brand?post=117976"},{"taxonomy":"product_cat","embeddable":true,"href":"https:\/\/gpl-love.com\/es\/wp-json\/wp\/v2\/product_cat?post=117976"},{"taxonomy":"product_tag","embeddable":true,"href":"https:\/\/gpl-love.com\/es\/wp-json\/wp\/v2\/product_tag?post=117976"}],"curies":[{"name":"wp","href":"https:\/\/api.w.org\/{rel}","templated":true}]}}