{"id":117972,"date":"2021-02-09T00:00:00","date_gmt":"2021-02-09T05:00:00","guid":{"rendered":"https:\/\/gpl-love.com\/es\/producto\/easy-digital-downloads-compare-products\/"},"modified":"2026-03-09T07:28:51","modified_gmt":"2026-03-09T12:28:51","slug":"easy-digital-downloads-compare-products","status":"publish","type":"product","link":"https:\/\/gpl-love.com\/es\/producto\/easy-digital-downloads-compare-products\/","title":{"rendered":"Easy Digital Downloads Compare Products 1.1.3"},"content":{"rendered":"<h3>Easy Digital Downloads Compare Products Caracteristicas<\/h3>\n<p>Easy Digital Downloads Compare Products es una soluci\u00f3n integral que satisface las necesidades de las empresas en l\u00ednea que buscan analizar y contrastar a fondo los productos, lo que les permite tomar decisiones bien informadas. Este notable complemento sin esfuerzo permite a los clientes realizar comparaciones de lado a lado de m\u00faltiples productos, lo que les permite seleccionar el producto \u00f3ptimo que se alinea con sus requisitos espec\u00edficos. En virtud de su interfaz intuitivamente dise\u00f1ada, los clientes pueden comparar sin esfuerzo aspectos cruciales como caracter\u00edsticas, precios y calificaciones, fomentando as\u00ed un entorno propicio para aumentar las ventas y la satisfacci\u00f3n general del cliente. Adem\u00e1s, este complemento cuenta con una gran cantidad de opciones personalizables, lo que permite a las empresas adaptar su herramienta de comparaci\u00f3n para satisfacer sus necesidades \u00fanicas. Estas opciones incluyen la capacidad de integrar sin problemas un bot\u00f3n de comparaci\u00f3n en las p\u00e1ginas de productos, la libertad de personalizar la tabla de comparaci\u00f3n y la flexibilidad para determinar qu\u00e9 atributos del producto se mostrar\u00e1n. En resumen, las descargas digitales f\u00e1ciles comparan los productos surgen como un activo excepcional, capaz de enriquecer la experiencia del cliente y elevar efectivamente el rendimiento de ventas para cualquier negocio en l\u00ednea.<\/p>\n<ul>\n<li>Easy Digital Descargas Compare Products es un poderoso complemento para sitios web de WordPress que permite la comparaci\u00f3n entre productos.<\/li>\n<li>Con este complemento, los clientes pueden comparar f\u00e1cilmente productos en su sitio web y tomar decisiones de compra informadas.<\/li>\n<li>Easy Digital Descargas Compare Products es totalmente personalizable, lo que le permite adaptarlo a las necesidades y marcas espec\u00edficas de su sitio web.<\/li>\n<li>El complemento viene con una interfaz f\u00e1cil de usar, lo que facilita a los clientes navegar y utilizar.<\/li>\n<li>Los clientes pueden comparar las caracter\u00edsticas del producto, los precios, las calificaciones y m\u00e1s con este complemento.<\/li>\n<li>Las descargas digitales f\u00e1ciles comparan los productos es compatible con la mayor\u00eda de los temas y funciona sin problemas con descargas digitales f\u00e1ciles.<\/li>\n<li>Este complemento ayuda a aumentar las conversiones y la satisfacci\u00f3n del cliente de su sitio web al proporcionar una herramienta de comparaci\u00f3n intuitiva y conveniente.<\/li>\n<li>El complemento es actualizado y compatible regularmente por un equipo dedicado, asegurando su compatibilidad con las \u00faltimas actualizaciones y funciones de WordPress.<\/li>\n<\/ul>\n","protected":false},"excerpt":{"rendered":"<p>Experimente una experiencia de compra en l\u00ednea perfecta con nuestras descargas digitales f\u00e1ciles Compare el complemento de productos. Este complemento permite a los clientes comparar sin esfuerzo productos digitales sobre la base de diversas caracter\u00edsticas, calificaciones, precios y m\u00e1s. Est\u00e1 especialmente dise\u00f1ado para mejorar la experiencia del usuario, lo que permite a los compradores potenciales tomar decisiones informadas basadas en comparaciones detalladas. El complemento es altamente compatible y f\u00e1cil de integrar, transformando su tienda digital en una plataforma amigable con el cliente. Aumente sus ventas y la satisfacci\u00f3n del cliente con el complemento de productos f\u00e1ciles de comparaci\u00f3n de descargas digitales.<\/p>\n","protected":false},"featured_media":165848,"comment_status":"open","ping_status":"open","template":"","meta":[],"product_brand":[2427],"product_cat":[1207,1248,1206],"product_tag":[1280],"class_list":{"0":"post-117972","1":"product","2":"type-product","3":"status-publish","4":"has-post-thumbnail","6":"product_brand-easy-digital-downloads","7":"product_cat-comercio-electronico-plugins","8":"product_cat-personalizacion-comercio-electronico-plugins","9":"product_cat-plugins","10":"product_tag-easy-digital-downloads","11":"member-discount","12":"discount-restricted","14":"first","15":"instock","16":"sale","17":"downloadable","18":"virtual","19":"sold-individually","20":"purchasable","21":"product-type-simple"},"_links":{"self":[{"href":"https:\/\/gpl-love.com\/es\/wp-json\/wp\/v2\/product\/117972","targetHints":{"allow":["GET"]}}],"collection":[{"href":"https:\/\/gpl-love.com\/es\/wp-json\/wp\/v2\/product"}],"about":[{"href":"https:\/\/gpl-love.com\/es\/wp-json\/wp\/v2\/types\/product"}],"replies":[{"embeddable":true,"href":"https:\/\/gpl-love.com\/es\/wp-json\/wp\/v2\/comments?post=117972"}],"wp:featuredmedia":[{"embeddable":true,"href":"https:\/\/gpl-love.com\/es\/wp-json\/wp\/v2\/media\/165848"}],"wp:attachment":[{"href":"https:\/\/gpl-love.com\/es\/wp-json\/wp\/v2\/media?parent=117972"}],"wp:term":[{"taxonomy":"product_brand","embeddable":true,"href":"https:\/\/gpl-love.com\/es\/wp-json\/wp\/v2\/product_brand?post=117972"},{"taxonomy":"product_cat","embeddable":true,"href":"https:\/\/gpl-love.com\/es\/wp-json\/wp\/v2\/product_cat?post=117972"},{"taxonomy":"product_tag","embeddable":true,"href":"https:\/\/gpl-love.com\/es\/wp-json\/wp\/v2\/product_tag?post=117972"}],"curies":[{"name":"wp","href":"https:\/\/api.w.org\/{rel}","templated":true}]}}