{"id":117970,"date":"2025-11-06T00:00:00","date_gmt":"2025-11-06T05:00:00","guid":{"rendered":"https:\/\/gpl-love.com\/es\/?post_type=product&#038;p=117970"},"modified":"2026-03-09T07:28:49","modified_gmt":"2026-03-09T12:28:49","slug":"easy-digital-downloads-commissions","status":"publish","type":"product","link":"https:\/\/gpl-love.com\/es\/producto\/easy-digital-downloads-commissions\/","title":{"rendered":"Easy Digital Downloads Commissions 3.6.3"},"content":{"rendered":"<h3>Easy Digital Downloads Commissions Caracteristicas<\/h3>\n<p>Las comisiones f\u00e1ciles de descargas digitales, una herramienta incre\u00edblemente robusta y formidable, le otorga la notable capacidad de administrar y rastrear meticulosamente las comisiones de sus productos digitales de manera efectiva y eficiente. Con esta herramienta impresionante y de vanguardia a su disposici\u00f3n, puede establecer y personalizar las tasas de comisiones sin esfuerzo para sus estimados socios afiliados y monitorear y supervisar meticulosamente sus ganancias ganadas con tanto esfuerzo, con un nivel sin precedentes de un nivel dominio absoluto de dominio absoluto. sobre su programa de afiliados meticulosamente elaborado y meticulosamente curado. Adem\u00e1s, este complemento ingenioso e innovador se acompa\u00f1a de un sistema de informes integrado y sin problemas, que le brinda la oportunidad incomparable de analizar meticulosamente y meticulosamente analizar el rendimiento general y completo de su programa afiliado meticulosamente elaborado y meticulosamente curado, lo que le permite hacer que lo haga para que lo haga para obtener usted para obtener usted para obtener usted para obtener usted para obtener usted para obtener usted para obtener usted para que lo haga para que lo genere para hacer usted. decisiones astutas, sagaces y basadas en datos que tienen el potencial de revolucionar y magnificar el \u00e9xito y el triunfo de su empresa de productos digitales. En resumen, sin una duda e inequ\u00edvocamente, las comisiones f\u00e1ciles de descargas digitales es una herramienta indispensable, imperativa y absolutamente vital para cualquier empresa de productos digitales y de manera atenuada que aspira y se esfuerza por manejar y supervisar de manera eficaz y h\u00e1bil y h\u00e1bil. y programa de afiliados meticulosamente seleccionado con una eficiencia excepcional y una efectividad incomparable.<\/p>\n<ul>\n<li>Permite el seguimiento y la gesti\u00f3n de comisiones simples y f\u00e1ciles<\/li>\n<li>Relimina el proceso de pagar afiliados o socios<\/li>\n<li>Calcula las comisiones basadas en una variedad de reglas y configuraciones personalizables<\/li>\n<li>Proporciona informes detallados y an\u00e1lisis sobre la actividad de la comisi\u00f3n<\/li>\n<li>Se integra a la perfecci\u00f3n con descargas digitales f\u00e1ciles y otras plataformas de comercio electr\u00f3nico populares<\/li>\n<li>Proporciona una interfaz f\u00e1cil de usar tanto para administradores como para afiliados\/socios<\/li>\n<li>Ofrece soporte multiling\u00fce y multi-monedas para empresas internacionales<\/li>\n<li>Se puede personalizar y extender con una gama de complementos e integraciones.<\/li>\n<\/ul>\n","protected":false},"excerpt":{"rendered":"<p>Aumente su mercado en l\u00ednea con el complemento de comisiones f\u00e1ciles de descargas digitales. Esta poderosa herramienta le permite generar y rastrear f\u00e1cilmente las comisiones para los proveedores, ofreciendo una soluci\u00f3n perfecta para administrar y hacer crecer su negocio de productos digitales. Con este complemento, los proveedores pueden obtener comisiones sobre ventas, fomentando una comunidad altamente motivada y comprometida. Esta caracter\u00edstica avanzada tambi\u00e9n proporciona informes claros y detallados, asegurando que todas las transacciones sean transparentes. El complemento Easy Digital Downloads Commissions es un activo invaluable para cualquier mercado en l\u00ednea que busque expandir su base de proveedores y aumentar las ventas. Experimente la facilidad y eficiencia de administrar descargas digitales con este complemento innovador.<\/p>\n","protected":false},"featured_media":165847,"comment_status":"open","ping_status":"open","template":"","meta":[],"product_brand":[2427],"product_cat":[1207,1225,1206],"product_tag":[1280],"class_list":{"0":"post-117970","1":"product","2":"type-product","3":"status-publish","4":"has-post-thumbnail","6":"product_brand-easy-digital-downloads","7":"product_cat-comercio-electronico-plugins","8":"product_cat-marketing","9":"product_cat-plugins","10":"product_tag-easy-digital-downloads","11":"member-discount","12":"discount-restricted","14":"first","15":"instock","16":"sale","17":"downloadable","18":"virtual","19":"sold-individually","20":"purchasable","21":"product-type-simple"},"_links":{"self":[{"href":"https:\/\/gpl-love.com\/es\/wp-json\/wp\/v2\/product\/117970","targetHints":{"allow":["GET"]}}],"collection":[{"href":"https:\/\/gpl-love.com\/es\/wp-json\/wp\/v2\/product"}],"about":[{"href":"https:\/\/gpl-love.com\/es\/wp-json\/wp\/v2\/types\/product"}],"replies":[{"embeddable":true,"href":"https:\/\/gpl-love.com\/es\/wp-json\/wp\/v2\/comments?post=117970"}],"wp:featuredmedia":[{"embeddable":true,"href":"https:\/\/gpl-love.com\/es\/wp-json\/wp\/v2\/media\/165847"}],"wp:attachment":[{"href":"https:\/\/gpl-love.com\/es\/wp-json\/wp\/v2\/media?parent=117970"}],"wp:term":[{"taxonomy":"product_brand","embeddable":true,"href":"https:\/\/gpl-love.com\/es\/wp-json\/wp\/v2\/product_brand?post=117970"},{"taxonomy":"product_cat","embeddable":true,"href":"https:\/\/gpl-love.com\/es\/wp-json\/wp\/v2\/product_cat?post=117970"},{"taxonomy":"product_tag","embeddable":true,"href":"https:\/\/gpl-love.com\/es\/wp-json\/wp\/v2\/product_tag?post=117970"}],"curies":[{"name":"wp","href":"https:\/\/api.w.org\/{rel}","templated":true}]}}