{"id":117968,"date":"2021-10-14T00:00:00","date_gmt":"2021-10-14T05:00:00","guid":{"rendered":"https:\/\/gpl-love.com\/es\/?post_type=product&#038;p=117968"},"modified":"2026-03-09T07:28:48","modified_gmt":"2026-03-09T12:28:48","slug":"easy-digital-downloads-coinbase-payment-gateway","status":"publish","type":"product","link":"https:\/\/gpl-love.com\/es\/producto\/easy-digital-downloads-coinbase-payment-gateway\/","title":{"rendered":"Easy Digital Downloads Coinbase Payment Gateway 1.2.3"},"content":{"rendered":"<h3>Easy Digital Downloads Coinbase Payment Gateway Caracteristicas<\/h3>\n<p>La pasarela de pago de Coinbase de Digital Digital, una extensi\u00f3n de pasarela de pago altamente eficiente, est\u00e1 dise\u00f1ado con el objetivo principal de optimizar el proceso de pagos en l\u00ednea para productos digitales. Al incorporar esta pasarela de pago, a los clientes se les otorga la notable oportunidad de liquidar convenientemente los pagos de productos digitales que utilizan varias criptomonedas, a saber, Bitcoin, Ethereum y Litecoin. Una de las ventajas clave de esta pasarela de pago es su compatibilidad con la cuenta Coinbase, una famosa plataforma de intercambio de criptomonedas, que permite a los comerciantes recibir sin esfuerzo los pagos de los clientes. Adem\u00e1s, la pasarela de pago de Coinbase Digital descargas f\u00e1ciles cuenta con una interfaz f\u00e1cil de usar y un proceso de configuraci\u00f3n sencillo, lo que lo convierte en una soluci\u00f3n \u00f3ptima para los comerciantes que aspiran a proporcionar a sus clientes un m\u00e9todo sin esfuerzo para adquirir productos digitales.<\/p>\n<ul>\n<li>Acepte pagos de criptomonedas directamente en su tienda de descargas digitales f\u00e1ciles<\/li>\n<li>Admite Bitcoin, Bitcoin Cash, Ethereum y Litecoin<\/li>\n<li>Transacciones seguras y cifradas<\/li>\n<li>Tipos de cambio en tiempo real para montos de pago precisos<\/li>\n<li>Integraci\u00f3n f\u00e1cil con la cuenta comercial de Coinbase<\/li>\n<li>No hay tarifas de transacci\u00f3n de Coinbase, solo la tarifa est\u00e1ndar de transacci\u00f3n EDD<\/li>\n<li>Procesamiento de pagos m\u00e1s r\u00e1pido sin retrasos bancarios tradicionales<\/li>\n<li>Acceso a una nueva base de clientes que prioriza las transacciones de criptomonedas<\/li>\n<\/ul>\n","protected":false},"excerpt":{"rendered":"<p>Integre la funcionalidad de vanguardia de la criptomoneda en su negocio de comercio electr\u00f3nico con nuestra f\u00e1cil pasarela de pago de Coinbase Deckings Digital. Esta innovadora integraci\u00f3n permite que su sitio web acepte Bitcoin, Ethereum y otras criptomonedas populares a trav\u00e9s de Coinbase, una plataforma de moneda digital confiable y reconocida a nivel mundial. El proceso de transacci\u00f3n sin problemas y seguros no solo aumenta su alcance global, sino que tambi\u00e9n mejora la satisfacci\u00f3n del cliente al ofrecer diversas opciones de pago. Experimente los beneficios del fraude de pago reducido, las transacciones globales instant\u00e1neas y las tarifas de transacci\u00f3n m\u00e1s bajas. Invierta en el futuro del comercio electr\u00f3nico con nuestras descargas digitales f\u00e1ciles de pasarela Coinbase Payment.<\/p>\n","protected":false},"featured_media":165846,"comment_status":"open","ping_status":"open","template":"","meta":[],"product_brand":[2427],"product_cat":[1207,1426,1206],"product_tag":[1280],"class_list":{"0":"post-117968","1":"product","2":"type-product","3":"status-publish","4":"has-post-thumbnail","6":"product_brand-easy-digital-downloads","7":"product_cat-comercio-electronico-plugins","8":"product_cat-pago-comercio-electronico-plugins","9":"product_cat-plugins","10":"product_tag-easy-digital-downloads","11":"member-discount","12":"discount-restricted","14":"first","15":"instock","16":"sale","17":"downloadable","18":"virtual","19":"sold-individually","20":"purchasable","21":"product-type-simple"},"_links":{"self":[{"href":"https:\/\/gpl-love.com\/es\/wp-json\/wp\/v2\/product\/117968","targetHints":{"allow":["GET"]}}],"collection":[{"href":"https:\/\/gpl-love.com\/es\/wp-json\/wp\/v2\/product"}],"about":[{"href":"https:\/\/gpl-love.com\/es\/wp-json\/wp\/v2\/types\/product"}],"replies":[{"embeddable":true,"href":"https:\/\/gpl-love.com\/es\/wp-json\/wp\/v2\/comments?post=117968"}],"wp:featuredmedia":[{"embeddable":true,"href":"https:\/\/gpl-love.com\/es\/wp-json\/wp\/v2\/media\/165846"}],"wp:attachment":[{"href":"https:\/\/gpl-love.com\/es\/wp-json\/wp\/v2\/media?parent=117968"}],"wp:term":[{"taxonomy":"product_brand","embeddable":true,"href":"https:\/\/gpl-love.com\/es\/wp-json\/wp\/v2\/product_brand?post=117968"},{"taxonomy":"product_cat","embeddable":true,"href":"https:\/\/gpl-love.com\/es\/wp-json\/wp\/v2\/product_cat?post=117968"},{"taxonomy":"product_tag","embeddable":true,"href":"https:\/\/gpl-love.com\/es\/wp-json\/wp\/v2\/product_tag?post=117968"}],"curies":[{"name":"wp","href":"https:\/\/api.w.org\/{rel}","templated":true}]}}