{"id":117966,"date":"2021-10-14T00:00:00","date_gmt":"2021-10-14T05:00:00","guid":{"rendered":"https:\/\/gpl-love.com\/es\/?post_type=product&#038;p=117966"},"modified":"2026-03-09T07:28:42","modified_gmt":"2026-03-09T12:28:42","slug":"easy-digital-downloads-braintree","status":"publish","type":"product","link":"https:\/\/gpl-love.com\/es\/producto\/easy-digital-downloads-braintree\/","title":{"rendered":"Easy Digital Downloads Braintree 1.2.1"},"content":{"rendered":"<h3>Easy Digital Downloads Braintree Caracteristicas<\/h3>\n<p>Easy Digital Descargas Braintree es una pasarela de pago altamente eficiente que presenta una soluci\u00f3n sin complicaciones y f\u00e1cil de usar para los proveedores digitales que operan en la esfera en l\u00ednea. Esta notable puerta de entrada facilita la aceptaci\u00f3n de los pagos de una extensa gama de m\u00e9todos de pago, que abarca tarjetas de cr\u00e9dito, PayPal y Apple Pay. A medida espec\u00edficamente para el \u00e1mbito de las descargas digitales, esta pasarela de pago surge como una opci\u00f3n ejemplar para tiendas en l\u00ednea que se especializan en la provisi\u00f3n de bienes descargables. Al integrar Braintree en descargas digitales f\u00e1ciles, uno puede estar seguro del procesamiento seguro de pagos junto con una protecci\u00f3n de fraude sofisticada, asegurando as\u00ed una pasarela de pago confiable que es mutuamente beneficiosa tanto para los clientes como para los vendedores. Con su integraci\u00f3n perfecta, las empresas pueden establecer de inmediato sus tiendas en l\u00ednea y comenzar la aceptaci\u00f3n perfecta de los pagos con una facilidad y eficiencia incomparables.<\/p>\n<ul>\n<li>Integraci\u00f3n perfecta de descargas digitales f\u00e1ciles con Braintree Payment Gateway<\/li>\n<li>Transacciones en l\u00ednea seguras con el cumplimiento de los est\u00e1ndares de cumplimiento de PCI PCI<\/li>\n<li>Aceptaci\u00f3n de m\u00faltiples monedas y tarjetas de cr\u00e9dito principales<\/li>\n<li>Opciones de configuraci\u00f3n y personalizaci\u00f3n f\u00e1ciles<\/li>\n<li>Creaci\u00f3n autom\u00e1tica de la cuenta del cliente y notificaciones por correo electr\u00f3nico<\/li>\n<li>Soporte para pagos y suscripciones recurrentes<\/li>\n<li>Informes detallados del historial de transacciones e pagos<\/li>\n<li>Medidas robustas de protecci\u00f3n de fraude y gesti\u00f3n de devoluci\u00f3n de cargo<\/li>\n<li>Interfaz de usuario intuitiva para la facilidad de uso de los clientes<\/li>\n<li>Actualizaciones y mantenimiento regulares para la seguridad y la funcionalidad<\/li>\n<li>Recursos dedicados de atenci\u00f3n al cliente y documentaci\u00f3n disponibles.<\/li>\n<\/ul>\n","protected":false},"excerpt":{"rendered":"<p>Introducci\u00f3n de descargas digitales f\u00e1ciles Braintree: una herramienta confiable y eficiente dise\u00f1ada para revolucionar sus transacciones digitales. Esta herramienta est\u00e1 perfectamente integrada en su plataforma digital, lo que permite pagos en l\u00ednea simples, seguros y r\u00e1pidos. Con Braintree, puede disfrutar de una experiencia de pago sin problemas y administrar sus pagos de manera efectiva. Las caracter\u00edsticas clave de las descargas digitales f\u00e1ciles de Braintree incluyen protecci\u00f3n avanzada de fraude, admitir m\u00faltiples monedas y permitir pagos recurrentes. Ya sea que sea una peque\u00f1a empresa o una gran empresa, Braintree proporciona una soluci\u00f3n de pago robusta que puede satisfacer sus necesidades espec\u00edficas. \u00a1Experimente los beneficios de transacciones digitales seguras, r\u00e1pidas y f\u00e1ciles con descargas digitales f\u00e1ciles Braintree hoy!<\/p>\n","protected":false},"featured_media":165841,"comment_status":"open","ping_status":"open","template":"","meta":[],"product_brand":[2427],"product_cat":[1207,1426,1206],"product_tag":[1280],"class_list":{"0":"post-117966","1":"product","2":"type-product","3":"status-publish","4":"has-post-thumbnail","6":"product_brand-easy-digital-downloads","7":"product_cat-comercio-electronico-plugins","8":"product_cat-pago-comercio-electronico-plugins","9":"product_cat-plugins","10":"product_tag-easy-digital-downloads","11":"member-discount","12":"discount-restricted","14":"first","15":"instock","16":"sale","17":"downloadable","18":"virtual","19":"sold-individually","20":"purchasable","21":"product-type-simple"},"_links":{"self":[{"href":"https:\/\/gpl-love.com\/es\/wp-json\/wp\/v2\/product\/117966","targetHints":{"allow":["GET"]}}],"collection":[{"href":"https:\/\/gpl-love.com\/es\/wp-json\/wp\/v2\/product"}],"about":[{"href":"https:\/\/gpl-love.com\/es\/wp-json\/wp\/v2\/types\/product"}],"replies":[{"embeddable":true,"href":"https:\/\/gpl-love.com\/es\/wp-json\/wp\/v2\/comments?post=117966"}],"wp:featuredmedia":[{"embeddable":true,"href":"https:\/\/gpl-love.com\/es\/wp-json\/wp\/v2\/media\/165841"}],"wp:attachment":[{"href":"https:\/\/gpl-love.com\/es\/wp-json\/wp\/v2\/media?parent=117966"}],"wp:term":[{"taxonomy":"product_brand","embeddable":true,"href":"https:\/\/gpl-love.com\/es\/wp-json\/wp\/v2\/product_brand?post=117966"},{"taxonomy":"product_cat","embeddable":true,"href":"https:\/\/gpl-love.com\/es\/wp-json\/wp\/v2\/product_cat?post=117966"},{"taxonomy":"product_tag","embeddable":true,"href":"https:\/\/gpl-love.com\/es\/wp-json\/wp\/v2\/product_tag?post=117966"}],"curies":[{"name":"wp","href":"https:\/\/api.w.org\/{rel}","templated":true}]}}