{"id":117964,"date":"2021-12-08T00:00:00","date_gmt":"2021-12-08T05:00:00","guid":{"rendered":"https:\/\/gpl-love.com\/es\/?post_type=product&#038;p=117964"},"modified":"2026-03-09T07:28:41","modified_gmt":"2026-03-09T12:28:41","slug":"easy-digital-downloads-aweber","status":"publish","type":"product","link":"https:\/\/gpl-love.com\/es\/producto\/easy-digital-downloads-aweber\/","title":{"rendered":"Easy Digital Downloads AWeber 2.0.9"},"content":{"rendered":"<h3>Easy Digital Downloads AWeber Caracteristicas<\/h3>\n<p>Easy Digital Descargas Aweber es una soluci\u00f3n altamente efectiva y eficiente que ofrece una integraci\u00f3n perfecta entre su tienda f\u00e1cil de descargas digitales y la plataforma de marketing por correo electr\u00f3nico avanzado de Aweber. Este complemento excepcional le permite fusionar sin esfuerzo su tienda y esfuerzos de marketing por correo electr\u00f3nico, lo que le permite reunir sin esfuerzo la informaci\u00f3n vital del cliente y distribuir correos electr\u00f3nicos espec\u00edficos a sus valiosos suscriptores. Ya sea que su objetivo principal es expandir su lista de correo electr\u00f3nico, aumentar las ventas o optimizar sus procesos operativos, las descargas digitales f\u00e1ciles de Aweber es la soluci\u00f3n definitiva para usted. Su interfaz f\u00e1cil e intuitiva atiende a individuos de todos los niveles de habilidad, asegurando que cualquiera pueda utilizar su multitud de caracter\u00edsticas potentes a su m\u00e1ximo potencial. Por lo tanto, si est\u00e1 buscando sinceramente elevar sus esfuerzos de marketing por correo electr\u00f3nico a alturas sin precedentes, no busque m\u00e1s que las notables capacidades de descargas digitales f\u00e1ciles de Aweber.<\/p>\n<ul>\n<li>Integraci\u00f3n perfecta entre descargas digitales f\u00e1ciles y AWEBER<\/li>\n<li>Proceso de configuraci\u00f3n f\u00e1cil para conectar las dos plataformas<\/li>\n<li>Agregue autom\u00e1ticamente a los clientes que realizan una compra a trav\u00e9s de descargas digitales f\u00e1ciles a las listas de correo electr\u00f3nico de Aweber<\/li>\n<li>Capacidad para segmentar a los clientes en funci\u00f3n de su historial de compra y comportamiento<\/li>\n<li>Enviar correos electr\u00f3nicos dirigidos a los clientes en funci\u00f3n de sus interacciones con su tienda<\/li>\n<li>Rastree f\u00e1cilmente el \u00e9xito de las campa\u00f1as de correo electr\u00f3nico con las herramientas anal\u00edticas de Aweber<\/li>\n<li>Reduzca el esfuerzo manual y aumente la automatizaci\u00f3n para los esfuerzos de marketing por correo electr\u00f3nico<\/li>\n<li>Mejorar las relaciones con los clientes y generar ingresos con comunicaci\u00f3n personalizada.<\/li>\n<\/ul>\n","protected":false},"excerpt":{"rendered":"<p>Easy Digital Descargas Aweber es la mejor herramienta dise\u00f1ada para empresas en l\u00ednea. Esta poderosa herramienta integra sus descargas digitales con Aweber, un proveedor l\u00edder de servicios de marketing por correo electr\u00f3nico. Con descargas digitales f\u00e1ciles de Aweber, puede administrar f\u00e1cilmente sus productos digitales, aumentar sus ventas y conectarse de manera eficiente con sus clientes. Esta poderosa integraci\u00f3n le permite agregar autom\u00e1ticamente a sus clientes a sus listas de correo electr\u00f3nico, lo que le permite mantener un canal de comunicaci\u00f3n regular. Los beneficios clave de esta herramienta incluyen una integraci\u00f3n perfecta, una configuraci\u00f3n f\u00e1cil y una mayor participaci\u00f3n del cliente. Con descargas digitales f\u00e1ciles de Aweber, puede aprovechar el poder del marketing por correo electr\u00f3nico para hacer crecer su negocio en l\u00ednea.<\/p>\n","protected":false},"featured_media":165840,"comment_status":"open","ping_status":"open","template":"","meta":[],"product_brand":[2427],"product_cat":[1207,1225,1206],"product_tag":[1280],"class_list":{"0":"post-117964","1":"product","2":"type-product","3":"status-publish","4":"has-post-thumbnail","6":"product_brand-easy-digital-downloads","7":"product_cat-comercio-electronico-plugins","8":"product_cat-marketing","9":"product_cat-plugins","10":"product_tag-easy-digital-downloads","11":"member-discount","12":"discount-restricted","14":"first","15":"instock","16":"sale","17":"downloadable","18":"virtual","19":"sold-individually","20":"purchasable","21":"product-type-simple"},"_links":{"self":[{"href":"https:\/\/gpl-love.com\/es\/wp-json\/wp\/v2\/product\/117964","targetHints":{"allow":["GET"]}}],"collection":[{"href":"https:\/\/gpl-love.com\/es\/wp-json\/wp\/v2\/product"}],"about":[{"href":"https:\/\/gpl-love.com\/es\/wp-json\/wp\/v2\/types\/product"}],"replies":[{"embeddable":true,"href":"https:\/\/gpl-love.com\/es\/wp-json\/wp\/v2\/comments?post=117964"}],"wp:featuredmedia":[{"embeddable":true,"href":"https:\/\/gpl-love.com\/es\/wp-json\/wp\/v2\/media\/165840"}],"wp:attachment":[{"href":"https:\/\/gpl-love.com\/es\/wp-json\/wp\/v2\/media?parent=117964"}],"wp:term":[{"taxonomy":"product_brand","embeddable":true,"href":"https:\/\/gpl-love.com\/es\/wp-json\/wp\/v2\/product_brand?post=117964"},{"taxonomy":"product_cat","embeddable":true,"href":"https:\/\/gpl-love.com\/es\/wp-json\/wp\/v2\/product_cat?post=117964"},{"taxonomy":"product_tag","embeddable":true,"href":"https:\/\/gpl-love.com\/es\/wp-json\/wp\/v2\/product_tag?post=117964"}],"curies":[{"name":"wp","href":"https:\/\/api.w.org\/{rel}","templated":true}]}}