{"id":117962,"date":"2024-01-22T00:00:00","date_gmt":"2024-01-22T05:00:00","guid":{"rendered":"https:\/\/gpl-love.com\/es\/?post_type=product&#038;p=117962"},"modified":"2026-03-09T07:28:39","modified_gmt":"2026-03-09T12:28:39","slug":"easy-digital-downloads-amazon-s3","status":"publish","type":"product","link":"https:\/\/gpl-love.com\/es\/producto\/easy-digital-downloads-amazon-s3\/","title":{"rendered":"Easy Digital Downloads Amazon S3 2.4.1"},"content":{"rendered":"<h3>Easy Digital Downloads Amazon S3 Caracteristicas<\/h3>\n<p>Easy Digital Downloads Amazon S3 es un complemento muy robusto y eficiente que habilita sin esfuerzo la venta de productos digitales en su sitio web de WordPress. Integrando sin problemas con Amazon S3, este complemento garantiza la entrega y almacenamiento de sus productos digitales confiables y expeditos de sus productos digitales. Al emplear descargas digitales f\u00e1ciles de Amazon S3, puede obtener descargas digitales de forma segura a su estimada clientela, al tiempo que garantiza la accesibilidad perpetua y la protecci\u00f3n de sus archivos. Este complemento, caracterizado por su facilidad de uso, abarca una impresionante variedad de caracter\u00edsticas, como enlaces de descarga personalizables, entrega automatizada y capacidades integrales de informes. Independientemente de si sus ofertas digitales consisten en libros electr\u00f3nicos, software, m\u00fasica o cualquier otro producto digital, la soluci\u00f3n incomparable radica en adoptar descargas digitales f\u00e1ciles de Amazon S3 para su estimada tienda en l\u00ednea.<\/p>\n<ul>\n<li>Integraci\u00f3n perfecta entre descargas digitales f\u00e1ciles y Amazon S3<\/li>\n<li>Almacene y entregue productos digitales de forma segura a trav\u00e9s de los servidores altamente confiables de Amazon S3<\/li>\n<li>Control completo sobre qu\u00e9 archivos se almacenan en Amazon S3 y durante cu\u00e1nto tiempo<\/li>\n<li>Genere autom\u00e1ticamente URL privadas para cada producto digital, asegurando que solo los usuarios autorizados puedan acceder a ellas<\/li>\n<li>Ahorre los costos del servidor y los gastos de ancho de banda utilizando el modelo de precios escalables de Amazon S3<\/li>\n<li>Track Descargar actividad y generar informes a trav\u00e9s del sistema de an\u00e1lisis incorporado de Digital Descarga de F\u00e1cil Digital<\/li>\n<li>Proceso de configuraci\u00f3n f\u00e1cil con instrucciones paso a paso y documentaci\u00f3n de soporte disponible<\/li>\n<li>Acceso a una gran cantidad de integraciones de terceros a trav\u00e9s de descargas digitales f\u00e1ciles, incluidas las pasarelas de pago y las herramientas de marketing por correo electr\u00f3nico<\/li>\n<li>Actualizaciones y mantenimiento regulares para garantizar la compatibilidad y la seguridad.<\/li>\n<\/ul>\n","protected":false},"excerpt":{"rendered":"<p>Desbloquee el poder del almacenamiento en la nube con nuestras descargas digitales f\u00e1ciles de integraci\u00f3n de Amazon S3. Esta innovadora soluci\u00f3n vincula a la perfecci\u00f3n su tienda de descargas digitales f\u00e1ciles con su cuenta de Amazon S3, proporcionando una forma simple y segura de administrar y entregar sus productos digitales. Con el almacenamiento de nube confiable y escalable de Amazon S3, puede manejar sin esfuerzo cualquier volumen de descargas al tiempo que reduce la carga en su servidor web. Esta integraci\u00f3n no solo garantiza descargas r\u00e1pidas y sin problemas para sus clientes, sino que tambi\u00e9n ofrece una protecci\u00f3n robusta para sus archivos digitales contra el acceso no autorizado. Con una configuraci\u00f3n f\u00e1cil y sincronizaci\u00f3n autom\u00e1tica, la administraci\u00f3n de su tienda digital se convierte en muy sencillo. Experimente la conveniencia y la tranquilidad proporcionada por nuestras f\u00e1ciles descargas digitales de integraci\u00f3n de Amazon S3.<\/p>\n","protected":false},"featured_media":165839,"comment_status":"open","ping_status":"open","template":"","meta":[],"product_brand":[2427],"product_cat":[1208,1207,1206],"product_tag":[1280],"class_list":{"0":"post-117962","1":"product","2":"type-product","3":"status-publish","4":"has-post-thumbnail","6":"product_brand-easy-digital-downloads","7":"product_cat-administracion","8":"product_cat-comercio-electronico-plugins","9":"product_cat-plugins","10":"product_tag-easy-digital-downloads","11":"member-discount","12":"discount-restricted","14":"first","15":"instock","16":"sale","17":"downloadable","18":"virtual","19":"sold-individually","20":"purchasable","21":"product-type-simple"},"_links":{"self":[{"href":"https:\/\/gpl-love.com\/es\/wp-json\/wp\/v2\/product\/117962","targetHints":{"allow":["GET"]}}],"collection":[{"href":"https:\/\/gpl-love.com\/es\/wp-json\/wp\/v2\/product"}],"about":[{"href":"https:\/\/gpl-love.com\/es\/wp-json\/wp\/v2\/types\/product"}],"replies":[{"embeddable":true,"href":"https:\/\/gpl-love.com\/es\/wp-json\/wp\/v2\/comments?post=117962"}],"wp:featuredmedia":[{"embeddable":true,"href":"https:\/\/gpl-love.com\/es\/wp-json\/wp\/v2\/media\/165839"}],"wp:attachment":[{"href":"https:\/\/gpl-love.com\/es\/wp-json\/wp\/v2\/media?parent=117962"}],"wp:term":[{"taxonomy":"product_brand","embeddable":true,"href":"https:\/\/gpl-love.com\/es\/wp-json\/wp\/v2\/product_brand?post=117962"},{"taxonomy":"product_cat","embeddable":true,"href":"https:\/\/gpl-love.com\/es\/wp-json\/wp\/v2\/product_cat?post=117962"},{"taxonomy":"product_tag","embeddable":true,"href":"https:\/\/gpl-love.com\/es\/wp-json\/wp\/v2\/product_tag?post=117962"}],"curies":[{"name":"wp","href":"https:\/\/api.w.org\/{rel}","templated":true}]}}