{"id":117960,"date":"2022-01-14T00:00:00","date_gmt":"2022-01-14T05:00:00","guid":{"rendered":"https:\/\/gpl-love.com\/es\/?post_type=product&#038;p=117960"},"modified":"2026-03-09T07:28:37","modified_gmt":"2026-03-09T12:28:37","slug":"easy-digital-downloads-advanced-sequential-order-numbers","status":"publish","type":"product","link":"https:\/\/gpl-love.com\/es\/producto\/easy-digital-downloads-advanced-sequential-order-numbers\/","title":{"rendered":"Easy Digital Downloads Advanced Sequential Order Numbers 1.0.11"},"content":{"rendered":"<h3>Easy Digital Downloads Advanced Sequential Order Numbers Caracteristicas<\/h3>\n<p>El complemento de n\u00fameros de pedido secuencial avanzado de descargas digitales f\u00e1ciles sirve al prop\u00f3sito de facilitar a los propietarios de tiendas en l\u00ednea para mantener el seguimiento de pedidos a trav\u00e9s de la generaci\u00f3n de n\u00fameros de pedido secuencial. Con una interfaz de usuario intuitiva, este complemento est\u00e1 equipado con una gama de funcionalidades avanzadas, incluida la provisi\u00f3n de prefijos y sufijos personalizados, la capacidad de seleccionar el n\u00famero de inicio y la opci\u00f3n para variar el n\u00famero de d\u00edgitos. Adem\u00e1s, el complemento de n\u00fameros de pedido secuencial permite la personalizaci\u00f3n perfecta de los n\u00fameros de pedido, adaptado espec\u00edficamente para adaptarse a los requisitos distintivos de su negocio. Al implementar este complemento, puede monitorear y administrar sin esfuerzo sus pedidos, mejorando as\u00ed la eficiencia operativa general de su empresa de comercio electr\u00f3nico.<\/p>\n<ul>\n<li>Agrega numeraci\u00f3n de pedido secuencial avanzado a descargas digitales f\u00e1ciles<\/li>\n<li>Genera autom\u00e1ticamente n\u00fameros de pedido basados \u200b\u200ben prefijos y sufijos personalizables<\/li>\n<li>Permite un f\u00e1cil filtrado y clasificaci\u00f3n de pedidos por su n\u00famero de pedido<\/li>\n<li>Proporciona m\u00e1s flexibilidad en la numeraci\u00f3n del orden en comparaci\u00f3n con el sistema de numeraci\u00f3n predeterminado de EDD<\/li>\n<li>Ayuda a realizar un seguimiento del historial de pedidos y los datos de ventas m\u00e1s f\u00e1cilmente<\/li>\n<li>Mejora la organizaci\u00f3n y la eficiencia en la gesti\u00f3n de pedidos dentro de EDD<\/li>\n<li>Compatible con otras extensiones EDD y complementos para una soluci\u00f3n de comercio electr\u00f3nico totalmente integrada<\/li>\n<li>F\u00e1cil de instalar y configurar, con configuraciones y opciones intuitivas para personalizaci\u00f3n.<\/li>\n<\/ul>\n","protected":false},"excerpt":{"rendered":"<p>Alegre su tienda en l\u00ednea con descargas digitales f\u00e1ciles de pedido secuencial avanzado. Esta invaluable herramienta le permite organizar sus pedidos de manera secuencial, lo que le ayuda a mantener una tienda ordenada y profesional. Con su interfaz f\u00e1cil de usar, puede rastrear f\u00e1cilmente los pedidos, lo que es particularmente beneficioso para las empresas a gran escala. Adem\u00e1s, esta caracter\u00edstica elimina los n\u00fameros de pedido aleatorios, lo que facilita que tanto usted como sus clientes hicieran referencia a transacciones espec\u00edficas. Actualice su experiencia de comercio electr\u00f3nico con n\u00fameros de pedido secuenciales avanzados y disfrute de la simplicidad y la eficiencia que aporta a su negocio de descargas digitales.<\/p>\n","protected":false},"featured_media":165837,"comment_status":"open","ping_status":"open","template":"","meta":[],"product_brand":[2427],"product_cat":[1208,1207,1206],"product_tag":[1280],"class_list":{"0":"post-117960","1":"product","2":"type-product","3":"status-publish","4":"has-post-thumbnail","6":"product_brand-easy-digital-downloads","7":"product_cat-administracion","8":"product_cat-comercio-electronico-plugins","9":"product_cat-plugins","10":"product_tag-easy-digital-downloads","11":"member-discount","12":"discount-restricted","14":"first","15":"instock","16":"sale","17":"downloadable","18":"virtual","19":"sold-individually","20":"purchasable","21":"product-type-simple"},"_links":{"self":[{"href":"https:\/\/gpl-love.com\/es\/wp-json\/wp\/v2\/product\/117960","targetHints":{"allow":["GET"]}}],"collection":[{"href":"https:\/\/gpl-love.com\/es\/wp-json\/wp\/v2\/product"}],"about":[{"href":"https:\/\/gpl-love.com\/es\/wp-json\/wp\/v2\/types\/product"}],"replies":[{"embeddable":true,"href":"https:\/\/gpl-love.com\/es\/wp-json\/wp\/v2\/comments?post=117960"}],"wp:featuredmedia":[{"embeddable":true,"href":"https:\/\/gpl-love.com\/es\/wp-json\/wp\/v2\/media\/165837"}],"wp:attachment":[{"href":"https:\/\/gpl-love.com\/es\/wp-json\/wp\/v2\/media?parent=117960"}],"wp:term":[{"taxonomy":"product_brand","embeddable":true,"href":"https:\/\/gpl-love.com\/es\/wp-json\/wp\/v2\/product_brand?post=117960"},{"taxonomy":"product_cat","embeddable":true,"href":"https:\/\/gpl-love.com\/es\/wp-json\/wp\/v2\/product_cat?post=117960"},{"taxonomy":"product_tag","embeddable":true,"href":"https:\/\/gpl-love.com\/es\/wp-json\/wp\/v2\/product_tag?post=117960"}],"curies":[{"name":"wp","href":"https:\/\/api.w.org\/{rel}","templated":true}]}}