{"id":117907,"date":"2021-10-13T00:00:00","date_gmt":"2021-10-13T05:00:00","guid":{"rendered":"https:\/\/gpl-love.com\/es\/?post_type=product&#038;p=117907"},"modified":"2026-03-13T17:26:01","modified_gmt":"2026-03-13T22:26:01","slug":"mythemeshop-wp-real-estate-pro","status":"publish","type":"product","link":"https:\/\/gpl-love.com\/es\/producto\/mythemeshop-wp-real-estate-pro\/","title":{"rendered":"MyThemeShop WP Real Estate Pro 1.1.29"},"content":{"rendered":"<h3>MyThemeShop WP Real Estate Pro Caracteristicas<\/h3>\n<p>Mythemeshop WP Real Estate Pro es un complemento de WordPress incre\u00edblemente robusto que ha sido meticulosamente dise\u00f1ado para ayudar a los agentes y corredores inmobiliarios en la creaci\u00f3n de sitios web altamente profesionales y extremadamente eficientes. Con una gran cantidad de caracter\u00edsticas personalizables y receptivas, WP Real Estate Pro otorga a los usuarios acceso a una interfaz que es f\u00e1cil de usar y notablemente intuitiva, facilitando as\u00ed la gesti\u00f3n sin esfuerzo de propiedades, agentes y listados. Independientemente de si usted es un profesional experimentado en el \u00e1mbito de los bienes ra\u00edces o una persona que recientemente se ha embarcado en este emocionante viaje, WP Real Estate Pro est\u00e1 equipado con una variedad de caracter\u00edsticas avanzadas que son capaces de elevar su sitio web a alturas incomparables. Estas caracter\u00edsticas incluyen, entre otros, widgets personalizados, opciones de b\u00fasqueda avanzada y plantillas que se pueden personalizar de acuerdo con sus preferencias. Al emplear este complemento fenomenal, podr\u00e1 crear un sitio web que incorpore aut\u00e9nticamente la esencia de su marca al tiempo que atiende a las necesidades distintivas de sus clientes. Por lo tanto, si se encuentra en busca de un medio confiable y eficaz a trav\u00e9s del cual mostrar efectivamente sus listados de bienes ra\u00edces y administrar efectivamente su presencia en l\u00ednea, no busque m\u00e1s all\u00e1 de la incomparable Mythemeshop WP Real Estate Pro.<\/p>\n<ul>\n<li>Un tema de WordPress profesional y elegante dise\u00f1ado espec\u00edficamente para sitios web de bienes ra\u00edces.<\/li>\n<li>Cuenta con una p\u00e1gina de inicio personalizable con opciones para mostrar listados destacados, las \u00faltimas propiedades y una funci\u00f3n de b\u00fasqueda para visitantes.<\/li>\n<li>Incluye capacidades de mapa y ubicaci\u00f3n incorporadas, con la capacidad de mostrar propiedades en un mapa de Google para una f\u00e1cil navegaci\u00f3n.<\/li>\n<li>Viene con un formulario de contacto incorporado y un sistema de generaci\u00f3n de leads para capturar informaci\u00f3n potencial al cliente.<\/li>\n<li>Opciones de personalizaci\u00f3n f\u00e1ciles de usar y flexibles, incluidos esquemas de color personalizables, fuentes y opciones de dise\u00f1o.<\/li>\n<li>Admite m\u00faltiples idiomas, lo que lo hace ideal para sitios web internacionales de bienes ra\u00edces.<\/li>\n<li>Construido con SEO en mente, con c\u00f3digo optimizado y marcado de esquema de soporte para una mejor visibilidad del motor de b\u00fasqueda.<\/li>\n<li>Viene con actualizaciones gratuitas y soporte dedicado del equipo Mythemeshop.<\/li>\n<li>Compatible con todos los principales complementos de WordPress y disponibles en un dise\u00f1o receptivo para usuarios m\u00f3viles y de tabletas.<\/li>\n<li>Una compra \u00fanica sin tarifas recurrentes o costos ocultos, por lo que es una forma rentable de mejorar su sitio web de bienes ra\u00edces.<\/li>\n<\/ul>\n","protected":false},"excerpt":{"rendered":"<p>Mythemeshop WP Real Estate Pro es un tema de WordPress altamente vers\u00e1til y notablemente f\u00e1cil de usar que ha sido dise\u00f1ado exclusivamente con la industria de bienes ra\u00edces en mente. Con una interfaz intuitiva y una variedad de caracter\u00edsticas s\u00f3lidas, WP Real Estate Pro permite a los usuarios construir y administrar sin esfuerzo sus propios listados de propiedades, curar filtros de b\u00fasqueda de propiedades a medida y exhibir sus ofertas a trav\u00e9s de galer\u00edas de im\u00e1genes visualmente llamativas y presentaciones de videos cautivadores. Adem\u00e1s, este tema es totalmente receptivo y meticulosamente optimizado para la optimizaci\u00f3n de motores de b\u00fasqueda (SEO), lo que garantiza que su sitio web de bienes ra\u00edces exude la magnificencia y ofrecer\u00e1 un rendimiento \u00f3ptimo en todos los dispositivos. Ya sea que sea un agente o corredor de bienes ra\u00edces, o simplemente una persona que busca establecer un sitio web impresionante de la lista de propiedades, WP Real Estate Pro es sin duda la soluci\u00f3n Paramount adaptada a sus requisitos \u00fanicos.<\/p>\n","protected":false},"featured_media":166947,"comment_status":"open","ping_status":"open","template":"","meta":[],"product_brand":[2505],"product_cat":[1381,1237,1238],"product_tag":[1334],"class_list":{"0":"post-117907","1":"product","2":"type-product","3":"status-publish","4":"has-post-thumbnail","6":"product_brand-my-theme-shop","7":"product_cat-bienes-raices","8":"product_cat-temas","9":"product_cat-wordpress-temas","10":"product_tag-my-theme-shop","11":"member-discount","12":"discount-restricted","14":"first","15":"instock","16":"sale","17":"downloadable","18":"virtual","19":"sold-individually","20":"purchasable","21":"product-type-simple"},"_links":{"self":[{"href":"https:\/\/gpl-love.com\/es\/wp-json\/wp\/v2\/product\/117907","targetHints":{"allow":["GET"]}}],"collection":[{"href":"https:\/\/gpl-love.com\/es\/wp-json\/wp\/v2\/product"}],"about":[{"href":"https:\/\/gpl-love.com\/es\/wp-json\/wp\/v2\/types\/product"}],"replies":[{"embeddable":true,"href":"https:\/\/gpl-love.com\/es\/wp-json\/wp\/v2\/comments?post=117907"}],"wp:featuredmedia":[{"embeddable":true,"href":"https:\/\/gpl-love.com\/es\/wp-json\/wp\/v2\/media\/166947"}],"wp:attachment":[{"href":"https:\/\/gpl-love.com\/es\/wp-json\/wp\/v2\/media?parent=117907"}],"wp:term":[{"taxonomy":"product_brand","embeddable":true,"href":"https:\/\/gpl-love.com\/es\/wp-json\/wp\/v2\/product_brand?post=117907"},{"taxonomy":"product_cat","embeddable":true,"href":"https:\/\/gpl-love.com\/es\/wp-json\/wp\/v2\/product_cat?post=117907"},{"taxonomy":"product_tag","embeddable":true,"href":"https:\/\/gpl-love.com\/es\/wp-json\/wp\/v2\/product_tag?post=117907"}],"curies":[{"name":"wp","href":"https:\/\/api.w.org\/{rel}","templated":true}]}}