{"id":117823,"date":"2021-10-12T00:00:00","date_gmt":"2021-10-12T05:00:00","guid":{"rendered":"https:\/\/gpl-love.com\/es\/?post_type=product&#038;p=117823"},"modified":"2026-03-13T17:24:45","modified_gmt":"2026-03-13T22:24:45","slug":"mixxcazt-creative-multipurpose-woocommerce-theme","status":"publish","type":"product","link":"https:\/\/gpl-love.com\/es\/producto\/mixxcazt-creative-multipurpose-woocommerce-theme\/","title":{"rendered":"Mixxcazt Creative Multipurpose WooCommerce Theme 1.5.2"},"content":{"rendered":"<h3>Mixxcazt Creative Multipurpose WooCommerce Theme Caracteristicas<\/h3>\n<p>MixxCazt Creative MultipUrpose WooCommerce Temo es un tema de comercio electr\u00f3nico altamente vers\u00e1til e incre\u00edblemente lleno de funciones que satisface las necesidades y demandas de las empresas en l\u00ednea en varias industrias. Con un dise\u00f1o elegante y contempor\u00e1neo, este tema le permite mostrar sin esfuerzo su amplia gama de productos de una manera elegante y profesional. Con una multitud de la p\u00e1gina de inicio y los dise\u00f1os de la p\u00e1gina de productos a su disposici\u00f3n, tiene la libertad de personalizar y adaptar su tienda en l\u00ednea para alinearse perfectamente con sus requisitos espec\u00edficos. Adem\u00e1s, la integraci\u00f3n perfecta y perfecta con WooCommerce garantiza una gesti\u00f3n impecablemente suave y eficiente del inventario de su producto, as\u00ed como un proceso de compra sin esfuerzo para sus clientes. Adem\u00e1s de estas notables funcionalidades, MixXCAZT tambi\u00e9n ofrece una extensa gama de caracter\u00edsticas avanzadas, incluida una vista r\u00e1pida conveniente del producto, una funci\u00f3n de b\u00fasqueda AJAX eficiente, as\u00ed como widgets personalizables que se integran sin problemas con sus plataformas de redes sociales preferidas. Adem\u00e1s, tenga la seguridad de que con la impecable optimizaci\u00f3n de SEO de MixxCazt, su tienda en l\u00ednea se elevar\u00e1 sin esfuerzo a la parte superior de las clasificaciones de motores de b\u00fasqueda, asegurando la m\u00e1xima visibilidad y exposici\u00f3n a su p\u00fablico objetivo. En conclusi\u00f3n, MixxCazt emerge como la elecci\u00f3n definitiva para las personas que buscan establecer una tienda en l\u00ednea visualmente impresionante y altamente eficiente.<\/p>\n<ul>\n<li>Tema vers\u00e1til y multiprop\u00f3sito dise\u00f1ado para WooCommerce<\/li>\n<li>Perfecto para tiendas en l\u00ednea que venden varios productos y servicios<\/li>\n<li>Ofrece una amplia gama de opciones de personalizaci\u00f3n para un aspecto personalizado<\/li>\n<li>Incluye plantillas y dise\u00f1os preconstruidos para una f\u00e1cil configuraci\u00f3n<\/li>\n<li>Compatible con El Elementor Page Builder para un dise\u00f1o sin esfuerzo<\/li>\n<li>Dise\u00f1o para dispositivos m\u00f3viles y receptivos para una experiencia de usuario perfecta<\/li>\n<li>Optimizado para SEO para mejorar la clasificaci\u00f3n de su motor de b\u00fasqueda<\/li>\n<li>Integraci\u00f3n de redes sociales incorporadas para promocionar su marca<\/li>\n<li>F\u00e1cil de agregar y administrar productos con la funcionalidad de WooCommerce<\/li>\n<li>Actualizado regularmente para garantizar la compatibilidad con las \u00faltimas versiones de WordPress y WooCommerce.<\/li>\n<\/ul>\n","protected":false},"excerpt":{"rendered":"<p>MixxCazt Creative Multipurpose WooCommerce El tema ofrece una soluci\u00f3n integral y multifac\u00e9tica para las personas que buscan establecer una plataforma minorista en l\u00ednea est\u00e9ticamente cautivadora y operativamente eficiente. Este tema altamente adaptable abarca una gran cantidad de caracter\u00edsticas que incluyen dise\u00f1os personalizables, numerosos estilos de encabezado y pie de p\u00e1gina, as\u00ed como una herramienta personalizador incorporada. Independientemente de si se especializa en la comercializaci\u00f3n de ropa, electr\u00f3nica o descargas digitales, MixxCazt le permite presentar sus productos a trav\u00e9s de un dise\u00f1o elegante y contempor\u00e1neo. Adem\u00e1s, con una integraci\u00f3n perfecta con WooCommerce, se le otorga una autoridad completa sobre la configuraci\u00f3n y la administraci\u00f3n de su tienda virtual. Eleve su empresa a nuevas alturas aprovechando el potencial del tema de WooCommerce multiprop\u00f3sito creativo de mixxcazt.<\/p>\n","protected":false},"featured_media":166792,"comment_status":"open","ping_status":"open","template":"","meta":[],"product_brand":[2337],"product_cat":[1263,1397,1237],"product_tag":[1391],"class_list":{"0":"post-117823","1":"product","2":"type-product","3":"status-publish","4":"has-post-thumbnail","6":"product_brand-themeforest","7":"product_cat-comercio-electronico-temas","8":"product_cat-de-multiples-fines-comercio-electronico-temas","9":"product_cat-temas","10":"product_tag-themeforest","11":"member-discount","12":"discount-restricted","14":"first","15":"instock","16":"sale","17":"downloadable","18":"virtual","19":"sold-individually","20":"purchasable","21":"product-type-simple"},"_links":{"self":[{"href":"https:\/\/gpl-love.com\/es\/wp-json\/wp\/v2\/product\/117823","targetHints":{"allow":["GET"]}}],"collection":[{"href":"https:\/\/gpl-love.com\/es\/wp-json\/wp\/v2\/product"}],"about":[{"href":"https:\/\/gpl-love.com\/es\/wp-json\/wp\/v2\/types\/product"}],"replies":[{"embeddable":true,"href":"https:\/\/gpl-love.com\/es\/wp-json\/wp\/v2\/comments?post=117823"}],"wp:featuredmedia":[{"embeddable":true,"href":"https:\/\/gpl-love.com\/es\/wp-json\/wp\/v2\/media\/166792"}],"wp:attachment":[{"href":"https:\/\/gpl-love.com\/es\/wp-json\/wp\/v2\/media?parent=117823"}],"wp:term":[{"taxonomy":"product_brand","embeddable":true,"href":"https:\/\/gpl-love.com\/es\/wp-json\/wp\/v2\/product_brand?post=117823"},{"taxonomy":"product_cat","embeddable":true,"href":"https:\/\/gpl-love.com\/es\/wp-json\/wp\/v2\/product_cat?post=117823"},{"taxonomy":"product_tag","embeddable":true,"href":"https:\/\/gpl-love.com\/es\/wp-json\/wp\/v2\/product_tag?post=117823"}],"curies":[{"name":"wp","href":"https:\/\/api.w.org\/{rel}","templated":true}]}}