{"id":117821,"date":"2023-02-23T00:00:00","date_gmt":"2023-02-23T05:00:00","guid":{"rendered":"https:\/\/gpl-love.com\/es\/?post_type=product&#038;p=117821"},"modified":"2026-04-10T11:18:59","modified_gmt":"2026-04-10T16:18:59","slug":"newsprk-newspaper-wordpress-theme","status":"publish","type":"product","link":"https:\/\/gpl-love.com\/es\/producto\/newsprk-newspaper-wordpress-theme\/","title":{"rendered":"Newsprk Newspaper Theme 6.1.0"},"content":{"rendered":"<h3>Newsprk Newspaper Theme Caracteristicas<\/h3>\n<p>El tema del peri\u00f3dico Newsprk se presenta como una alternativa extraordinaria para las personas que buscan establecer un peri\u00f3dico en l\u00ednea profesional y visualmente atractivo. Equipado con una amplia gama de funcionalidades, como la provisi\u00f3n de ocho dise\u00f1os de p\u00e1gina de inicio distintos y numerosos estilos postales, este tema permite a los usuarios personalizar y adaptar su peri\u00f3dico a sus preferencias y requisitos espec\u00edficos. En particular, Newsprk es totalmente receptivo, garantizando una accesibilidad perfecta en una multitud de dispositivos. Adem\u00e1s, incorpora un mega men\u00fa conveniente, capacidades de intercambio de redes sociales y un panel de administraci\u00f3n intuitivamente navegable. En esencia, Newsprk surge como una selecci\u00f3n \u00f3ptima para aquellos que se esfuerzan por dise\u00f1ar un peri\u00f3dico en l\u00ednea contempor\u00e1neo y cautivador.<\/p>\n<ul>\n<li>Un tema moderno y elegante para sitios web basados \u200b\u200ben noticias<\/li>\n<li>Opciones de dise\u00f1o personalizables para un dise\u00f1o f\u00e1cil del sitio web<\/li>\n<li>Dise\u00f1o totalmente receptivo y amigable para m\u00f3viles para una experiencia de usuario \u00f3ptima<\/li>\n<li>Integraci\u00f3n incorporada con plataformas de redes sociales populares para un f\u00e1cil intercambio de contenidos<\/li>\n<li>Optimizado para SEO para mejorar la visibilidad del sitio web en los motores de b\u00fasqueda<\/li>\n<li>Incluye una variedad de formatos de publicaci\u00f3n para publicaciones vers\u00e1tiles de contenido<\/li>\n<li>Caracter\u00edsticas de gesti\u00f3n de anuncios para una f\u00e1cil monetizaci\u00f3n de su sitio web<\/li>\n<li>Compatible con complementos populares como WooCommerce y WPML<\/li>\n<li>Widgets y c\u00f3digos cortos personalizados para una funcionalidad adicional<\/li>\n<li>Documentaci\u00f3n extensa y soporte de usuarios para una f\u00e1cil resoluci\u00f3n de problemas<\/li>\n<\/ul>\n","protected":false},"excerpt":{"rendered":"<p>El notable y extremadamente encomiable tema de peri\u00f3dicos de Newsprk ofrece una soluci\u00f3n impecable e incomparable a todas aquellas personas que buscan ser sincera generar un peri\u00f3dico en l\u00ednea refinado y cautivador. Este tema extraordinariamente bien elaborado ha sido ingeniosamente dise\u00f1ado para exhibir sin problemas su contenido invaluable de una manera inmaculada y sofisticada, completa con impresionantes fuentes principales que cautivan la atenci\u00f3n del lector y los dise\u00f1os de art\u00edculos legibles sin esfuerzo. Adem\u00e1s, este tema excepcional le otorga el poder de personalizar sus esquemas de color, asegurando una integraci\u00f3n perfecta con su identidad de marca \u00fanica. Adem\u00e1s, abarca una mir\u00edada de caracter\u00edsticas extraordinarias, como la provisi\u00f3n de encabezados pegajosos y la incorporaci\u00f3n de la incorporaci\u00f3n de las plataformas de redes sociales, sirviendo as\u00ed como una necesidad absoluta para cualquier periodista o blogger m\u00e1s exigente que aspira a mostrar impecablemente su trabajo notable en el trabajo m\u00e1s elegante y m\u00e1s elegante y manera cautivadora concebible.<\/p>\n","protected":false},"featured_media":166983,"comment_status":"open","ping_status":"open","template":"","meta":[],"product_brand":[2337],"product_cat":[1245,1237,1238],"product_tag":[1391],"class_list":{"0":"post-117821","1":"product","2":"type-product","3":"status-publish","4":"has-post-thumbnail","6":"product_brand-themeforest","7":"product_cat-blog-revista","8":"product_cat-temas","9":"product_cat-wordpress-temas","10":"product_tag-themeforest","11":"member-discount","12":"discount-restricted","14":"first","15":"instock","16":"sale","17":"downloadable","18":"virtual","19":"sold-individually","20":"purchasable","21":"product-type-simple"},"_links":{"self":[{"href":"https:\/\/gpl-love.com\/es\/wp-json\/wp\/v2\/product\/117821","targetHints":{"allow":["GET"]}}],"collection":[{"href":"https:\/\/gpl-love.com\/es\/wp-json\/wp\/v2\/product"}],"about":[{"href":"https:\/\/gpl-love.com\/es\/wp-json\/wp\/v2\/types\/product"}],"replies":[{"embeddable":true,"href":"https:\/\/gpl-love.com\/es\/wp-json\/wp\/v2\/comments?post=117821"}],"wp:featuredmedia":[{"embeddable":true,"href":"https:\/\/gpl-love.com\/es\/wp-json\/wp\/v2\/media\/166983"}],"wp:attachment":[{"href":"https:\/\/gpl-love.com\/es\/wp-json\/wp\/v2\/media?parent=117821"}],"wp:term":[{"taxonomy":"product_brand","embeddable":true,"href":"https:\/\/gpl-love.com\/es\/wp-json\/wp\/v2\/product_brand?post=117821"},{"taxonomy":"product_cat","embeddable":true,"href":"https:\/\/gpl-love.com\/es\/wp-json\/wp\/v2\/product_cat?post=117821"},{"taxonomy":"product_tag","embeddable":true,"href":"https:\/\/gpl-love.com\/es\/wp-json\/wp\/v2\/product_tag?post=117821"}],"curies":[{"name":"wp","href":"https:\/\/api.w.org\/{rel}","templated":true}]}}