{"id":117819,"date":"2025-02-09T00:00:00","date_gmt":"2025-02-09T05:00:00","guid":{"rendered":"https:\/\/gpl-love.com\/es\/?post_type=product&#038;p=117819"},"modified":"2026-04-10T11:19:39","modified_gmt":"2026-04-10T16:19:39","slug":"ninja-forms-zapier","status":"publish","type":"product","link":"https:\/\/gpl-love.com\/es\/producto\/ninja-forms-zapier\/","title":{"rendered":"Ninja Forms Zapier 3.1.0"},"content":{"rendered":"<h3>Ninja Forms Zapier Caracteristicas<\/h3>\n<p>Ninja Forms Zapier, una herramienta altamente eficiente, ofrece la notable capacidad de automatizar sus formularios y optimizar sus flujos de trabajo. Al integrarse perfectamente con m\u00e1s de 2,000 aplicaciones, esta integraci\u00f3n le permite automatizar una amplia gama de tareas que incluyen, entre otros, enviar correos electr\u00f3nicos, actualizar hojas de c\u00e1lculo y generar nuevos clientes potenciales en sistemas de gesti\u00f3n de relaciones con el cliente (CRM). En consecuencia, esta caracter\u00edstica excepcional no solo le ahorra una cantidad significativa de tiempo, sino que tambi\u00e9n mejora su eficiencia general al eliminar la necesidad de ingresar datos manuales y garantizar la sincronizaci\u00f3n entre todas sus herramientas y sistemas esenciales. Independientemente de si opera como vendedor, vendedor o simplemente busca optimizar sus procesos comerciales, Ninja Forms Zapier personifica la soluci\u00f3n ideal para automatizar sus formularios e intensificar sus niveles de productividad.<\/p>\n<ul>\n<li>Integre perfectamente sus datos de formularios ninja con m\u00e1s de 2.000 aplicaciones y servicios diferentes<\/li>\n<li>Automatice su flujo de trabajo y reduzca la entrada de datos manuales con las potentes herramientas de automatizaci\u00f3n de Zapier<\/li>\n<li>Conecte formularios ninja a aplicaciones populares como Google Sheets, Salesforce y MailChimp con solo unos pocos clics<\/li>\n<li>Configurar disparadores y acciones para enviar datos de formularios ninja a otras aplicaciones, o viceversa<\/li>\n<li>Personalice sus automatizaciones en funci\u00f3n de criterios espec\u00edficos, como env\u00edos de formularios o valores de campo<\/li>\n<li>Monitorear y administrar todas sus integraciones desde una ubicaci\u00f3n central<\/li>\n<li>Obtenga alertas e ideas en tiempo real sobre sus flujos de trabajo automatizados con las funciones de informes detalladas de Zapier<\/li>\n<li>Disfrute de una sincronizaci\u00f3n r\u00e1pida y confiable que garantice que sus datos siempre est\u00e9n actualizados y precisos<\/li>\n<li>Acceda a la extensa base de conocimiento de Zapier y al equipo de atenci\u00f3n al cliente para obtener ayuda y orientaci\u00f3n en cada paso de su viaje de integraci\u00f3n.<\/li>\n<\/ul>\n","protected":false},"excerpt":{"rendered":"<p>\u00a1Puede establecer sin esfuerzo una conexi\u00f3n entre sus datos Ninja Forms y m\u00e1s de 1000 aplicaciones utilizando Zapier! Al integrar los formularios ninja con Zapier, tiene la capacidad de automatizar sus flujos de trabajo y agilizar el proceso de entrada de datos. Esto implica la configuraci\u00f3n de desencadenantes y acciones que faciliten la sincronizaci\u00f3n perfecta de sus env\u00edos de formularios con sus herramientas comerciales preferidas, incluidas, entre otros, plataformas de marketing por correo electr\u00f3nico, sistemas de gesti\u00f3n de proyectos y otros. D\u00e9jate despedir a la tediosa pr\u00e1ctica de ingresar datos manualmente y dar la bienvenida a un flujo de trabajo m\u00e1s eficiente y productivo con la ayuda de las formas ninja m\u00e1s bajistas de integraci\u00f3n.<\/p>\n","protected":false},"featured_media":167046,"comment_status":"open","ping_status":"open","template":"","meta":[],"product_brand":[2509],"product_cat":[1214,1206,1211],"product_tag":[1338],"class_list":{"0":"post-117819","1":"product","2":"type-product","3":"status-publish","4":"has-post-thumbnail","6":"product_brand-ninja-forms","7":"product_cat-personalizacion","8":"product_cat-plugins","9":"product_cat-wordpress-plugins","10":"product_tag-ninja-forms","11":"member-discount","12":"discount-restricted","14":"first","15":"instock","16":"sale","17":"downloadable","18":"virtual","19":"sold-individually","20":"purchasable","21":"product-type-simple"},"_links":{"self":[{"href":"https:\/\/gpl-love.com\/es\/wp-json\/wp\/v2\/product\/117819","targetHints":{"allow":["GET"]}}],"collection":[{"href":"https:\/\/gpl-love.com\/es\/wp-json\/wp\/v2\/product"}],"about":[{"href":"https:\/\/gpl-love.com\/es\/wp-json\/wp\/v2\/types\/product"}],"replies":[{"embeddable":true,"href":"https:\/\/gpl-love.com\/es\/wp-json\/wp\/v2\/comments?post=117819"}],"wp:featuredmedia":[{"embeddable":true,"href":"https:\/\/gpl-love.com\/es\/wp-json\/wp\/v2\/media\/167046"}],"wp:attachment":[{"href":"https:\/\/gpl-love.com\/es\/wp-json\/wp\/v2\/media?parent=117819"}],"wp:term":[{"taxonomy":"product_brand","embeddable":true,"href":"https:\/\/gpl-love.com\/es\/wp-json\/wp\/v2\/product_brand?post=117819"},{"taxonomy":"product_cat","embeddable":true,"href":"https:\/\/gpl-love.com\/es\/wp-json\/wp\/v2\/product_cat?post=117819"},{"taxonomy":"product_tag","embeddable":true,"href":"https:\/\/gpl-love.com\/es\/wp-json\/wp\/v2\/product_tag?post=117819"}],"curies":[{"name":"wp","href":"https:\/\/api.w.org\/{rel}","templated":true}]}}