{"id":117817,"date":"2025-07-13T00:00:00","date_gmt":"2025-07-13T05:00:00","guid":{"rendered":"https:\/\/gpl-love.com\/es\/producto\/gravityview-social-sharing-y-seo\/"},"modified":"2026-03-09T07:41:30","modified_gmt":"2026-03-09T12:41:30","slug":"gravityview-social-sharing-y-seo","status":"publish","type":"product","link":"https:\/\/gpl-love.com\/es\/producto\/gravityview-social-sharing-y-seo\/","title":{"rendered":"Gravity View Social Sharing y SEO 3.3.2"},"content":{"rendered":"<h3>Gravity View Social Sharing y SEO Caracteristicas<\/h3>\n<p>Gravity View Social Sharing and SEO ofrece una soluci\u00f3n robusta y efectiva para los propietarios de sitios web con el objetivo de aumentar su visibilidad y compromiso en l\u00ednea. Al integrarse perfectamente con destacadas plataformas de redes sociales, incluidas Facebook, Twitter y LinkedIn, esta notable herramienta faculta a los usuarios para difundir sin esfuerzo el contenido de su sitio web, ampliando as\u00ed su alcance y atrayendo a un p\u00fablico m\u00e1s amplio. Adem\u00e1s, Gravity View Social Sharing y SEO optimiza diligentemente el contenido del sitio web para alinearse con los algoritmos de los motores de b\u00fasqueda, facilitando el descubrimiento f\u00e1cil y garantizando una clasificaci\u00f3n m\u00e1s alta en los resultados de b\u00fasqueda. Con una interfaz f\u00e1cil e intuitiva e intuitiva, este producto atiende a individuos de todos los niveles de habilidad, lo que lo convierte en un activo esencial para cualquier persona que aspire a enriquecer su presencia digital.<\/p>\n<ul>\n<li>Impulsa la presencia de las redes sociales del sitio web al permitir un intercambio f\u00e1cil de contenido en varias plataformas<\/li>\n<li>Se integra con sitios de redes sociales populares como Facebook, Twitter y LinkedIn<\/li>\n<li>Proporciona botones de intercambio personalizables para cada plataforma de redes sociales<\/li>\n<li>Aumenta la optimizaci\u00f3n de motores de b\u00fasqueda del sitio web (SEO) agregando metaetics y optimizando el contenido para una mejor clasificaci\u00f3n<\/li>\n<li>Proporciona an\u00e1lisis detallados sobre la actividad del intercambio social y el rendimiento de SEO para ayudar a refinar las estrategias de marketing<\/li>\n<li>F\u00e1cil de instalar y usar sin codificaci\u00f3n requerida<\/li>\n<li>Compatible con WordPress y otras plataformas CMS populares<\/li>\n<\/ul>\n","protected":false},"excerpt":{"rendered":"<p>Gravity View Social Sharing and SEO es una herramienta incre\u00edblemente robusta que proporciona a los propietarios de sitios web los medios para mejorar la clasificaci\u00f3n de los motores de b\u00fasqueda de su sitio web y reforzar su visibilidad en las plataformas de redes sociales. Esta notable herramienta cuenta con una interfaz f\u00e1cil de usar que facilita el intercambio sin problemas de p\u00e1ginas de sitios web en canales de redes sociales populares como Facebook, Twitter y LinkedIn. Adem\u00e1s, ofrece una amplia gama de funcionalidades de SEO avanzadas que permiten a los usuarios optimizar el contenido de su sitio web, asegurando as\u00ed una mejor clasificaci\u00f3n de motores de b\u00fasqueda. Al aprovechar el poder del intercambio social de la gravedad y el SEO, los propietarios de sitios web pueden elevar efectivamente su presencia en l\u00ednea, impulsar una afluencia sustancial de tr\u00e1fico a su sitio web y fomentar un mayor compromiso entre su marca y su p\u00fablico objetivo.<\/p>\n","protected":false},"featured_media":166383,"comment_status":"open","ping_status":"open","template":"","meta":[],"product_brand":[2472],"product_cat":[1232,1206,1211],"product_tag":[1304],"class_list":{"0":"post-117817","1":"product","2":"type-product","3":"status-publish","4":"has-post-thumbnail","6":"product_brand-gravityview","7":"product_cat-marketing-wordpress-plugins","8":"product_cat-plugins","9":"product_cat-wordpress-plugins","10":"product_tag-gravityview","11":"member-discount","12":"discount-restricted","14":"first","15":"instock","16":"sale","17":"downloadable","18":"virtual","19":"sold-individually","20":"purchasable","21":"product-type-simple"},"_links":{"self":[{"href":"https:\/\/gpl-love.com\/es\/wp-json\/wp\/v2\/product\/117817","targetHints":{"allow":["GET"]}}],"collection":[{"href":"https:\/\/gpl-love.com\/es\/wp-json\/wp\/v2\/product"}],"about":[{"href":"https:\/\/gpl-love.com\/es\/wp-json\/wp\/v2\/types\/product"}],"replies":[{"embeddable":true,"href":"https:\/\/gpl-love.com\/es\/wp-json\/wp\/v2\/comments?post=117817"}],"wp:featuredmedia":[{"embeddable":true,"href":"https:\/\/gpl-love.com\/es\/wp-json\/wp\/v2\/media\/166383"}],"wp:attachment":[{"href":"https:\/\/gpl-love.com\/es\/wp-json\/wp\/v2\/media?parent=117817"}],"wp:term":[{"taxonomy":"product_brand","embeddable":true,"href":"https:\/\/gpl-love.com\/es\/wp-json\/wp\/v2\/product_brand?post=117817"},{"taxonomy":"product_cat","embeddable":true,"href":"https:\/\/gpl-love.com\/es\/wp-json\/wp\/v2\/product_cat?post=117817"},{"taxonomy":"product_tag","embeddable":true,"href":"https:\/\/gpl-love.com\/es\/wp-json\/wp\/v2\/product_tag?post=117817"}],"curies":[{"name":"wp","href":"https:\/\/api.w.org\/{rel}","templated":true}]}}